{"id":1076150,"date":"2026-01-22T13:56:19","date_gmt":"2026-01-22T12:56:19","guid":{"rendered":"https:\/\/www.claret.cat\/llibre\/el-hombre-que-podia-hacer-milagros-9791387927028\/"},"modified":"2026-01-22T17:16:12","modified_gmt":"2026-01-22T16:16:12","slug":"el-hombre-que-podia-hacer-milagros-9791387927028","status":"publish","type":"product","link":"https:\/\/www.claret.cat\/es\/libro\/el-hombre-que-podia-hacer-milagros-9791387927028\/","title":{"rendered":"EL HOMBRE QUE POD\u00cdA HACER MILAGROS"},"content":{"rendered":"<p>George McWhirter Fotheringay, un tipo corriente sin ambiciones ni imaginaci\u00f3n, descubre de pronto que, con solo desearlo, puede hacer milagros. Sin embargo, en lugar de cambiar el mundo, se conforma con realizar peque\u00f1os prodigios insignificantes&#8230; hasta que un d\u00eda, en un arrebato de ira, manda a un polic\u00eda, literalmente, al infierno. Presa del p\u00e1nico, Fotheringay recurre al padre Maydig, quien se muestra entusiasmado con este poder. Juntos se proponen mejorar la sociedad, pero su torpeza acaba provocando una cat\u00e1strofe de proporciones b\u00edblicas (t\u00e9ngase en cuenta la advertencia: \u00a1el lector morir\u00e1 en la p\u00e1gina 61!). Solo, en un mundo devastado por sus propios milagros, Fotheringay tendr\u00e1 que afrontar entonces las consecuencias de su incre\u00edble don.<\/p>\n<p> Del escritor ingl\u00e9s H. G. Wells (1866-1946), sucesor y gran rival de Julio Verne (1828-1905), son m\u00e1s conocidas sus novelas de anticipaci\u00f3n \u2014&#8221;La m\u00e1quina del tiempo&#8221;, &#8221;La guerra de los mundos&#8221;, &#8221;La isla del Dr. Moreau&#8221;, &#8221;El hombre invisible&#8221;\u2014 que sus cuentos. Este c\u00f3mic, escrito y dibujado por Jos\u00e9 Luis Munuera, es la adaptaci\u00f3n de uno de esos relatos de Wells, titulado \u201cEl hombre que pod\u00eda hacer milagros\u201d, que fue publicado por primera vez en julio de 1898 en la revista brit\u00e1nica &#8221;The Illustrated London News&#8221;. <br \/> Perteneciente tanto al g\u00e9nero del cuento filos\u00f3fico como al de la fantas\u00eda, &#8221;El hombre que pod\u00eda hacer milagros&#8221; deja un amplio margen a la imaginaci\u00f3n y a la interpretaci\u00f3n de los lectores. Revisitado por Munuera y sin dejar de lado el humor, este relato del tipo corriente que descubre que tiene el incre\u00edble poder de hacer realidad cualquier deseo, pero que quiz\u00e1 ni siquiera eso sea la soluci\u00f3n a todos los problemas ni la llave de la felicidad, puede leerse como una profec\u00eda sobre las consecuencias de la tendencia a la autodestrucci\u00f3n de una humanidad empe\u00f1ada en demostrar su poder, incluso a riesgo de hacer desaparecer todo signo de vida de la faz de la Tierra.<\/p>\n<p> Este c\u00f3mic es el nuevo dentro de una serie de t\u00edtulos en los que Jos\u00e9 Luis Munuera adapta grandes cl\u00e1sicos de la literatura como &#8221;Bartleby, el escribiente&#8221; (Astiberri, 2021), a partir del texto de Herman Melville; &#8221;Cuento de Navidad. Una historia de fantasmas&#8221; (Astiberri, 2022), a partir del texto de Charles Dickens; y &#8221;Peter Pan de Kensington&#8221; (Astiberri, 2024), basado en &#8221;El pajarito blanco&#8221;, de J. M. Barrie, a los que Munuera a\u00f1ade su particular punto de vista, su lectura personal y su grafismo semirrealista y sensible.<\/p>\n","protected":false},"excerpt":{"rendered":"<p>MUNUERA, JOS\u00c9 LUIS<\/p>\n","protected":false},"featured_media":1076332,"template":"","meta":{"_acf_changed":false,"om_disable_all_campaigns":false,"rs_blank_template":"","rs_page_bg_color":"","slide_template_v7":"","inline_featured_image":false,"_monsterinsights_skip_tracking":false,"_monsterinsights_sitenote_active":false,"_monsterinsights_sitenote_note":"","_monsterinsights_sitenote_category":0},"product_brand":[],"product_cat":[108,558],"product_tag":[],"class_list":{"0":"post-1076150","1":"product","2":"type-product","3":"status-publish","4":"has-post-thumbnail","6":"product_cat-comic","7":"product_cat-comic-3_infantil-juvenil-spa-spa","9":"first","10":"instock","11":"taxable","12":"shipping-taxable","13":"purchasable","14":"product-type-simple"},"acf":{"autor":"MUNUERA, JOS\u00c9 LUIS","codart":"138792702","libros-coleccion":"","ediciones":"1","encuadernacion":"Carton\u00e9","fecha_de_publicacion":"01\/01\/2026","novedad":"1","paginas":"72","subtitulo":"","orden":"0","portada":"0","idioma":"spa","booktrailer":"","resenas":"","editorial":[{"ID":6130,"post_author":"3","post_date":"2022-07-28 17:45:32","post_date_gmt":"2022-07-28 15:45:32","post_content":"","post_title":"ASTIBERRI EDICIONES","post_excerpt":"","post_status":"publish","comment_status":"closed","ping_status":"closed","post_password":"","post_name":"astiberri-ediciones","to_ping":"","pinged":"","post_modified":"2022-07-28 17:45:32","post_modified_gmt":"2022-07-28 15:45:32","post_content_filtered":"","post_parent":0,"guid":"http:\/\/dev.claret.cat\/editorial\/astiberri-ediciones\/","menu_order":0,"post_type":"editorial","post_mime_type":"","comment_count":"0","filter":"raw"}]},"aioseo_notices":[],"_links":{"self":[{"href":"https:\/\/www.claret.cat\/es\/wp-json\/wp\/v2\/product\/1076150","targetHints":{"allow":["GET"]}}],"collection":[{"href":"https:\/\/www.claret.cat\/es\/wp-json\/wp\/v2\/product"}],"about":[{"href":"https:\/\/www.claret.cat\/es\/wp-json\/wp\/v2\/types\/product"}],"wp:featuredmedia":[{"embeddable":true,"href":"https:\/\/www.claret.cat\/es\/wp-json\/wp\/v2\/media\/1076332"}],"wp:attachment":[{"href":"https:\/\/www.claret.cat\/es\/wp-json\/wp\/v2\/media?parent=1076150"}],"wp:term":[{"taxonomy":"product_brand","embeddable":true,"href":"https:\/\/www.claret.cat\/es\/wp-json\/wp\/v2\/product_brand?post=1076150"},{"taxonomy":"product_cat","embeddable":true,"href":"https:\/\/www.claret.cat\/es\/wp-json\/wp\/v2\/product_cat?post=1076150"},{"taxonomy":"product_tag","embeddable":true,"href":"https:\/\/www.claret.cat\/es\/wp-json\/wp\/v2\/product_tag?post=1076150"}],"curies":[{"name":"wp","href":"https:\/\/api.w.org\/{rel}","templated":true}]}}