{"id":1076176,"date":"2026-01-22T14:02:47","date_gmt":"2026-01-22T13:02:47","guid":{"rendered":"https:\/\/www.claret.cat\/llibre\/ciencia-y-religion-el-matrimonio-entre-el-alma-y-los-sentidos-9788472454101\/"},"modified":"2026-01-22T16:42:00","modified_gmt":"2026-01-22T15:42:00","slug":"ciencia-y-religion-el-matrimonio-entre-el-alma-y-los-sentidos-9788472454101","status":"publish","type":"product","link":"https:\/\/www.claret.cat\/es\/libro\/ciencia-y-religion-el-matrimonio-entre-el-alma-y-los-sentidos-9788472454101\/","title":{"rendered":"CIENCIA Y RELIGION. EL MATRIMONIO ENTRE EL ALMA Y LOS SENTIDOS"},"content":{"rendered":"<p>El objetivo de este extraordinario libro es nada m\u00e1s y nada menos que el de una reconciliaci\u00f3n inteligente y no trivial entre el dominio de la ciencia y el dominio de la religi\u00f3n, divorciados y enfrentados desde hace ya varios siglos. Wilber repasa los distintos intentos de reconciliaci\u00f3n rom\u00e1nticos, idealistas y postmodernos, para ofrecer finalmente su propio punto de vista que casa la sabidur\u00eda perenne con una visi\u00f3n cient\u00edfica abierta y compatible.<\/p>\n","protected":false},"excerpt":{"rendered":"<p>WILBER, KEN<\/p>\n","protected":false},"featured_media":1076309,"template":"","meta":{"_acf_changed":false,"om_disable_all_campaigns":false,"rs_blank_template":"","rs_page_bg_color":"","slide_template_v7":"","inline_featured_image":false,"_monsterinsights_skip_tracking":false,"_monsterinsights_sitenote_active":false,"_monsterinsights_sitenote_note":"","_monsterinsights_sitenote_category":0},"product_brand":[],"product_cat":[485,232],"product_tag":[],"class_list":{"0":"post-1076176","1":"product","2":"type-product","3":"status-publish","4":"has-post-thumbnail","6":"product_cat-autores-espiritualidad-1_espiritualidad","7":"product_cat-autors-espiritualitat","9":"first","10":"instock","11":"taxable","12":"shipping-taxable","13":"purchasable","14":"product-type-simple"},"acf":{"autor":"WILBER, KEN","codart":"847245410","libros-coleccion":"FORA DE COL.LECCI\u00d3","ediciones":"1","encuadernacion":"R\u00fastica","fecha_de_publicacion":"01\/11\/1998","novedad":"0","paginas":"280","subtitulo":"","orden":"999","portada":"0","idioma":"spa","booktrailer":"","resenas":"","editorial":[{"ID":262209,"post_author":"3","post_date":"2022-10-24 11:21:22","post_date_gmt":"2022-10-24 09:21:22","post_content":"","post_title":"KAIROS, S.A.","post_excerpt":"","post_status":"publish","comment_status":"closed","ping_status":"closed","post_password":"","post_name":"kairos-s-a","to_ping":"","pinged":"","post_modified":"2022-10-24 11:21:22","post_modified_gmt":"2022-10-24 09:21:22","post_content_filtered":"","post_parent":0,"guid":"http:\/\/dev.claret.cat\/editorial\/kairos-s-a\/","menu_order":0,"post_type":"editorial","post_mime_type":"","comment_count":"0","filter":"raw"}],"autores-libros":[{"ID":403223,"post_author":"3","post_date":"2023-02-27 07:23:15","post_date_gmt":"2023-02-27 06:23:15","post_content":"","post_title":"KEN WILBER","post_excerpt":"","post_status":"publish","comment_status":"closed","ping_status":"closed","post_password":"","post_name":"ken-wilber","to_ping":"","pinged":"","post_modified":"2023-02-27 07:23:15","post_modified_gmt":"2023-02-27 06:23:15","post_content_filtered":"","post_parent":0,"guid":"https:\/\/www.claret.cat\/autor\/ken-wilber\/","menu_order":0,"post_type":"autor","post_mime_type":"","comment_count":"0","filter":"raw"}]},"aioseo_notices":[],"_links":{"self":[{"href":"https:\/\/www.claret.cat\/es\/wp-json\/wp\/v2\/product\/1076176","targetHints":{"allow":["GET"]}}],"collection":[{"href":"https:\/\/www.claret.cat\/es\/wp-json\/wp\/v2\/product"}],"about":[{"href":"https:\/\/www.claret.cat\/es\/wp-json\/wp\/v2\/types\/product"}],"wp:featuredmedia":[{"embeddable":true,"href":"https:\/\/www.claret.cat\/es\/wp-json\/wp\/v2\/media\/1076309"}],"wp:attachment":[{"href":"https:\/\/www.claret.cat\/es\/wp-json\/wp\/v2\/media?parent=1076176"}],"wp:term":[{"taxonomy":"product_brand","embeddable":true,"href":"https:\/\/www.claret.cat\/es\/wp-json\/wp\/v2\/product_brand?post=1076176"},{"taxonomy":"product_cat","embeddable":true,"href":"https:\/\/www.claret.cat\/es\/wp-json\/wp\/v2\/product_cat?post=1076176"},{"taxonomy":"product_tag","embeddable":true,"href":"https:\/\/www.claret.cat\/es\/wp-json\/wp\/v2\/product_tag?post=1076176"}],"curies":[{"name":"wp","href":"https:\/\/api.w.org\/{rel}","templated":true}]}}