{"id":1076179,"date":"2026-01-22T14:03:03","date_gmt":"2026-01-22T13:03:03","guid":{"rendered":"https:\/\/www.claret.cat\/llibre\/el-regreso-de-los-exiliados-9788410178878\/"},"modified":"2026-01-23T13:15:28","modified_gmt":"2026-01-23T12:15:28","slug":"el-regreso-de-los-exiliados-9788410178878","status":"publish","type":"product","link":"https:\/\/www.claret.cat\/es\/libro\/el-regreso-de-los-exiliados-9788410178878\/","title":{"rendered":"EL REGRESO DE LOS EXILIADOS"},"content":{"rendered":"<p><strong>El descubrimiento internacional de una gran obra in\u00e9dita<\/strong>. Ambientada en la decadente Viena de posguerra, <strong>una obra sobre la culpa, el desarraigo y la identidad<\/strong><\/p>\n<p> A principios de los a\u00f1os cincuenta, <strong>Viena<\/strong>, <strong>una ciudad en ruinas tras la segunda guerra mundial<\/strong>, se ha convertido en un lugar extra\u00f1o en cuyas calles se cruzan <strong>personas que buscan recomponer los fragmentos de una vida destrozada<\/strong> por la guerra con otras que no han salido tan mal paradas. A esta ciudad que se levanta penosamente de sus cenizas comienzan tambi\u00e9n a regresar los exiliados, como <strong>Kuno Adler<\/strong>, un cient\u00edfico jud\u00edo; el oportunista <strong>Theophil Kanakis; Marie-Theres<\/strong>, una melanc\u00f3lica adolescente, o <strong>Nina<\/strong> y <strong>Lorenzo Grein,<\/strong> dos hermanos arist\u00f3cratas arruinados. Con una sensibilidad y precisi\u00f3n exquisitas, <strong>De Waal construye una v\u00edvida historia de posguerra<\/strong>, y retrata una Viena degradada por la violencia que intenta recobrar su identidad. Fascinante y tr\u00e1gica, <em>El regreso de los exiliados<\/em> es un artefacto que captura un momento de la historia de manera tan n\u00edtida y atemporal como una fotograf\u00eda.<\/p>\n<p> <strong>El hallazgo del manuscrito de esta novela y su publicaci\u00f3n en 2013, treinta y dos a\u00f1os despu\u00e9s del fallecimiento<\/strong> <strong>de su autora<\/strong>, supuso una restituci\u00f3n necesaria: la de una voz literaria destinada a ocupar un lugar propio en la memoria de la posguerra europea, que hoy podemos disfrutar por primera vez en espa\u00f1ol.<\/p>\n<p> \u00abDe Waal ha creado un retrato inusual, evocador y totalmente memorable. Esperemos que esta novela encuentre ahora el p\u00fablico que se merece.\u00bb <strong>Erika Dreifus<\/strong> (<strong>The Washington Post<\/strong>)<\/p>\n<p> \u00abUna novela de gran vivacidad y enorme ternura, que en el fondo retrata lo que supone regresar del exilio. En sus p\u00e1ginas vemos reflejada a una escritora francamente ambiciosa y a una mujer de un coraje formidable.\u00bb <strong>Edmund de Waal<\/strong><\/p>\n<p> \u00abUn excelente an\u00e1lisis sobre la p\u00e9rdida, una maravillosa instant\u00e1nea de una ciudad y una sociedad destruidas y en una encrucijada.\u00bb <strong>The Guardian<\/strong><\/p>\n<p><strong> <\/strong>\u00ab<em>El regreso de los exiliados<\/em> es a la vez una rareza y el legado agridulce de una escritora con talento que fusiona los placeres narrativos de la ficci\u00f3n con una veros\u00edmil instant\u00e1nea hist\u00f3rica.\u00bb <strong>The Chicago Tribune<\/strong><\/p>\n","protected":false},"excerpt":{"rendered":"<p>ELISABETH DE WAAL<\/p>\n","protected":false},"featured_media":1076652,"template":"","meta":{"_acf_changed":false,"om_disable_all_campaigns":false,"rs_blank_template":"","rs_page_bg_color":"","slide_template_v7":"","inline_featured_image":false,"_monsterinsights_skip_tracking":false,"_monsterinsights_sitenote_active":false,"_monsterinsights_sitenote_note":"","_monsterinsights_sitenote_category":0},"product_brand":[],"product_cat":[127,357],"product_tag":[],"class_list":{"0":"post-1076179","1":"product","2":"type-product","3":"status-publish","4":"has-post-thumbnail","6":"product_cat-novella-contemporania","7":"product_cat-novela-contemporanea","9":"first","10":"instock","11":"taxable","12":"shipping-taxable","13":"purchasable","14":"product-type-simple"},"acf":{"autor":"ELISABETH DE WAAL","codart":"841017887","libros-coleccion":"","ediciones":"1","encuadernacion":"R\u00fastica","fecha_de_publicacion":"01\/01\/2026","novedad":"1","paginas":"0","subtitulo":"","orden":"0","portada":"0","idioma":"spa","booktrailer":"","resenas":"","editorial":[{"ID":6288,"post_author":"3","post_date":"2022-07-28 17:48:58","post_date_gmt":"2022-07-28 15:48:58","post_content":"","post_title":"LIBROS DEL ASTEROIDE","post_excerpt":"","post_status":"publish","comment_status":"closed","ping_status":"closed","post_password":"","post_name":"libros-del-asteroide","to_ping":"","pinged":"","post_modified":"2022-07-28 17:48:58","post_modified_gmt":"2022-07-28 15:48:58","post_content_filtered":"","post_parent":0,"guid":"http:\/\/dev.claret.cat\/editorial\/libros-del-asteroide\/","menu_order":0,"post_type":"editorial","post_mime_type":"","comment_count":"0","filter":"raw"}]},"aioseo_notices":[],"_links":{"self":[{"href":"https:\/\/www.claret.cat\/es\/wp-json\/wp\/v2\/product\/1076179","targetHints":{"allow":["GET"]}}],"collection":[{"href":"https:\/\/www.claret.cat\/es\/wp-json\/wp\/v2\/product"}],"about":[{"href":"https:\/\/www.claret.cat\/es\/wp-json\/wp\/v2\/types\/product"}],"wp:featuredmedia":[{"embeddable":true,"href":"https:\/\/www.claret.cat\/es\/wp-json\/wp\/v2\/media\/1076652"}],"wp:attachment":[{"href":"https:\/\/www.claret.cat\/es\/wp-json\/wp\/v2\/media?parent=1076179"}],"wp:term":[{"taxonomy":"product_brand","embeddable":true,"href":"https:\/\/www.claret.cat\/es\/wp-json\/wp\/v2\/product_brand?post=1076179"},{"taxonomy":"product_cat","embeddable":true,"href":"https:\/\/www.claret.cat\/es\/wp-json\/wp\/v2\/product_cat?post=1076179"},{"taxonomy":"product_tag","embeddable":true,"href":"https:\/\/www.claret.cat\/es\/wp-json\/wp\/v2\/product_tag?post=1076179"}],"curies":[{"name":"wp","href":"https:\/\/api.w.org\/{rel}","templated":true}]}}