{"id":1076277,"date":"2026-01-22T16:20:41","date_gmt":"2026-01-22T15:20:41","guid":{"rendered":"https:\/\/www.claret.cat\/llibre\/caminos-para-contemplar-y-encontrar-lo-sagrado-budismo-tibetano-y-espiritualidad-carmelitana-9791388067075\/"},"modified":"2026-01-22T16:32:00","modified_gmt":"2026-01-22T15:32:00","slug":"caminos-para-contemplar-y-encontrar-lo-sagrado-budismo-tibetano-y-espiritualidad-carmelitana-9791388067075","status":"publish","type":"product","link":"https:\/\/www.claret.cat\/es\/libro\/caminos-para-contemplar-y-encontrar-lo-sagrado-budismo-tibetano-y-espiritualidad-carmelitana-9791388067075\/","title":{"rendered":"CAMINOS PARA CONTEMPLAR Y ENCONTRAR LO SAGRADO : BUDISMO TIBETANO Y ESPIRITUALIDAD CARMELITANA"},"content":{"rendered":"<p>Caminos para contemplar y encontrar lo Sagrado Budismo tibetano y espiritualidad carmelitana Paths to Contemplate and Encounter the Sacred Tibetan Buddhism and Carmelite Spirituality<\/p>\n<p>Si bien el budismo y el cristianismo comparten principios morales funda\u00admen\u00adtales centrados en la bondad, la compasi\u00f3n y el altruismo, as\u00ed como ciertos conceptos filos\u00f3ficos que pueden parecer convergentes, como el trika\u00af ya y la Trinidad, es esencial reconocer sus diferencias de fondo. El esfuerzo por discernir y apreciar estas variaciones en el pensamiento religioso adquiere una importancia primordial, pues fomenta una comprensi\u00f3n reflexiva y significativa del vasto espectro de espiritualidades presentes en nuestro mundo. [\u2026]<\/p>\n<p>Las intuiciones contemplativas constituyen una faceta esencial del patrimonio espiritual de la humanidad, al condensar la sabidur\u00eda colectiva acumulada a lo largo de generaciones y ofrecer perspectivas singulares y decisivas sobre las cuestiones fundamentales que rodean el prop\u00f3sito y el sentido de nuestra existencia transitoria y ef\u00edmera en este mundo.<\/p>\n","protected":false},"excerpt":{"rendered":"<p>NAWOJOWSKI, JERZY<\/p>\n","protected":false},"featured_media":1076299,"template":"","meta":{"_acf_changed":false,"om_disable_all_campaigns":false,"rs_blank_template":"","rs_page_bg_color":"","slide_template_v7":"","inline_featured_image":false,"_monsterinsights_skip_tracking":false,"_monsterinsights_sitenote_active":false,"_monsterinsights_sitenote_note":"","_monsterinsights_sitenote_category":0},"product_brand":[],"product_cat":[242,492],"product_tag":[],"class_list":{"0":"post-1076277","1":"product","2":"type-product","3":"status-publish","4":"has-post-thumbnail","6":"product_cat-carmelitana","7":"product_cat-carmelitana-espiritualidad-1_espiritualidad","9":"first","10":"instock","11":"taxable","12":"shipping-taxable","13":"purchasable","14":"product-type-simple"},"acf":{"autor":"NAWOJOWSKI, JERZY","codart":"138806707","libros-coleccion":"","ediciones":"1","encuadernacion":"R\u00fastica","fecha_de_publicacion":"22\/01\/2026","novedad":"1","paginas":"500","subtitulo":"PATH TO CONTEMPLATE AND ENCOUNTER THE SACRED : TIBETAN BUDDHISM AND CARMELITE SPIRITUALITY ","orden":"0","portada":"1","idioma":"spa","booktrailer":"","resenas":"","editorial":[{"ID":6309,"post_author":"3","post_date":"2022-07-28 17:49:25","post_date_gmt":"2022-07-28 15:49:25","post_content":"","post_title":"Monte Carmelo","post_excerpt":"","post_status":"publish","comment_status":"closed","ping_status":"closed","post_password":"","post_name":"monte-carmelo","to_ping":"","pinged":"","post_modified":"2022-07-28 17:49:25","post_modified_gmt":"2022-07-28 15:49:25","post_content_filtered":"","post_parent":0,"guid":"http:\/\/dev.claret.cat\/editorial\/monte-carmelo\/","menu_order":0,"post_type":"editorial","post_mime_type":"","comment_count":"0","filter":"raw"}]},"aioseo_notices":[],"_links":{"self":[{"href":"https:\/\/www.claret.cat\/es\/wp-json\/wp\/v2\/product\/1076277","targetHints":{"allow":["GET"]}}],"collection":[{"href":"https:\/\/www.claret.cat\/es\/wp-json\/wp\/v2\/product"}],"about":[{"href":"https:\/\/www.claret.cat\/es\/wp-json\/wp\/v2\/types\/product"}],"wp:featuredmedia":[{"embeddable":true,"href":"https:\/\/www.claret.cat\/es\/wp-json\/wp\/v2\/media\/1076299"}],"wp:attachment":[{"href":"https:\/\/www.claret.cat\/es\/wp-json\/wp\/v2\/media?parent=1076277"}],"wp:term":[{"taxonomy":"product_brand","embeddable":true,"href":"https:\/\/www.claret.cat\/es\/wp-json\/wp\/v2\/product_brand?post=1076277"},{"taxonomy":"product_cat","embeddable":true,"href":"https:\/\/www.claret.cat\/es\/wp-json\/wp\/v2\/product_cat?post=1076277"},{"taxonomy":"product_tag","embeddable":true,"href":"https:\/\/www.claret.cat\/es\/wp-json\/wp\/v2\/product_tag?post=1076277"}],"curies":[{"name":"wp","href":"https:\/\/api.w.org\/{rel}","templated":true}]}}