{"id":1076350,"date":"2026-01-22T17:26:33","date_gmt":"2026-01-22T16:26:33","guid":{"rendered":"https:\/\/www.claret.cat\/llibre\/una-caro-una-sola-carne-elogio-de-la-monogamia-9788428574969\/"},"modified":"2026-01-23T11:10:28","modified_gmt":"2026-01-23T10:10:28","slug":"una-caro-una-sola-carne-elogio-de-la-monogamia-9788428574969","status":"publish","type":"product","link":"https:\/\/www.claret.cat\/es\/libro\/una-caro-una-sola-carne-elogio-de-la-monogamia-9788428574969\/","title":{"rendered":"UNA CARO. UNA SOLA CARNE .ELOGIO DE LA MONOGAMIA"},"content":{"rendered":"<p><strong>Nota doctrinal sobre el valor del matrimonio como uni\u00f3n exclusiva y pertenencia rec\u00edproca<\/strong><\/p>\n<p><\/p>\n<p><strong>En el LX aniversario de los Decretos conciliares Optatam totius y Presbyterorum ordinis<\/strong>, con esta <strong>Carta apost\u00f3lica<\/strong>, el <strong>papa Le\u00f3n XIV<\/strong> pretende revitalizar la identidad y la funci\u00f3n del ministerio ordenado y medita acerca de su fidelidad en el servicio, la misi\u00f3n, <strong>la fraternidad,<\/strong> <strong>la sinodalidad<\/strong> y <strong>el futuro<\/strong>. Los presb\u00edteros est\u00e1n llamados a una fidelidad que genera futuro, a un trayecto din\u00e1mico de conversi\u00f3n que integra la madurez humana y espiritual para <strong>responder a retos moderno<\/strong>s como la soledad, el eficientismo y la crisis de confianza. A trav\u00e9s de una agradecida mirada, el Papa invita a los presb\u00edteros a redescubrir su identidad como <strong>\u00abdisc\u00edpulos misioneros\u00bb,<\/strong> form\u00e1ndose permanentemente para ser puentes de encuentro y <strong>caminar hacia una Iglesia sinodal,<\/strong> en la que promuevan la fraternidad y la comuni\u00f3n en colaboraci\u00f3n con los laicos y los di\u00e1conos. <strong>Esta Carta es una llamada a la esperanza y al compromiso<\/strong> <strong>vocacional<\/strong> que quiere servir con sobriedad, humildad y alegr\u00eda a <strong>una humanidad necesitada de consuelo<\/strong>. <\/p>\n<p><\/p>\n","protected":false},"excerpt":{"rendered":"<p>DICASTERIO PARA LA DOCTRINA DE LA FE<\/p>\n","protected":false},"featured_media":1076546,"template":"","meta":{"_acf_changed":false,"om_disable_all_campaigns":false,"rs_blank_template":"","rs_page_bg_color":"","slide_template_v7":"","inline_featured_image":false,"_monsterinsights_skip_tracking":false,"_monsterinsights_sitenote_active":false,"_monsterinsights_sitenote_note":"","_monsterinsights_sitenote_category":0},"product_brand":[],"product_cat":[275,413,516,290],"product_tag":[],"class_list":{"0":"post-1076350","1":"product","2":"type-product","3":"status-publish","4":"has-post-thumbnail","6":"product_cat-fonamental","7":"product_cat-fundamental","8":"product_cat-moral-de-la-persona-sexualidad","9":"product_cat-moral-de-la-persona-sexualitat","11":"first","12":"instock","13":"taxable","14":"shipping-taxable","15":"purchasable","16":"product-type-simple"},"acf":{"autor":"DICASTERIO PARA LA DOCTRINA DE LA FE","codart":"842857496","libros-coleccion":"SAN PABLO - ENCICLICAS-DOCUMENTOS","ediciones":"1","encuadernacion":"R\u00fastica","fecha_de_publicacion":"21\/01\/2026","novedad":"1","paginas":"168","subtitulo":"ELOGIO DE LA MONOGAMIA ","orden":"0","portada":"1","idioma":"spa","booktrailer":"","resenas":"","editorial":[{"ID":6356,"post_author":"3","post_date":"2022-07-28 17:50:26","post_date_gmt":"2022-07-28 15:50:26","post_content":"","post_title":"SAN PABLO COMUNICACI\u00d3N","post_excerpt":"","post_status":"publish","comment_status":"closed","ping_status":"closed","post_password":"","post_name":"san-pablo-comunicacion","to_ping":"","pinged":"","post_modified":"2022-07-28 17:50:26","post_modified_gmt":"2022-07-28 15:50:26","post_content_filtered":"","post_parent":0,"guid":"http:\/\/dev.claret.cat\/editorial\/san-pablo-comunicacion\/","menu_order":0,"post_type":"editorial","post_mime_type":"","comment_count":"0","filter":"raw"}]},"aioseo_notices":[],"_links":{"self":[{"href":"https:\/\/www.claret.cat\/es\/wp-json\/wp\/v2\/product\/1076350","targetHints":{"allow":["GET"]}}],"collection":[{"href":"https:\/\/www.claret.cat\/es\/wp-json\/wp\/v2\/product"}],"about":[{"href":"https:\/\/www.claret.cat\/es\/wp-json\/wp\/v2\/types\/product"}],"wp:featuredmedia":[{"embeddable":true,"href":"https:\/\/www.claret.cat\/es\/wp-json\/wp\/v2\/media\/1076546"}],"wp:attachment":[{"href":"https:\/\/www.claret.cat\/es\/wp-json\/wp\/v2\/media?parent=1076350"}],"wp:term":[{"taxonomy":"product_brand","embeddable":true,"href":"https:\/\/www.claret.cat\/es\/wp-json\/wp\/v2\/product_brand?post=1076350"},{"taxonomy":"product_cat","embeddable":true,"href":"https:\/\/www.claret.cat\/es\/wp-json\/wp\/v2\/product_cat?post=1076350"},{"taxonomy":"product_tag","embeddable":true,"href":"https:\/\/www.claret.cat\/es\/wp-json\/wp\/v2\/product_tag?post=1076350"}],"curies":[{"name":"wp","href":"https:\/\/api.w.org\/{rel}","templated":true}]}}