{"id":1076486,"date":"2026-01-23T10:20:41","date_gmt":"2026-01-23T09:20:41","guid":{"rendered":"https:\/\/www.claret.cat\/llibre\/subida-del-monte-carmelo-9788428530590\/"},"modified":"2026-01-23T10:21:11","modified_gmt":"2026-01-23T09:21:11","slug":"subida-del-monte-carmelo-9788428530590","status":"publish","type":"product","link":"https:\/\/www.claret.cat\/es\/libro\/subida-del-monte-carmelo-9788428530590\/","title":{"rendered":"SUBIDA DEL MONTE CARMELO"},"content":{"rendered":"<p>Subida del Monte Carmelo es una de las obras m\u00e1s importantes de Juan de la Cruz, que combina verso y prosa para expresar la uni\u00f3n m\u00edstica del alma con Dios. La ascensi\u00f3n al Monte Carmelo equivale al camino que ha de recorrer el alma para alcanzar el alto estado de la perfecci\u00f3n, lo que denomina uni\u00f3n del alma con Dios. Los poemas iniciales y el esquema original del monte dibujado por el santo, sintetizan la doctrina que posteriormente desarrolla en el libro.<\/p>\n","protected":false},"excerpt":{"rendered":"<p>DE LA CRUZ, JUAN<\/p>\n","protected":false},"featured_media":1076487,"template":"","meta":{"_acf_changed":false,"om_disable_all_campaigns":false,"rs_blank_template":"","rs_page_bg_color":"","slide_template_v7":"","inline_featured_image":false,"_monsterinsights_skip_tracking":false,"_monsterinsights_sitenote_active":false,"_monsterinsights_sitenote_note":"","_monsterinsights_sitenote_category":0},"product_brand":[],"product_cat":[492,242,486,233],"product_tag":[],"class_list":{"0":"post-1076486","1":"product","2":"type-product","3":"status-publish","4":"has-post-thumbnail","6":"product_cat-carmelitana-espiritualidad-1_espiritualidad","7":"product_cat-carmelitana","8":"product_cat-mistica-espiritualidad-1_espiritualidad","9":"product_cat-mistica","11":"first","12":"instock","13":"taxable","14":"shipping-taxable","15":"purchasable","16":"product-type-simple"},"acf":{"autor":"DE LA CRUZ, JUAN","codart":"842853059","libros-coleccion":"Biblioteca Cl\u00e1sicos Cristianos","ediciones":"1","encuadernacion":"R\u00fastica","fecha_de_publicacion":"20\/03\/2007","novedad":"0","paginas":"456","subtitulo":"","orden":"999","portada":"0","idioma":"spa","booktrailer":"","resenas":"","editorial":[{"ID":6356,"post_author":"3","post_date":"2022-07-28 17:50:26","post_date_gmt":"2022-07-28 15:50:26","post_content":"","post_title":"SAN PABLO COMUNICACI\u00d3N","post_excerpt":"","post_status":"publish","comment_status":"closed","ping_status":"closed","post_password":"","post_name":"san-pablo-comunicacion","to_ping":"","pinged":"","post_modified":"2022-07-28 17:50:26","post_modified_gmt":"2022-07-28 15:50:26","post_content_filtered":"","post_parent":0,"guid":"http:\/\/dev.claret.cat\/editorial\/san-pablo-comunicacion\/","menu_order":0,"post_type":"editorial","post_mime_type":"","comment_count":"0","filter":"raw"}],"autores-libros":[{"ID":1076485,"post_author":"3","post_date":"2026-01-23 10:20:33","post_date_gmt":"2026-01-23 09:20:33","post_content":"","post_title":"JUAN DE LA CRUZ","post_excerpt":"","post_status":"publish","comment_status":"closed","ping_status":"closed","post_password":"","post_name":"juan-de-la-cruz","to_ping":"","pinged":"","post_modified":"2026-01-23 10:20:33","post_modified_gmt":"2026-01-23 09:20:33","post_content_filtered":"","post_parent":0,"guid":"https:\/\/www.claret.cat\/autor\/juan-de-la-cruz\/","menu_order":0,"post_type":"autor","post_mime_type":"","comment_count":"0","filter":"raw"},{"ID":284235,"post_author":"3","post_date":"2022-12-10 02:11:04","post_date_gmt":"2022-12-10 01:11:04","post_content":"","post_title":"JOS\u00c9 VICENTE (int) RODR\u00cdGUEZ","post_excerpt":"","post_status":"publish","comment_status":"closed","ping_status":"closed","post_password":"","post_name":"jose-vicente-int-rodriguez","to_ping":"","pinged":"","post_modified":"2022-12-10 02:11:04","post_modified_gmt":"2022-12-10 01:11:04","post_content_filtered":"","post_parent":0,"guid":"http:\/\/dev.claret.cat\/autor\/jose-vicente-int-rodriguez\/","menu_order":0,"post_type":"autor","post_mime_type":"","comment_count":"0","filter":"raw"}]},"aioseo_notices":[],"_links":{"self":[{"href":"https:\/\/www.claret.cat\/es\/wp-json\/wp\/v2\/product\/1076486","targetHints":{"allow":["GET"]}}],"collection":[{"href":"https:\/\/www.claret.cat\/es\/wp-json\/wp\/v2\/product"}],"about":[{"href":"https:\/\/www.claret.cat\/es\/wp-json\/wp\/v2\/types\/product"}],"wp:featuredmedia":[{"embeddable":true,"href":"https:\/\/www.claret.cat\/es\/wp-json\/wp\/v2\/media\/1076487"}],"wp:attachment":[{"href":"https:\/\/www.claret.cat\/es\/wp-json\/wp\/v2\/media?parent=1076486"}],"wp:term":[{"taxonomy":"product_brand","embeddable":true,"href":"https:\/\/www.claret.cat\/es\/wp-json\/wp\/v2\/product_brand?post=1076486"},{"taxonomy":"product_cat","embeddable":true,"href":"https:\/\/www.claret.cat\/es\/wp-json\/wp\/v2\/product_cat?post=1076486"},{"taxonomy":"product_tag","embeddable":true,"href":"https:\/\/www.claret.cat\/es\/wp-json\/wp\/v2\/product_tag?post=1076486"}],"curies":[{"name":"wp","href":"https:\/\/api.w.org\/{rel}","templated":true}]}}