{"id":107689,"date":"2022-10-12T09:35:25","date_gmt":"2022-10-12T07:35:25","guid":{"rendered":"http:\/\/dev.claret.cat\/producte\/numeros-pegatinas-borrables\/"},"modified":"2023-01-27T23:49:16","modified_gmt":"2023-01-27T22:49:16","slug":"numeros-pegatinas-borrables-9788413343310","status":"publish","type":"product","link":"https:\/\/www.claret.cat\/es\/libro\/numeros-pegatinas-borrables-9788413343310\/","title":{"rendered":"NUMEROS PEGATINAS BORRABLES"},"content":{"rendered":"<p>El ratoncito Arty introduce los n\u00fameros del 1 al 10, con un cuaderno que permite borrar lo que se ha escrito con el rotulador, para aprender con m\u00e1s confianza.    \u00a1Incluye un rotulador borrable!    Aprendizaje temprano a trav\u00e9s del arte para ni\u00f1os y ni\u00f1as de 3-6 a\u00f1os.<\/p>\n","protected":false},"excerpt":{"rendered":"<p>STANLEY MANDY<\/p>\n","protected":false},"featured_media":275834,"template":"","meta":{"_acf_changed":false,"om_disable_all_campaigns":false,"rs_blank_template":"","rs_page_bg_color":"","slide_template_v7":"","inline_featured_image":false,"_monsterinsights_skip_tracking":false,"_monsterinsights_sitenote_active":false,"_monsterinsights_sitenote_note":"","_monsterinsights_sitenote_category":0},"product_brand":[],"product_cat":[90,540],"product_tag":[],"class_list":{"0":"post-107689","1":"product","2":"type-product","3":"status-publish","4":"has-post-thumbnail","6":"product_cat-altres","7":"product_cat-otros","9":"first","10":"instock","11":"taxable","12":"shipping-taxable","13":"purchasable","14":"product-type-simple"},"acf":{"editorial":[{"ID":148637,"post_author":"3","post_date":"2022-10-14 11:59:48","post_date_gmt":"2022-10-14 09:59:48","post_content":"","post_title":"PANINI FONDO","post_excerpt":"","post_status":"publish","comment_status":"closed","ping_status":"closed","post_password":"","post_name":"panini-fondo","to_ping":"","pinged":"","post_modified":"2022-10-14 11:59:48","post_modified_gmt":"2022-10-14 09:59:48","post_content_filtered":"","post_parent":0,"guid":"http:\/\/dev.claret.cat\/editorial\/panini-fondo\/","menu_order":0,"post_type":"editorial","post_mime_type":"","comment_count":"0","filter":"raw"}],"autores-libros":[{"ID":169765,"post_author":"3","post_date":"2022-10-14 22:29:50","post_date_gmt":"2022-10-14 20:29:50","post_content":"","post_title":"STANLEY MANDY","post_excerpt":"","post_status":"publish","comment_status":"closed","ping_status":"closed","post_password":"","post_name":"stanley-mandy","to_ping":"","pinged":"","post_modified":"2022-10-14 22:29:50","post_modified_gmt":"2022-10-14 20:29:50","post_content_filtered":"","post_parent":0,"guid":"http:\/\/dev.claret.cat\/autor\/stanley-mandy\/","menu_order":0,"post_type":"autor","post_mime_type":"","comment_count":"0","filter":"raw"}],"autor":"STANLEY MANDY","codart":"841334331","libros-coleccion":"FORA DE COL.LECCI\u00d3","ediciones":"1","encuadernacion":"Carpeta","fecha_de_publicacion":"01\/06\/2020","novedad":"1","paginas":"45","subtitulo":"","orden":"0","portada":"0","idioma":"spa"},"aioseo_notices":[],"_links":{"self":[{"href":"https:\/\/www.claret.cat\/es\/wp-json\/wp\/v2\/product\/107689","targetHints":{"allow":["GET"]}}],"collection":[{"href":"https:\/\/www.claret.cat\/es\/wp-json\/wp\/v2\/product"}],"about":[{"href":"https:\/\/www.claret.cat\/es\/wp-json\/wp\/v2\/types\/product"}],"wp:featuredmedia":[{"embeddable":true,"href":"https:\/\/www.claret.cat\/es\/wp-json\/wp\/v2\/media\/275834"}],"wp:attachment":[{"href":"https:\/\/www.claret.cat\/es\/wp-json\/wp\/v2\/media?parent=107689"}],"wp:term":[{"taxonomy":"product_brand","embeddable":true,"href":"https:\/\/www.claret.cat\/es\/wp-json\/wp\/v2\/product_brand?post=107689"},{"taxonomy":"product_cat","embeddable":true,"href":"https:\/\/www.claret.cat\/es\/wp-json\/wp\/v2\/product_cat?post=107689"},{"taxonomy":"product_tag","embeddable":true,"href":"https:\/\/www.claret.cat\/es\/wp-json\/wp\/v2\/product_tag?post=107689"}],"curies":[{"name":"wp","href":"https:\/\/api.w.org\/{rel}","templated":true}]}}