{"id":1077154,"date":"2026-01-23T17:50:09","date_gmt":"2026-01-23T16:50:09","guid":{"rendered":"https:\/\/www.claret.cat\/llibre\/pack-puedo-mirar-en-tu-cama-9788411821704\/"},"modified":"2026-01-23T17:50:26","modified_gmt":"2026-01-23T16:50:26","slug":"pack-puedo-mirar-en-tu-cama-9788411821704","status":"publish","type":"product","link":"https:\/\/www.claret.cat\/es\/libro\/pack-puedo-mirar-en-tu-cama-9788411821704\/","title":{"rendered":"PACK \u00bfPUEDO MIRAR EN TU CAMA?"},"content":{"rendered":"<p>Rat\u00f3n es muy curioso. Tiene que husmearlo todo, hasta las camas de sus amigos. <br \/>  Un pack que contiene el libro  \u00bfPuedo mirar en tu cama?\u00a0 y un mu\u00f1eco del Rat\u00f3n fisg\u00f3n.<\/p>\n","protected":false},"excerpt":{"rendered":"<p>VAN GENECHTEN, GUIDO<\/p>\n","protected":false},"featured_media":1077155,"template":"","meta":{"_acf_changed":false,"om_disable_all_campaigns":false,"rs_blank_template":"","rs_page_bg_color":"","slide_template_v7":"","inline_featured_image":false,"_monsterinsights_skip_tracking":false,"_monsterinsights_sitenote_active":false,"_monsterinsights_sitenote_note":"","_monsterinsights_sitenote_category":0},"product_brand":[],"product_cat":[131,361],"product_tag":[],"class_list":{"0":"post-1077154","1":"product","2":"type-product","3":"status-publish","4":"has-post-thumbnail","6":"product_cat-contes-per-infants-0-6-anys","7":"product_cat-cuentos-para-ninos-0-6-anos","9":"first","10":"instock","11":"taxable","12":"shipping-taxable","13":"purchasable","14":"product-type-simple"},"acf":{"autor":"VAN GENECHTEN, GUIDO","codart":"841182170","libros-coleccion":"FORA DE COL.LECCI\u00d3","ediciones":"1","encuadernacion":"Carpeta","fecha_de_publicacion":"01\/05\/2024","novedad":"1","paginas":"0","subtitulo":"","orden":"0","portada":"0","idioma":"spa","booktrailer":"","resenas":"","editorial":[{"ID":951118,"post_author":"3","post_date":"2024-02-08 13:48:06","post_date_gmt":"2024-02-08 12:48:06","post_content":"","post_title":"SM EDICIONES","post_excerpt":"","post_status":"publish","comment_status":"closed","ping_status":"closed","post_password":"","post_name":"sm-ediciones","to_ping":"","pinged":"","post_modified":"2024-02-08 13:48:06","post_modified_gmt":"2024-02-08 12:48:06","post_content_filtered":"","post_parent":0,"guid":"https:\/\/www.claret.cat\/editorial\/sm-ediciones\/","menu_order":0,"post_type":"editorial","post_mime_type":"","comment_count":"0","filter":"raw"}]},"aioseo_notices":[],"_links":{"self":[{"href":"https:\/\/www.claret.cat\/es\/wp-json\/wp\/v2\/product\/1077154","targetHints":{"allow":["GET"]}}],"collection":[{"href":"https:\/\/www.claret.cat\/es\/wp-json\/wp\/v2\/product"}],"about":[{"href":"https:\/\/www.claret.cat\/es\/wp-json\/wp\/v2\/types\/product"}],"wp:featuredmedia":[{"embeddable":true,"href":"https:\/\/www.claret.cat\/es\/wp-json\/wp\/v2\/media\/1077155"}],"wp:attachment":[{"href":"https:\/\/www.claret.cat\/es\/wp-json\/wp\/v2\/media?parent=1077154"}],"wp:term":[{"taxonomy":"product_brand","embeddable":true,"href":"https:\/\/www.claret.cat\/es\/wp-json\/wp\/v2\/product_brand?post=1077154"},{"taxonomy":"product_cat","embeddable":true,"href":"https:\/\/www.claret.cat\/es\/wp-json\/wp\/v2\/product_cat?post=1077154"},{"taxonomy":"product_tag","embeddable":true,"href":"https:\/\/www.claret.cat\/es\/wp-json\/wp\/v2\/product_tag?post=1077154"}],"curies":[{"name":"wp","href":"https:\/\/api.w.org\/{rel}","templated":true}]}}