{"id":107722,"date":"2022-10-12T09:35:53","date_gmt":"2022-10-12T07:35:53","guid":{"rendered":"http:\/\/dev.claret.cat\/producte\/es-el-hombre-un-ser-religioso\/"},"modified":"2024-05-02T16:14:05","modified_gmt":"2024-05-02T14:14:05","slug":"es-el-hombre-un-ser-religioso-9788418303135","status":"publish","type":"product","link":"https:\/\/www.claret.cat\/es\/libro\/es-el-hombre-un-ser-religioso-9788418303135\/","title":{"rendered":"\u00bfES EL HOMBRE UN SER RELIGIOSO?"},"content":{"rendered":"","protected":false},"excerpt":{"rendered":"<p>BARRIOCANAL G\u00d3MEZ, JOS\u00c9 LUIS<\/p>\n","protected":false},"featured_media":330479,"template":"","meta":{"_acf_changed":false,"om_disable_all_campaigns":false,"rs_blank_template":"","rs_page_bg_color":"","slide_template_v7":"","inline_featured_image":false,"_monsterinsights_skip_tracking":false,"_monsterinsights_sitenote_active":false,"_monsterinsights_sitenote_note":"","_monsterinsights_sitenote_category":0},"product_brand":[],"product_cat":[90,540],"product_tag":[],"class_list":{"0":"post-107722","1":"product","2":"type-product","3":"status-publish","4":"has-post-thumbnail","6":"product_cat-altres","7":"product_cat-otros","9":"first","10":"instock","11":"taxable","12":"shipping-taxable","13":"purchasable","14":"product-type-simple"},"acf":{"editorial":[{"ID":6309,"post_author":"3","post_date":"2022-07-28 17:49:25","post_date_gmt":"2022-07-28 15:49:25","post_content":"","post_title":"Monte Carmelo","post_excerpt":"","post_status":"publish","comment_status":"closed","ping_status":"closed","post_password":"","post_name":"monte-carmelo","to_ping":"","pinged":"","post_modified":"2022-07-28 17:49:25","post_modified_gmt":"2022-07-28 15:49:25","post_content_filtered":"","post_parent":0,"guid":"http:\/\/dev.claret.cat\/editorial\/monte-carmelo\/","menu_order":0,"post_type":"editorial","post_mime_type":"","comment_count":"0","filter":"raw"}],"autor":"BARRIOCANAL G\u00d3MEZ, JOS\u00c9 LUIS","codart":"841830313","libros-coleccion":"","ediciones":"1","encuadernacion":"R\u00fastica","fecha_de_publicacion":"16\/07\/2020","novedad":"1","paginas":"284","subtitulo":"RELIGI\u00d3N, CULTURA Y VALORES","orden":"0","portada":"0","idioma":"spa","autores-libros":[{"ID":160307,"post_author":"3","post_date":"2022-10-14 15:52:01","post_date_gmt":"2022-10-14 13:52:01","post_content":"","post_title":"JOS\u00c9 LUIS BARRIOCANAL G\u00d3MEZ","post_excerpt":"","post_status":"publish","comment_status":"closed","ping_status":"closed","post_password":"","post_name":"jose-luis-barriocanal-gomez","to_ping":"","pinged":"","post_modified":"2022-10-14 15:52:01","post_modified_gmt":"2022-10-14 13:52:01","post_content_filtered":"","post_parent":0,"guid":"http:\/\/dev.claret.cat\/autor\/jose-luis-barriocanal-gomez\/","menu_order":0,"post_type":"autor","post_mime_type":"","comment_count":"0","filter":"raw"}]},"aioseo_notices":[],"_links":{"self":[{"href":"https:\/\/www.claret.cat\/es\/wp-json\/wp\/v2\/product\/107722","targetHints":{"allow":["GET"]}}],"collection":[{"href":"https:\/\/www.claret.cat\/es\/wp-json\/wp\/v2\/product"}],"about":[{"href":"https:\/\/www.claret.cat\/es\/wp-json\/wp\/v2\/types\/product"}],"wp:featuredmedia":[{"embeddable":true,"href":"https:\/\/www.claret.cat\/es\/wp-json\/wp\/v2\/media\/330479"}],"wp:attachment":[{"href":"https:\/\/www.claret.cat\/es\/wp-json\/wp\/v2\/media?parent=107722"}],"wp:term":[{"taxonomy":"product_brand","embeddable":true,"href":"https:\/\/www.claret.cat\/es\/wp-json\/wp\/v2\/product_brand?post=107722"},{"taxonomy":"product_cat","embeddable":true,"href":"https:\/\/www.claret.cat\/es\/wp-json\/wp\/v2\/product_cat?post=107722"},{"taxonomy":"product_tag","embeddable":true,"href":"https:\/\/www.claret.cat\/es\/wp-json\/wp\/v2\/product_tag?post=107722"}],"curies":[{"name":"wp","href":"https:\/\/api.w.org\/{rel}","templated":true}]}}