{"id":1077773,"date":"2026-01-24T13:34:22","date_gmt":"2026-01-24T12:34:22","guid":{"rendered":"https:\/\/www.claret.cat\/llibre\/suma-de-teologia-v-parte-iii-e-indices-9788479141493\/"},"modified":"2026-03-04T17:06:25","modified_gmt":"2026-03-04T16:06:25","slug":"suma-de-teologia-v-parte-iii-e-indices-9788479141493","status":"publish","type":"product","link":"https:\/\/www.claret.cat\/es\/libro\/suma-de-teologia-v-parte-iii-e-indices-9788479141493\/","title":{"rendered":"SUMA DE TEOLOGIA V &#8211; PARTE III E INDICES"},"content":{"rendered":"<p>La Summa Theologiae no s\u00f3lo representa la cumbre de la ciencia teol\u00f3gica tal como se cultivaba en la universidad medieval, sino que es tambi\u00e9n obra cimera del pensamiento cristiano de todos los tiempos. <br \/>El quinto y \u00faltimo volumen de la presente edici\u00f3n de la Suma comprende la Parte III, en la que Santo Tom\u00e1s trata de Cristo como \u00abcamino en nuestra marcha hacia Dios\u00bb, y se cierra con unos complet\u00edsimos \u00edndices de materias, b\u00edblico y de autores. Las ilustrativas introducciones a los tratados y las abundantes notas explicativas de los pasajes dif\u00edciles han sido redactados por profesores dominicos en centros de estudio en Espa\u00f1a. La traducci\u00f3n y las referencias a las fuentes expl\u00edcitas e impl\u00edcitas han sido preparadas sobre el texto de la edici\u00f3n cr\u00edtica Leonina.<\/p>\n","protected":false},"excerpt":{"rendered":"<p>TOMAS DE AQUINO, SANTO<\/p>\n","protected":false},"featured_media":1081130,"template":"","meta":{"_acf_changed":false,"om_disable_all_campaigns":false,"rs_blank_template":"","rs_page_bg_color":"","slide_template_v7":"","inline_featured_image":false,"_monsterinsights_skip_tracking":false,"_monsterinsights_sitenote_active":false,"_monsterinsights_sitenote_note":"","_monsterinsights_sitenote_category":0},"product_brand":[],"product_cat":[275,413],"product_tag":[],"class_list":{"0":"post-1077773","1":"product","2":"type-product","3":"status-publish","4":"has-post-thumbnail","6":"product_cat-fonamental","7":"product_cat-fundamental","9":"first","10":"instock","11":"taxable","12":"shipping-taxable","13":"purchasable","14":"product-type-simple"},"acf":{"autor":"TOMAS DE AQUINO, SANTO","codart":"847914149","libros-coleccion":"FORA DE COL.LECCI\u00d3","ediciones":"1","encuadernacion":"[EditValue is null]","fecha_de_publicacion":"01\/01\/1995","novedad":"0","paginas":"1136","subtitulo":"","orden":"999","portada":"0","idioma":"spa","booktrailer":"","resenas":"","editorial":[{"ID":147509,"post_author":"3","post_date":"2022-10-14 11:51:07","post_date_gmt":"2022-10-14 09:51:07","post_content":"","post_title":"B.A.C.","post_excerpt":"","post_status":"publish","comment_status":"closed","ping_status":"closed","post_password":"","post_name":"b-a-c","to_ping":"","pinged":"","post_modified":"2022-10-14 11:51:07","post_modified_gmt":"2022-10-14 09:51:07","post_content_filtered":"","post_parent":0,"guid":"http:\/\/dev.claret.cat\/editorial\/b-a-c\/","menu_order":0,"post_type":"editorial","post_mime_type":"","comment_count":"0","filter":"raw"}],"autores-libros":[{"ID":6020,"post_author":"3","post_date":"2022-07-28 17:36:27","post_date_gmt":"2022-07-28 15:36:27","post_content":"","post_title":"SANTO TOMAS DE AQUINO","post_excerpt":"","post_status":"publish","comment_status":"closed","ping_status":"closed","post_password":"","post_name":"santo-tomas-de-aquino","to_ping":"","pinged":"","post_modified":"2022-07-28 17:36:27","post_modified_gmt":"2022-07-28 15:36:27","post_content_filtered":"","post_parent":0,"guid":"http:\/\/dev.claret.cat\/autor\/santo-tomas-de-aquino\/","menu_order":0,"post_type":"autor","post_mime_type":"","comment_count":"0","filter":"raw"}]},"aioseo_notices":[],"_links":{"self":[{"href":"https:\/\/www.claret.cat\/es\/wp-json\/wp\/v2\/product\/1077773","targetHints":{"allow":["GET"]}}],"collection":[{"href":"https:\/\/www.claret.cat\/es\/wp-json\/wp\/v2\/product"}],"about":[{"href":"https:\/\/www.claret.cat\/es\/wp-json\/wp\/v2\/types\/product"}],"wp:featuredmedia":[{"embeddable":true,"href":"https:\/\/www.claret.cat\/es\/wp-json\/wp\/v2\/media\/1081130"}],"wp:attachment":[{"href":"https:\/\/www.claret.cat\/es\/wp-json\/wp\/v2\/media?parent=1077773"}],"wp:term":[{"taxonomy":"product_brand","embeddable":true,"href":"https:\/\/www.claret.cat\/es\/wp-json\/wp\/v2\/product_brand?post=1077773"},{"taxonomy":"product_cat","embeddable":true,"href":"https:\/\/www.claret.cat\/es\/wp-json\/wp\/v2\/product_cat?post=1077773"},{"taxonomy":"product_tag","embeddable":true,"href":"https:\/\/www.claret.cat\/es\/wp-json\/wp\/v2\/product_tag?post=1077773"}],"curies":[{"name":"wp","href":"https:\/\/api.w.org\/{rel}","templated":true}]}}