{"id":1078041,"date":"2026-01-26T12:45:09","date_gmt":"2026-01-26T11:45:09","guid":{"rendered":"https:\/\/www.claret.cat\/llibre\/carta-a-los-romanos-9788422015918\/"},"modified":"2026-02-27T17:20:27","modified_gmt":"2026-02-27T16:20:27","slug":"carta-a-los-romanos-9788422015918","status":"publish","type":"product","link":"https:\/\/www.claret.cat\/es\/libro\/carta-a-los-romanos-9788422015918\/","title":{"rendered":"CARTA A LOS ROMANOS"},"content":{"rendered":"<p>De Karl Barth puede decirse que fue el Santo Tom\u00e1s de la teolog\u00eda protestante, pues logr\u00f3 elaborar una amplia sistematizaci\u00f3n -una especie de Suma Teol\u00f3gica- del pensamiento de la Reforma en su globalidad. Buen conocedor de la teolog\u00eda luterana y calvinista, supo realizar una gran s\u00edntesis, no exenta de un talante cr\u00edtico, con interesantes aportaciones nuevas que hacen que su teolog\u00eda sobrepase a veces las fronteras confesionales del protestantismo. Este comentario a la Carta a los Romanos constituye el punto radical de ruptura entre la teolog\u00eda del siglo XIX y la del XX. En contraposici\u00f3n a su postura inicial, tendente a la identificaci\u00f3n entre socialismo y reino de Dios, Barth descubre ahora que la Biblia, m\u00e1s que de nuestra relaci\u00f3n con la divinidad (propio de la religi\u00f3n o la \u00e9tica) habla de la relaci\u00f3n de Dios con nosotros: del reino de Dios, que no es reductible a un movimiento pol\u00edtico o econ\u00f3mico, ni siquiera a la religi\u00f3n (o religiosidad) como hecho humano. Su lema ser\u00e1 el de una absoluta disociaci\u00f3n entre la inmanencia y la trascendencia: \u00abel mundo es mundo, y Dios es Dios\u00bb. Tesis que se materializar\u00e1 en esta obra.<\/p>\n","protected":false},"excerpt":{"rendered":"<p>BARTH, KARL<\/p>\n","protected":false},"featured_media":1086941,"template":"","meta":{"_acf_changed":false,"om_disable_all_campaigns":false,"rs_blank_template":"","rs_page_bg_color":"","slide_template_v7":"","inline_featured_image":false,"_monsterinsights_skip_tracking":false,"_monsterinsights_sitenote_active":false,"_monsterinsights_sitenote_note":"","_monsterinsights_sitenote_category":0},"product_brand":[],"product_cat":[75,341],"product_tag":[],"class_list":{"0":"post-1078041","1":"product","2":"type-product","3":"status-publish","4":"has-post-thumbnail","6":"product_cat-biblia","7":"product_cat-biblia-es","9":"first","10":"instock","11":"taxable","12":"shipping-taxable","13":"purchasable","14":"product-type-simple"},"acf":{"autor":"BARTH, KARL","codart":"842201591","libros-coleccion":"COMPRENDER LA PALABRA","ediciones":"2","encuadernacion":"R\u00fastica","fecha_de_publicacion":"01\/07\/2012","novedad":"0","paginas":"611","subtitulo":"","orden":"999","portada":"0","idioma":"spa","booktrailer":"","resenas":"","autores-libros":[{"ID":161439,"post_author":"3","post_date":"2022-10-14 17:18:13","post_date_gmt":"2022-10-14 15:18:13","post_content":"","post_title":"KARL BARTH","post_excerpt":"","post_status":"publish","comment_status":"closed","ping_status":"closed","post_password":"","post_name":"karl-barth","to_ping":"","pinged":"","post_modified":"2022-10-14 17:18:13","post_modified_gmt":"2022-10-14 15:18:13","post_content_filtered":"","post_parent":0,"guid":"http:\/\/dev.claret.cat\/autor\/karl-barth\/","menu_order":0,"post_type":"autor","post_mime_type":"","comment_count":"0","filter":"raw"}],"editorial":[{"ID":1086940,"post_author":"3","post_date":"2026-02-27 17:20:09","post_date_gmt":"2026-02-27 16:20:09","post_content":"","post_title":"B.A.C","post_excerpt":"","post_status":"publish","comment_status":"closed","ping_status":"closed","post_password":"","post_name":"b-a-c-2","to_ping":"","pinged":"","post_modified":"2026-02-27 17:20:09","post_modified_gmt":"2026-02-27 16:20:09","post_content_filtered":"","post_parent":0,"guid":"https:\/\/www.claret.cat\/editorial\/b-a-c-2\/","menu_order":0,"post_type":"editorial","post_mime_type":"","comment_count":"0","filter":"raw"}]},"aioseo_notices":[],"_links":{"self":[{"href":"https:\/\/www.claret.cat\/es\/wp-json\/wp\/v2\/product\/1078041","targetHints":{"allow":["GET"]}}],"collection":[{"href":"https:\/\/www.claret.cat\/es\/wp-json\/wp\/v2\/product"}],"about":[{"href":"https:\/\/www.claret.cat\/es\/wp-json\/wp\/v2\/types\/product"}],"wp:featuredmedia":[{"embeddable":true,"href":"https:\/\/www.claret.cat\/es\/wp-json\/wp\/v2\/media\/1086941"}],"wp:attachment":[{"href":"https:\/\/www.claret.cat\/es\/wp-json\/wp\/v2\/media?parent=1078041"}],"wp:term":[{"taxonomy":"product_brand","embeddable":true,"href":"https:\/\/www.claret.cat\/es\/wp-json\/wp\/v2\/product_brand?post=1078041"},{"taxonomy":"product_cat","embeddable":true,"href":"https:\/\/www.claret.cat\/es\/wp-json\/wp\/v2\/product_cat?post=1078041"},{"taxonomy":"product_tag","embeddable":true,"href":"https:\/\/www.claret.cat\/es\/wp-json\/wp\/v2\/product_tag?post=1078041"}],"curies":[{"name":"wp","href":"https:\/\/api.w.org\/{rel}","templated":true}]}}