{"id":1078138,"date":"2026-01-26T14:00:09","date_gmt":"2026-01-26T13:00:09","guid":{"rendered":"https:\/\/www.claret.cat\/llibre\/el-novio-9788410257719\/"},"modified":"2026-04-16T12:26:01","modified_gmt":"2026-04-16T10:26:01","slug":"el-novio-9788410257719","status":"publish","type":"product","link":"https:\/\/www.claret.cat\/es\/libro\/el-novio-9788410257719\/","title":{"rendered":"EL NOVIO"},"content":{"rendered":"<p>La autora de <em>La asistenta<\/em> regresa con una oscura historia sobre <strong>la obsesi\u00f3n y las cosas que hacemos por amor<\/strong>. <strong>Ella busca al hombre perfecto. \u00c9l busca a la v\u00edctima perfecta<\/strong>. <strong>Sydney Shaw,<\/strong> como todas las mujeres solteras de Nueva York, tiene una suerte horrible con las citas. Ha visto de todo: <strong>hombres que mienten en su perfil online<\/strong>, <strong>hombres que le endosan la cuenta de la cena<\/strong> y, lo peor de todo, <strong>hombres que no dejan de hablar de su madre<\/strong>. Pero, por fin, la suerte se ha puesto de su parte. Acaba de conocer a <strong>un chico que resulta totalmente perfecto<\/strong>. Es encantador, guapo y trabaja como m\u00e9dico en un hospital. Sydney est\u00e1 deslumbrada. Entonces, el <strong>asesinato salvaje <\/strong>de una joven -la \u00faltima en una serie de <strong>fallecimientos similares por toda la ciudad<\/strong>&#8211; empieza a desesperar a la polic\u00eda. \u00bfEl principal sospechoso? <strong>Un misterioso hombre que hab\u00eda tenido una cita con sus v\u00edctimas antes de matarlas<\/strong>. Sydney deber\u00eda sentirse segura. Despu\u00e9s de todo, est\u00e1 saliendo con el hombre de sus sue\u00f1os. <strong>Pero no consigue librarse de la sospecha de que el novio perfecto puede no serlo<\/strong> tanto como parece. Porque alguien est\u00e1 vigilando todos sus movimientos y, si no descubre la verdad, <strong>podr\u00eda ser la pr\u00f3xima v\u00edctima<\/strong>\u2026 &nbsp;<\/p>\n","protected":false},"excerpt":{"rendered":"<p>FREIDA MCFADDEN<\/p>\n","protected":false},"featured_media":1078160,"template":"","meta":{"_acf_changed":false,"om_disable_all_campaigns":false,"rs_blank_template":"","rs_page_bg_color":"","slide_template_v7":"","inline_featured_image":false,"_monsterinsights_skip_tracking":false,"_monsterinsights_sitenote_active":false,"_monsterinsights_sitenote_note":"","_monsterinsights_sitenote_category":0},"product_brand":[],"product_cat":[127,357],"product_tag":[],"class_list":{"0":"post-1078138","1":"product","2":"type-product","3":"status-publish","4":"has-post-thumbnail","6":"product_cat-novella-contemporania","7":"product_cat-novela-contemporanea","9":"first","10":"instock","11":"taxable","12":"shipping-taxable","13":"purchasable","14":"product-type-simple"},"acf":{"autor":"FREIDA MCFADDEN","codart":"841025771","libros-coleccion":"SUMA","ediciones":"1","encuadernacion":"R\u00fastica","fecha_de_publicacion":"01\/01\/2026","novedad":"1","paginas":"352","subtitulo":"","orden":"0","portada":"0","idioma":"spa","booktrailer":"","resenas":"","editorial":[{"ID":6370,"post_author":"3","post_date":"2022-07-28 17:50:44","post_date_gmt":"2022-07-28 15:50:44","post_content":"","post_title":"SUMA","post_excerpt":"","post_status":"publish","comment_status":"closed","ping_status":"closed","post_password":"","post_name":"suma","to_ping":"","pinged":"","post_modified":"2022-07-28 17:50:44","post_modified_gmt":"2022-07-28 15:50:44","post_content_filtered":"","post_parent":0,"guid":"http:\/\/dev.claret.cat\/editorial\/suma\/","menu_order":0,"post_type":"editorial","post_mime_type":"","comment_count":"0","filter":"raw"}]},"aioseo_notices":[],"_links":{"self":[{"href":"https:\/\/www.claret.cat\/es\/wp-json\/wp\/v2\/product\/1078138","targetHints":{"allow":["GET"]}}],"collection":[{"href":"https:\/\/www.claret.cat\/es\/wp-json\/wp\/v2\/product"}],"about":[{"href":"https:\/\/www.claret.cat\/es\/wp-json\/wp\/v2\/types\/product"}],"wp:featuredmedia":[{"embeddable":true,"href":"https:\/\/www.claret.cat\/es\/wp-json\/wp\/v2\/media\/1078160"}],"wp:attachment":[{"href":"https:\/\/www.claret.cat\/es\/wp-json\/wp\/v2\/media?parent=1078138"}],"wp:term":[{"taxonomy":"product_brand","embeddable":true,"href":"https:\/\/www.claret.cat\/es\/wp-json\/wp\/v2\/product_brand?post=1078138"},{"taxonomy":"product_cat","embeddable":true,"href":"https:\/\/www.claret.cat\/es\/wp-json\/wp\/v2\/product_cat?post=1078138"},{"taxonomy":"product_tag","embeddable":true,"href":"https:\/\/www.claret.cat\/es\/wp-json\/wp\/v2\/product_tag?post=1078138"}],"curies":[{"name":"wp","href":"https:\/\/api.w.org\/{rel}","templated":true}]}}