{"id":1078601,"date":"2026-01-27T15:55:18","date_gmt":"2026-01-27T14:55:18","guid":{"rendered":"https:\/\/www.claret.cat\/llibre\/la-porta-dels-tres-panys-2-la-senda-de-les-quatre-forces-9788491375050\/"},"modified":"2026-01-27T15:56:38","modified_gmt":"2026-01-27T14:56:38","slug":"la-porta-dels-tres-panys-2-la-senda-de-les-quatre-forces-9788491375050","status":"publish","type":"product","link":"https:\/\/www.claret.cat\/es\/libro\/la-porta-dels-tres-panys-2-la-senda-de-les-quatre-forces-9788491375050\/","title":{"rendered":"LA PORTA DELS TRES PANYS 2. LA SENDA DE LES QUATRE FORCES"},"content":{"rendered":"<p>Despr\u00e9s de rebre un misteri\u00f3s missatge, en Niko recorre un nou cam\u00ed per anar a l&#8217;institut i descobreix una casa que no havia vist mai abans. La resoluci\u00f3 d&#8217;un enigma li permet entrar en el que resultar\u00e0 ser un estrany lloc on neixen universos, hi ha un gat que apareix i desapareix, i \u00e9s possible teleportar-se.<br \/>La Porta dels Tres Panys, ara convertida en trilogia i totalment actualitzada, \u00e9s la primera obra que explica la f\u00edsica qu\u00e0ntica \u2013de manera divertida i comprensible\u2013 als lectors de totes les edats.<\/p>\n","protected":false},"excerpt":{"rendered":"<p>FERN\u00c1NDEZ-VIDAL, S\u00d3NIA<\/p>\n","protected":false},"featured_media":1078602,"template":"","meta":{"_acf_changed":false,"om_disable_all_campaigns":false,"rs_blank_template":"","rs_page_bg_color":"","slide_template_v7":"","inline_featured_image":false,"_monsterinsights_skip_tracking":false,"_monsterinsights_sitenote_active":false,"_monsterinsights_sitenote_note":"","_monsterinsights_sitenote_category":0},"product_brand":[],"product_cat":[132,352,86,362],"product_tag":[],"class_list":{"0":"post-1078601","1":"product","2":"type-product","3":"status-publish","4":"has-post-thumbnail","6":"product_cat-lectures-per-preadolescents-6-12-anys","7":"product_cat-infantil-3_infantil-juvenil-spa","8":"product_cat-infantil","9":"product_cat-libros-preadolescentes-6-12-anos","11":"first","12":"instock","13":"taxable","14":"shipping-taxable","15":"purchasable","16":"product-type-simple"},"acf":{"autor":"FERN\u00c1NDEZ-VIDAL, S\u00d3NIA","codart":"849137505","libros-coleccion":"Secret Kingdom","ediciones":"1","encuadernacion":"Carton\u00e9","fecha_de_publicacion":"01\/03\/2018","novedad":"1","paginas":"288","subtitulo":"","orden":"0","portada":"0","idioma":"cat","booktrailer":"","resenas":"","editorial":[{"ID":6249,"post_author":"3","post_date":"2022-07-28 17:48:09","post_date_gmt":"2022-07-28 15:48:09","post_content":"","post_title":"Estrella Polar","post_excerpt":"","post_status":"publish","comment_status":"closed","ping_status":"closed","post_password":"","post_name":"estrella-polar","to_ping":"","pinged":"","post_modified":"2022-07-28 17:48:09","post_modified_gmt":"2022-07-28 15:48:09","post_content_filtered":"","post_parent":0,"guid":"http:\/\/dev.claret.cat\/editorial\/estrella-polar\/","menu_order":0,"post_type":"editorial","post_mime_type":"","comment_count":"0","filter":"raw"}],"autores-libros":[{"ID":169664,"post_author":"3","post_date":"2022-10-14 22:29:02","post_date_gmt":"2022-10-14 20:29:02","post_content":"","post_title":"SONIA FERN\u00c1NDEZ-VIDAL","post_excerpt":"","post_status":"publish","comment_status":"closed","ping_status":"closed","post_password":"","post_name":"sonia-fernandez-vidal","to_ping":"","pinged":"","post_modified":"2022-10-14 22:29:02","post_modified_gmt":"2022-10-14 20:29:02","post_content_filtered":"","post_parent":0,"guid":"http:\/\/dev.claret.cat\/autor\/sonia-fernandez-vidal\/","menu_order":0,"post_type":"autor","post_mime_type":"","comment_count":"0","filter":"raw"}]},"aioseo_notices":[],"_links":{"self":[{"href":"https:\/\/www.claret.cat\/es\/wp-json\/wp\/v2\/product\/1078601","targetHints":{"allow":["GET"]}}],"collection":[{"href":"https:\/\/www.claret.cat\/es\/wp-json\/wp\/v2\/product"}],"about":[{"href":"https:\/\/www.claret.cat\/es\/wp-json\/wp\/v2\/types\/product"}],"wp:featuredmedia":[{"embeddable":true,"href":"https:\/\/www.claret.cat\/es\/wp-json\/wp\/v2\/media\/1078602"}],"wp:attachment":[{"href":"https:\/\/www.claret.cat\/es\/wp-json\/wp\/v2\/media?parent=1078601"}],"wp:term":[{"taxonomy":"product_brand","embeddable":true,"href":"https:\/\/www.claret.cat\/es\/wp-json\/wp\/v2\/product_brand?post=1078601"},{"taxonomy":"product_cat","embeddable":true,"href":"https:\/\/www.claret.cat\/es\/wp-json\/wp\/v2\/product_cat?post=1078601"},{"taxonomy":"product_tag","embeddable":true,"href":"https:\/\/www.claret.cat\/es\/wp-json\/wp\/v2\/product_tag?post=1078601"}],"curies":[{"name":"wp","href":"https:\/\/api.w.org\/{rel}","templated":true}]}}