{"id":1078672,"date":"2026-01-27T16:11:26","date_gmt":"2026-01-27T15:11:26","guid":{"rendered":"https:\/\/www.claret.cat\/llibre\/contra-la-tirania-del-like-9791387833312\/"},"modified":"2026-01-27T18:05:55","modified_gmt":"2026-01-27T17:05:55","slug":"contra-la-tirania-del-like-9791387833312","status":"publish","type":"product","link":"https:\/\/www.claret.cat\/es\/libro\/contra-la-tirania-del-like-9791387833312\/","title":{"rendered":"CONTRA LA TIRAN\u00cdA DEL LIKE"},"content":{"rendered":"<p>El nuevo libro de Jordi Nomen: una gu\u00eda imprescindible para acompa\u00f1ar a las nuevas generaciones en la era digital.<br \/> Las redes sociales forman parte inseparable de la vida de los adolescentes. En ellas buscan reconocimiento, se comparan sin descanso y miden su valor en funci\u00f3n de likes y seguidores. Pero lo que parece una herramienta de conexi\u00f3n se convierte a menudo en una trampa emocional que genera ansiedad, dependencia y soledad.<br \/> En en este libro, el prestigioso profesor Jordi Nomen analiza c\u00f3mo este nuevo ecosistema digital condiciona la autoestima, la identidad y las relaciones de los j\u00f3venes. Frente a ello, propone un camino de reflexi\u00f3n y acompa\u00f1amiento que combina filosof\u00eda, pedagog\u00eda y recursos pr\u00e1cticos para recuperar la autenticidad y la madurez emocional en la era de la hiperconexi\u00f3n.<br \/> Dirigido a adolescentes, familias y educadores, este libro no demoniza la tecnolog\u00eda, sino que invita a usarla de manera cr\u00edtica y equilibrada.<\/p>\n","protected":false},"excerpt":{"rendered":"<p>JORDI NOMEN RECIO<\/p>\n","protected":false},"featured_media":1078949,"template":"","meta":{"_acf_changed":false,"om_disable_all_campaigns":false,"rs_blank_template":"","rs_page_bg_color":"","slide_template_v7":"","inline_featured_image":false,"_monsterinsights_skip_tracking":false,"_monsterinsights_sitenote_active":false,"_monsterinsights_sitenote_note":"","_monsterinsights_sitenote_category":0},"product_brand":[],"product_cat":[373,166,137,425],"product_tag":[],"class_list":{"0":"post-1078672","1":"product","2":"type-product","3":"status-publish","4":"has-post-thumbnail","6":"product_cat-autores","7":"product_cat-autors-filosofia","8":"product_cat-escola-de-pares-infantil","9":"product_cat-escuela-de-padres","11":"first","12":"instock","13":"taxable","14":"shipping-taxable","15":"purchasable","16":"product-type-simple"},"acf":{"autor":"JORDI NOMEN RECIO","codart":"138783331","libros-coleccion":"","ediciones":"1","encuadernacion":"R\u00fastica","fecha_de_publicacion":"01\/01\/2026","novedad":"1","paginas":"240","subtitulo":"FILOSOF\u00cdA PR\u00c1CTICA PARA PADRES Y EDUCADORES DE ADOLESCENTES HIPERCONECTADOS","orden":"0","portada":"0","idioma":"spa","booktrailer":"","resenas":"","editorial":[{"ID":6127,"post_author":"3","post_date":"2022-07-28 17:45:28","post_date_gmt":"2022-07-28 15:45:28","post_content":"","post_title":"ARPA EDITORES","post_excerpt":"","post_status":"publish","comment_status":"closed","ping_status":"closed","post_password":"","post_name":"arpa-editores","to_ping":"","pinged":"","post_modified":"2022-07-28 17:45:28","post_modified_gmt":"2022-07-28 15:45:28","post_content_filtered":"","post_parent":0,"guid":"http:\/\/dev.claret.cat\/editorial\/arpa-editores\/","menu_order":0,"post_type":"editorial","post_mime_type":"","comment_count":"0","filter":"raw"}]},"aioseo_notices":[],"_links":{"self":[{"href":"https:\/\/www.claret.cat\/es\/wp-json\/wp\/v2\/product\/1078672","targetHints":{"allow":["GET"]}}],"collection":[{"href":"https:\/\/www.claret.cat\/es\/wp-json\/wp\/v2\/product"}],"about":[{"href":"https:\/\/www.claret.cat\/es\/wp-json\/wp\/v2\/types\/product"}],"wp:featuredmedia":[{"embeddable":true,"href":"https:\/\/www.claret.cat\/es\/wp-json\/wp\/v2\/media\/1078949"}],"wp:attachment":[{"href":"https:\/\/www.claret.cat\/es\/wp-json\/wp\/v2\/media?parent=1078672"}],"wp:term":[{"taxonomy":"product_brand","embeddable":true,"href":"https:\/\/www.claret.cat\/es\/wp-json\/wp\/v2\/product_brand?post=1078672"},{"taxonomy":"product_cat","embeddable":true,"href":"https:\/\/www.claret.cat\/es\/wp-json\/wp\/v2\/product_cat?post=1078672"},{"taxonomy":"product_tag","embeddable":true,"href":"https:\/\/www.claret.cat\/es\/wp-json\/wp\/v2\/product_tag?post=1078672"}],"curies":[{"name":"wp","href":"https:\/\/api.w.org\/{rel}","templated":true}]}}