{"id":1078690,"date":"2026-01-27T16:16:09","date_gmt":"2026-01-27T15:16:09","guid":{"rendered":"https:\/\/www.claret.cat\/llibre\/diguem-que-mestimes-9788473294898\/"},"modified":"2026-03-03T12:15:20","modified_gmt":"2026-03-03T11:15:20","slug":"diguem-que-mestimes-9788473294898","status":"publish","type":"product","link":"https:\/\/www.claret.cat\/es\/libro\/diguem-que-mestimes-9788473294898\/","title":{"rendered":"DIGUE&#8217;M QUE M&#8217;ESTIMES"},"content":{"rendered":"<p>Per Sant Valent\u00ed, el llibre que regalaries al teu ex<\/p>\n<p> El matrimoni no va impedir a Marlene Dietrich de tenir tants amants com va voler. Als seus peus van rendir-se Gary Cooper, Greta Garbo o Frank Sinatra. Per\u00f2 cap com Erich Maria Remarque, autor de Res de nou a l\u2019oest i d\u2019aquestes cartes d\u2019amor enc\u00e8s, tradu\u00efdes per Joan Ferrarons.<\/p>\n<p> Remarque i Dietrich es coneixen a Ven\u00e8cia el 1937. De se-guida comen\u00e7a la relaci\u00f3 epistolar: ella \u00e9s als Estats Units i ell, des de l\u2019exili a Su\u00efssa, li escriu cartes recreant la primera trobada. Es tracta de seduir una gran estrella de Hollywo-od amb la ploma que ja ha fascinat milions de lectors arreu del m\u00f3n. \u00bfPer\u00f2 qu\u00e8 passar\u00e0 quan Remarque emigri a Am\u00e8rica i es retrobin?<\/p>\n<p> Les cartes de Digue\u2019m que m\u2019estimes abracen l\u2019arc sencer d\u2019un amor apassionat i fatu com els que avui canten Bad Bunny o Rosalia \u2014nom\u00e9s que el rerefons \u00e9s la Segona Guerra Mundial i els protagonistes, dos dels artistes m\u00e9s famosos i compromesos de la seva \u00e8poca.<\/p>\n","protected":false},"excerpt":{"rendered":"<p>ERICH MARIA REMARQUE, MARLENE DIETRICH<\/p>\n","protected":false},"featured_media":1078964,"template":"","meta":{"_acf_changed":false,"om_disable_all_campaigns":false,"rs_blank_template":"","rs_page_bg_color":"","slide_template_v7":"","inline_featured_image":false,"_monsterinsights_skip_tracking":false,"_monsterinsights_sitenote_active":false,"_monsterinsights_sitenote_note":"","_monsterinsights_sitenote_category":0},"product_brand":[],"product_cat":[549,99],"product_tag":[],"class_list":{"0":"post-1078690","1":"product","2":"type-product","3":"status-publish","4":"has-post-thumbnail","6":"product_cat-biografias","7":"product_cat-biografies","9":"first","10":"instock","11":"taxable","12":"shipping-taxable","13":"purchasable","14":"product-type-simple"},"acf":{"autor":"ERICH MARIA REMARQUE, MARLENE DIETRICH","codart":"847329489","libros-coleccion":"","ediciones":"1","encuadernacion":"R\u00fastica","fecha_de_publicacion":"01\/01\/2026","novedad":"1","paginas":"248","subtitulo":"","orden":"0","portada":"1","idioma":"cat","booktrailer":"","resenas":"","editorial":[{"ID":6163,"post_author":"3","post_date":"2022-07-28 17:46:15","post_date_gmt":"2022-07-28 15:46:15","post_content":"","post_title":"CLUB EDITOR","post_excerpt":"","post_status":"publish","comment_status":"closed","ping_status":"closed","post_password":"","post_name":"club-editor","to_ping":"","pinged":"","post_modified":"2022-07-28 17:46:15","post_modified_gmt":"2022-07-28 15:46:15","post_content_filtered":"","post_parent":0,"guid":"http:\/\/dev.claret.cat\/editorial\/club-editor\/","menu_order":0,"post_type":"editorial","post_mime_type":"","comment_count":"0","filter":"raw"}]},"aioseo_notices":[],"_links":{"self":[{"href":"https:\/\/www.claret.cat\/es\/wp-json\/wp\/v2\/product\/1078690","targetHints":{"allow":["GET"]}}],"collection":[{"href":"https:\/\/www.claret.cat\/es\/wp-json\/wp\/v2\/product"}],"about":[{"href":"https:\/\/www.claret.cat\/es\/wp-json\/wp\/v2\/types\/product"}],"wp:featuredmedia":[{"embeddable":true,"href":"https:\/\/www.claret.cat\/es\/wp-json\/wp\/v2\/media\/1078964"}],"wp:attachment":[{"href":"https:\/\/www.claret.cat\/es\/wp-json\/wp\/v2\/media?parent=1078690"}],"wp:term":[{"taxonomy":"product_brand","embeddable":true,"href":"https:\/\/www.claret.cat\/es\/wp-json\/wp\/v2\/product_brand?post=1078690"},{"taxonomy":"product_cat","embeddable":true,"href":"https:\/\/www.claret.cat\/es\/wp-json\/wp\/v2\/product_cat?post=1078690"},{"taxonomy":"product_tag","embeddable":true,"href":"https:\/\/www.claret.cat\/es\/wp-json\/wp\/v2\/product_tag?post=1078690"}],"curies":[{"name":"wp","href":"https:\/\/api.w.org\/{rel}","templated":true}]}}