{"id":1078806,"date":"2026-01-27T17:11:57","date_gmt":"2026-01-27T16:11:57","guid":{"rendered":"https:\/\/www.claret.cat\/llibre\/gymnastics-star-1-pasion-por-la-gimnasia-9788408313380\/"},"modified":"2026-04-07T13:40:16","modified_gmt":"2026-04-07T11:40:16","slug":"gymnastics-star-1-pasion-por-la-gimnasia-9788408313380","status":"publish","type":"product","link":"https:\/\/www.claret.cat\/es\/libro\/gymnastics-star-1-pasion-por-la-gimnasia-9788408313380\/","title":{"rendered":"GYMNASTICS STAR 1. PASI\u00d3N POR LA GIMNASIA"},"content":{"rendered":"<p>Si la gimnasia art\u00edstica es tu pasi\u00f3n, te encantar\u00e1 esta colecci\u00f3n.<br \/> Georgia tiene diez a\u00f1os y un gran sue\u00f1o: convertirse en una estrella internacional de gimnasia art\u00edstica.<br \/> Ahora ha dado su primer paso para lograrlo: ha empezado a entrenar en un equipo de \u00e9lite. \u00a1Todo un reto! Nuevas compa\u00f1eras, nuevos entrenadores y rutinas mucho m\u00e1s exigentes.<br \/> Pero el mayor desaf\u00edo est\u00e1 a punto de llegar: su primera competici\u00f3n por equipos. El grupo conf\u00eda en ella para la barra de equilibrio, y Georgia deber\u00e1 demostrar si est\u00e1 lista para brillar\u2026 o si los nervios la har\u00e1n fallar.<br \/>\u00abGymnastics Star\u00bb es una colecci\u00f3n llena de amistad, esfuerzo y superaci\u00f3n, que combina la emoci\u00f3n de la gimnasia art\u00edstica con los retos de la amistad y de crecer. Con cap\u00edtulos cortos, un lenguaje cercano y preciosas ilustraciones en bitono que dan vida a cada p\u00e1gina, es perfecta para lectoras a partir de 7 a\u00f1os.<br \/> Una colecci\u00f3n inspiradora que muestra que con esfuerzo, confianza y amigas a tu lado, \u00a1los sue\u00f1os pueden hacerse realidad!<\/p>\n","protected":false},"excerpt":{"rendered":"<p>GEORGIA GODWIN<\/p>\n","protected":false},"featured_media":1078823,"template":"","meta":{"_acf_changed":false,"om_disable_all_campaigns":false,"rs_blank_template":"","rs_page_bg_color":"","slide_template_v7":"","inline_featured_image":false,"_monsterinsights_skip_tracking":false,"_monsterinsights_sitenote_active":false,"_monsterinsights_sitenote_note":"","_monsterinsights_sitenote_category":0},"product_brand":[],"product_cat":[132,362],"product_tag":[],"class_list":{"0":"post-1078806","1":"product","2":"type-product","3":"status-publish","4":"has-post-thumbnail","6":"product_cat-lectures-per-preadolescents-6-12-anys","7":"product_cat-libros-preadolescentes-6-12-anos","9":"first","10":"instock","11":"taxable","12":"shipping-taxable","13":"purchasable","14":"product-type-simple"},"acf":{"autor":"GEORGIA GODWIN","codart":"840831338","libros-coleccion":"PLANETA EDICIONES","ediciones":"1","encuadernacion":"R\u00fastica","fecha_de_publicacion":"01\/01\/2026","novedad":"1","paginas":"130","subtitulo":"","orden":"0","portada":"0","idioma":"spa","booktrailer":"","resenas":"","editorial":[{"ID":6233,"post_author":"3","post_date":"2022-07-28 17:47:48","post_date_gmt":"2022-07-28 15:47:48","post_content":"","post_title":"EDITORIAL PLANETA","post_excerpt":"","post_status":"publish","comment_status":"closed","ping_status":"closed","post_password":"","post_name":"editorial-planeta","to_ping":"","pinged":"","post_modified":"2022-07-28 17:47:48","post_modified_gmt":"2022-07-28 15:47:48","post_content_filtered":"","post_parent":0,"guid":"http:\/\/dev.claret.cat\/editorial\/editorial-planeta\/","menu_order":0,"post_type":"editorial","post_mime_type":"","comment_count":"0","filter":"raw"}]},"aioseo_notices":[],"_links":{"self":[{"href":"https:\/\/www.claret.cat\/es\/wp-json\/wp\/v2\/product\/1078806","targetHints":{"allow":["GET"]}}],"collection":[{"href":"https:\/\/www.claret.cat\/es\/wp-json\/wp\/v2\/product"}],"about":[{"href":"https:\/\/www.claret.cat\/es\/wp-json\/wp\/v2\/types\/product"}],"wp:featuredmedia":[{"embeddable":true,"href":"https:\/\/www.claret.cat\/es\/wp-json\/wp\/v2\/media\/1078823"}],"wp:attachment":[{"href":"https:\/\/www.claret.cat\/es\/wp-json\/wp\/v2\/media?parent=1078806"}],"wp:term":[{"taxonomy":"product_brand","embeddable":true,"href":"https:\/\/www.claret.cat\/es\/wp-json\/wp\/v2\/product_brand?post=1078806"},{"taxonomy":"product_cat","embeddable":true,"href":"https:\/\/www.claret.cat\/es\/wp-json\/wp\/v2\/product_cat?post=1078806"},{"taxonomy":"product_tag","embeddable":true,"href":"https:\/\/www.claret.cat\/es\/wp-json\/wp\/v2\/product_tag?post=1078806"}],"curies":[{"name":"wp","href":"https:\/\/api.w.org\/{rel}","templated":true}]}}