{"id":1078834,"date":"2026-01-27T17:25:34","date_gmt":"2026-01-27T16:25:34","guid":{"rendered":"https:\/\/www.claret.cat\/llibre\/edicion-especial-dioses-del-juego-2-the-defender-9788408312970\/"},"modified":"2026-01-27T18:50:55","modified_gmt":"2026-01-27T17:50:55","slug":"edicion-especial-dioses-del-juego-2-the-defender-9788408312970","status":"publish","type":"product","link":"https:\/\/www.claret.cat\/es\/libro\/edicion-especial-dioses-del-juego-2-the-defender-9788408312970\/","title":{"rendered":"EDICI\u00d3N ESPECIAL. DIOSES DEL JUEGO 2. THE DEFENDER"},"content":{"rendered":"<p>D\u00e9jate atrapar por la segunda entrega del sports romance de Ana Huang en esta incre\u00edble edici\u00f3n especial.\u00a0<br \/> \u00c9l tiene que seguir las reglas del juego\u2026 pero por ella, estar\u00eda dispuesto a romperlas todas.<br \/> Como capit\u00e1n del Blackcastle Football Club, Vincent DuBois deber\u00eda estar en la cima del mundo.<br \/> Pero cuando su fama le trae problemas, se ve atrapado en su peor pesadilla: compartir piso con la hija de su entrenador, sabiendo que ella es una tentaci\u00f3n imposible de resistir.<br \/> La convivencia se complica cuando ambos hacen una peligrosa apuesta que los acerca a\u00fan m\u00e1s, y se da cuenta de que est\u00e1 metido en un l\u00edo m\u00e1s grande de lo que pensaba.<br \/> Siempre ha jugado para ganar, pero por ella lo arriesgar\u00eda todo.<br \/> **<br \/> Brooklyn Armstrong es nutricionista deportiva e hija de un entrenador legendario, as\u00ed que est\u00e1 acostumbrada a tratar con estrellas del deporte.<br \/> Pero ning\u00fan jugador le saca tanto de quicio como Vincent, el hermano insoportablemente arrogante de su mejor amiga. Ella dej\u00f3 California buscando un nuevo comienzo, y \u00e9l es justo la distracci\u00f3n que no necesita.<br \/> Ahora \u00e9l duerme en la habitaci\u00f3n de al lado, pero por mucho que la tensi\u00f3n entre ellos sea palpable, una relaci\u00f3n entre el capit\u00e1n y la hija del entrenador nunca podr\u00eda funcionar\u2026 \u00bfo s\u00ed?<\/p>\n<p> Enemies to lovers<br \/> Polos opuestos<br \/> Proximidad forzada<br \/> Sports romance<br \/> Spicy<\/p>\n","protected":false},"excerpt":{"rendered":"<p>ANA HUANG<\/p>\n","protected":false},"featured_media":1079054,"template":"","meta":{"_acf_changed":false,"om_disable_all_campaigns":false,"rs_blank_template":"","rs_page_bg_color":"","slide_template_v7":"","inline_featured_image":false,"_monsterinsights_skip_tracking":false,"_monsterinsights_sitenote_active":false,"_monsterinsights_sitenote_note":"","_monsterinsights_sitenote_category":0},"product_brand":[],"product_cat":[127,357],"product_tag":[],"class_list":{"0":"post-1078834","1":"product","2":"type-product","3":"status-publish","4":"has-post-thumbnail","6":"product_cat-novella-contemporania","7":"product_cat-novela-contemporanea","9":"first","10":"instock","11":"taxable","12":"shipping-taxable","13":"purchasable","14":"product-type-simple"},"acf":{"autor":"ANA HUANG","codart":"840831297","libros-coleccion":"NO FICCION","ediciones":"1","encuadernacion":"Carton\u00e9","fecha_de_publicacion":"01\/01\/2026","novedad":"1","paginas":"510","subtitulo":"EDICI\u00d3N ESPECIAL CON CANTOS TINTADOS","orden":"0","portada":"0","idioma":"spa","booktrailer":"","resenas":"","editorial":[{"ID":6233,"post_author":"3","post_date":"2022-07-28 17:47:48","post_date_gmt":"2022-07-28 15:47:48","post_content":"","post_title":"EDITORIAL PLANETA","post_excerpt":"","post_status":"publish","comment_status":"closed","ping_status":"closed","post_password":"","post_name":"editorial-planeta","to_ping":"","pinged":"","post_modified":"2022-07-28 17:47:48","post_modified_gmt":"2022-07-28 15:47:48","post_content_filtered":"","post_parent":0,"guid":"http:\/\/dev.claret.cat\/editorial\/editorial-planeta\/","menu_order":0,"post_type":"editorial","post_mime_type":"","comment_count":"0","filter":"raw"}]},"aioseo_notices":[],"_links":{"self":[{"href":"https:\/\/www.claret.cat\/es\/wp-json\/wp\/v2\/product\/1078834","targetHints":{"allow":["GET"]}}],"collection":[{"href":"https:\/\/www.claret.cat\/es\/wp-json\/wp\/v2\/product"}],"about":[{"href":"https:\/\/www.claret.cat\/es\/wp-json\/wp\/v2\/types\/product"}],"wp:featuredmedia":[{"embeddable":true,"href":"https:\/\/www.claret.cat\/es\/wp-json\/wp\/v2\/media\/1079054"}],"wp:attachment":[{"href":"https:\/\/www.claret.cat\/es\/wp-json\/wp\/v2\/media?parent=1078834"}],"wp:term":[{"taxonomy":"product_brand","embeddable":true,"href":"https:\/\/www.claret.cat\/es\/wp-json\/wp\/v2\/product_brand?post=1078834"},{"taxonomy":"product_cat","embeddable":true,"href":"https:\/\/www.claret.cat\/es\/wp-json\/wp\/v2\/product_cat?post=1078834"},{"taxonomy":"product_tag","embeddable":true,"href":"https:\/\/www.claret.cat\/es\/wp-json\/wp\/v2\/product_tag?post=1078834"}],"curies":[{"name":"wp","href":"https:\/\/api.w.org\/{rel}","templated":true}]}}