{"id":1078938,"date":"2026-01-27T18:00:13","date_gmt":"2026-01-27T17:00:13","guid":{"rendered":"https:\/\/www.claret.cat\/llibre\/gymnastics-star-2-tornar-a-confiar-9791387903039\/"},"modified":"2026-04-14T11:56:24","modified_gmt":"2026-04-14T09:56:24","slug":"gymnastics-star-2-tornar-a-confiar-9791387903039","status":"publish","type":"product","link":"https:\/\/www.claret.cat\/es\/libro\/gymnastics-star-2-tornar-a-confiar-9791387903039\/","title":{"rendered":"GYMNASTICS STAR 2. TORNAR A CONFIAR"},"content":{"rendered":"<p>Si la gimn\u00e0stica art\u00edstica \u00e9s la teva passi\u00f3, t&#8221;encantar\u00e0 aquesta col\u00b7lecci\u00f3.\u00a0<br \/> La Georgia t\u00e9 deu anys i li encata la gimn\u00e0stica. Somia a convertir-se en una estrella internacional&#8230; i aquest \u00e9s el seu diari! Acompanya la Georgia mentre persegueix els seus somnis.<br \/> A la Georgia li encanta entrenar amb el seu equip d&#8221;elit nou&#8230; fins que un dia descobreix que t\u00e9 por de les barres. Com complir\u00e0 el seu somni si no s&#8221;atreveix a pujar a les barres? Per superar aquest repte, la Georgia haur\u00e0 de tornar als exercicis b\u00e0sics, recuperar la confian\u00e7a en ella mateixa i demostrar que amb esfor\u00e7 i valor, cap por es m\u00e9s forta que les seves ganes de brillar!<br \/> \u00abGymnastics Star\u00bb \u00e9s una col\u00b7lecci\u00f3 plena d&#8221;amistat, esfor\u00e7 i superaci\u00f3, que combina l&#8221;emoci\u00f3 de la gimn\u00e0stica art\u00edtica amb els reptes de l&#8221;amistat i de cr\u00e9ixer. Amb cap\u00edtols curts, un llenguatge proper i il\u00b7lustracions a bit\u00f2 precioses que donaran vida a cada p\u00e0gina, \u00e9s perfecta per a lectores a partir de 7 anys.\u00a0<br \/> Una col\u00b7lecci\u00f3 inspiradora que mostra que amb esfor\u00e7, confian\u00e7a i amigues al teu costat, els somnis es poden fer realitat!<\/p>\n","protected":false},"excerpt":{"rendered":"<p>GEORGIA GODWIN<\/p>\n","protected":false},"featured_media":1078939,"template":"","meta":{"_acf_changed":false,"om_disable_all_campaigns":false,"rs_blank_template":"","rs_page_bg_color":"","slide_template_v7":"","inline_featured_image":false,"_monsterinsights_skip_tracking":false,"_monsterinsights_sitenote_active":false,"_monsterinsights_sitenote_note":"","_monsterinsights_sitenote_category":0},"product_brand":[],"product_cat":[132,362],"product_tag":[],"class_list":{"0":"post-1078938","1":"product","2":"type-product","3":"status-publish","4":"has-post-thumbnail","6":"product_cat-lectures-per-preadolescents-6-12-anys","7":"product_cat-libros-preadolescentes-6-12-anos","9":"first","10":"instock","11":"taxable","12":"shipping-taxable","13":"purchasable","14":"product-type-simple"},"acf":{"autor":"GEORGIA GODWIN","codart":"138790303","libros-coleccion":"FORA DE COL.LECCI\u00d3","ediciones":"1","encuadernacion":"R\u00fastica","fecha_de_publicacion":"01\/01\/2026","novedad":"1","paginas":"130","subtitulo":"","orden":"0","portada":"0","idioma":"cat","booktrailer":"","resenas":"","editorial":[{"ID":6249,"post_author":"3","post_date":"2022-07-28 17:48:09","post_date_gmt":"2022-07-28 15:48:09","post_content":"","post_title":"Estrella Polar","post_excerpt":"","post_status":"publish","comment_status":"closed","ping_status":"closed","post_password":"","post_name":"estrella-polar","to_ping":"","pinged":"","post_modified":"2022-07-28 17:48:09","post_modified_gmt":"2022-07-28 15:48:09","post_content_filtered":"","post_parent":0,"guid":"http:\/\/dev.claret.cat\/editorial\/estrella-polar\/","menu_order":0,"post_type":"editorial","post_mime_type":"","comment_count":"0","filter":"raw"}]},"aioseo_notices":[],"_links":{"self":[{"href":"https:\/\/www.claret.cat\/es\/wp-json\/wp\/v2\/product\/1078938","targetHints":{"allow":["GET"]}}],"collection":[{"href":"https:\/\/www.claret.cat\/es\/wp-json\/wp\/v2\/product"}],"about":[{"href":"https:\/\/www.claret.cat\/es\/wp-json\/wp\/v2\/types\/product"}],"wp:featuredmedia":[{"embeddable":true,"href":"https:\/\/www.claret.cat\/es\/wp-json\/wp\/v2\/media\/1078939"}],"wp:attachment":[{"href":"https:\/\/www.claret.cat\/es\/wp-json\/wp\/v2\/media?parent=1078938"}],"wp:term":[{"taxonomy":"product_brand","embeddable":true,"href":"https:\/\/www.claret.cat\/es\/wp-json\/wp\/v2\/product_brand?post=1078938"},{"taxonomy":"product_cat","embeddable":true,"href":"https:\/\/www.claret.cat\/es\/wp-json\/wp\/v2\/product_cat?post=1078938"},{"taxonomy":"product_tag","embeddable":true,"href":"https:\/\/www.claret.cat\/es\/wp-json\/wp\/v2\/product_tag?post=1078938"}],"curies":[{"name":"wp","href":"https:\/\/api.w.org\/{rel}","templated":true}]}}