{"id":107930,"date":"2022-10-12T09:38:49","date_gmt":"2022-10-12T07:38:49","guid":{"rendered":"http:\/\/dev.claret.cat\/producte\/el-infinito-en-un-junco-2\/"},"modified":"2025-09-20T10:10:28","modified_gmt":"2025-09-20T08:10:28","slug":"el-infinito-en-un-junco-9788417860790","status":"publish","type":"product","link":"https:\/\/www.claret.cat\/es\/libro\/el-infinito-en-un-junco-9788417860790\/","title":{"rendered":"EL INFINITO EN UN JUNCO"},"content":{"rendered":"<p>Premio el Ojo Cr\u00edtico de Narrativa 2019<br \/>Premio Las Librer\u00edas Recomiendan de No Ficci\u00f3n 2020<br \/>Premio B\u00faho al Mejor Libro de 2019, que otorga la Asociaci\u00f3n Aragonesa de Amigos del Libro<\/p>\n<p>EL ENSAYO REVELACI\u00d3N DE LA TEMPORADA<br \/>De humo, de piedra, de arcilla, de seda, de piel, de \u00e1rboles, de pl\u00e1stico y de luz&#8230;<\/p>\n<p>Un recorrido por la vida del libro y de quienes lo han salvaguardado durante casi treinta siglos.<\/p>\n<p>\u00abMuy  bien escrito, con p\u00e1ginas realmente admirables; el amor a los libros y a  la lectura son la atm\u00f3sfera en la que transcurren las p\u00e1ginas de esta  obra maestra. Tengo la seguridad absoluta de que se seguir\u00e1 leyendo  cuando sus lectores de ahora est\u00e9n ya en la otra vida\u00bb.<br \/>MARIO VARGAS  LLOSA<\/p>\n<p>\u00abVallejo ha decidido sabiamente liberarse del estilo acad\u00e9mico y ha optado por la voz del cuentista, la historia entendida no como ristra de documentos citados, sino como f\u00e1bula. As\u00ed para el lector com\u00fan y corriente (a quien reivindicaba Virginia Woolf) es m\u00e1s conmovedor y m\u00e1s inmediato este encantador ensayo, por ser simplemente un homenaje al libro de la parte de una lectora apasionada\u00bb.<br \/>ALBERTO MANGUEL, Babelia, El Pa\u00eds<\/p>\n<p>\u00abEs un deleite leer la prosa de Irene Vallejo, creadora, brillante, plena de sensibilidad\u00bb.<br \/>LUIS LANDERO<\/p>\n<p>\u00abEsos libros que te desbravan, que te doman, que te imponen el ritmo de lectura, que te quitan los nervios, no suelen encontrarse, pese a ser tan necesarios, en las primeras l\u00edneas de las mesas de novedades. El \u00faltimo de los descubiertos por m\u00ed se titula El infinito en un junco y es de Irene Vallejo\u00bb.<br \/>JUAN JOS\u00c9 MILL\u00c1S, El Pa\u00eds<\/p>\n<p>\u00abSe puede ser un fil\u00f3logo magistral y al mismo tiempo escribir como los \u00e1ngeles. Irene Vallejo riza el rizo de la comunicaci\u00f3n hasta convertir su di\u00e1logo con el lector en una fiesta literaria\u00bb.<br \/>LUIS ALBERTO DE CUENCA, ABC<\/p>\n<p>\u00abUna admirable indagaci\u00f3n sobre los or\u00edgenes del mayor instrumento de libertad que se ha dado el ser humano: el libro\u00bb.<br \/>RAFAEL ARGULLOL<\/p>\n<p>\u00abLos libros de Irene Vallejo, claros e inteligentes, se leen muy bien e invitan a pensar. En la mejor l\u00ednea humanista\u00bb.<br \/>CARLOS GARC\u00cdA GUAL<\/p>\n<p>\u00abAmigos lectores: corred a leer El infinito en un junco, de Irene Vallejo\u00bb.<br \/>MARUJA TORRES<\/p>\n<p>\u00abSe puede ser un fil\u00f3logo magistral y al mismo tiempo escribir como los \u00e1ngeles. Irene Vallejo riza el rizo de la comunicaci\u00f3n hasta convertir su di\u00e1logo con el lector en una fiesta literaria\u00bb.<br \/>LUIS ALBERTO DE CUENCA, ABC<\/p>\n<p>\u00abUn viaje muy libre y muy sabio y muy digresivo por el mundo del libro desde la creaci\u00f3n de la Biblioteca de Alejandr\u00eda hasta la ca\u00edda del Imperio romano; Irene Vallejo acaba de firmar un libro genial, universal, \u00fanico\u00bb.<br \/>JORDI CARRI\u00d3N, The New York Times<\/p>\n<p>\u00abUn libro muy original: la historia de los libros, el alfabeto, las bibliotecas&#8230; contada con erudici\u00f3n y amenidad, sentido del humor y elegancia, haciendo paralelismos con el presente\u00bb.<br \/>LAURA FREIXAS<\/p>\n<p>\u00abUn libro hermoso y bien concebido que a\u00fana la sensibilidad y el criterio con la capacidad narrativa\u00bb.<br \/>IGNACIO F. GARMENDIA, M\u00e1laga hoy<\/p>\n<p>\u00abDesde las sorprendentes primeras p\u00e1ginas, advertimos que no nos encontramos ante un libro convencional. Irene Vallejo ha dado el salto a Siruela con una aut\u00e9ntica explosi\u00f3n de talento\u00bb.<br \/>RICARDO LLADOSA, Zenda<\/p>\n<p>\u00abIrene Vallejo acaba de firmar un libro genial, universal, \u00fanico, que sin duda se convertir\u00e1 en un cl\u00e1sico\u00bb.<br \/>JUAN BOLEA, El Peri\u00f3dico de Arag\u00f3n<\/p>\n<p>Este es un libro sobre la historia de los libros. Un recorrido por la vida de ese fascinante artefacto que inventamos para que las palabras pudieran viajar en el espacio y en el tiempo. La historia de su fabricaci\u00f3n, de todos los tipos que hemos ensayado a lo largo de casi treinta siglos: libros de humo, de piedra, de arcilla, de juncos, de seda, de piel, de \u00e1rboles y, los \u00faltimos llegados, de pl\u00e1stico y luz.<\/p>\n<p>Es, adem\u00e1s, un libro de viajes. Una ruta con escalas en los campos de batalla de Alejandro y en la Villa de los Papiros bajo la erupci\u00f3n del Vesubio, en los palacios de Cleopatra y en el escenario del crimen de Hipatia, en las primeras librer\u00edas conocidas y en los talleres de copia manuscrita, en las hogueras donde ardieron c\u00f3dices prohibidos, en el gulag, en la biblioteca de Sarajevo y en el laberinto subterr\u00e1neo de Oxford en el a\u00f1o 2000. Un hilo que une a los cl\u00e1sicos con el vertiginoso mundo contempor\u00e1neo, conect\u00e1ndolos con debates actuales: Arist\u00f3fanes y los procesos judiciales contra humoristas, Safo y la voz literaria de las mujeres, Tito Livio y el fen\u00f3meno fan, S\u00e9neca y la posverdad;<\/p>\n<p>Pero, sobre todo, esta es una fabulosa aventura colectiva protagonizada por miles de personas que, a lo largo del tiempo, han hecho posibles y han protegido los libros: narradoras orales, escribas, iluminadores, traductores, vendedores ambulantes, maestras, sabios, esp\u00edas, rebeldes, monjas, esclavos, aventureras; Lectores en paisajes de monta\u00f1a y junto al mar que ruge, en las capitales donde la energ\u00eda se concentra y en los enclaves m\u00e1s apartados donde el saber se refugia en tiempos de caos. Gente com\u00fan cuyos nombres en muchos casos no registra la historia, esos salvadores de libros que son los aut\u00e9nticos protagonistas de este ensayo.<\/p>\n","protected":false},"excerpt":{"rendered":"<p>VALLEJO, IRENE<\/p>\n","protected":false},"featured_media":327648,"template":"","meta":{"_acf_changed":false,"om_disable_all_campaigns":false,"rs_blank_template":"","rs_page_bg_color":"","slide_template_v7":"","inline_featured_image":false,"_monsterinsights_skip_tracking":false,"_monsterinsights_sitenote_active":false,"_monsterinsights_sitenote_note":"","_monsterinsights_sitenote_category":0},"product_brand":[],"product_cat":[90,540],"product_tag":[],"class_list":{"0":"post-107930","1":"product","2":"type-product","3":"status-publish","4":"has-post-thumbnail","6":"product_cat-altres","7":"product_cat-otros","9":"first","10":"instock","11":"taxable","12":"shipping-taxable","13":"purchasable","14":"product-type-simple"},"acf":{"editorial":[{"ID":6365,"post_author":"3","post_date":"2022-07-28 17:50:37","post_date_gmt":"2022-07-28 15:50:37","post_content":"","post_title":"Siruela","post_excerpt":"","post_status":"publish","comment_status":"closed","ping_status":"closed","post_password":"","post_name":"siruela","to_ping":"","pinged":"","post_modified":"2022-07-28 17:50:37","post_modified_gmt":"2022-07-28 15:50:37","post_content_filtered":"","post_parent":0,"guid":"http:\/\/dev.claret.cat\/editorial\/siruela\/","menu_order":0,"post_type":"editorial","post_mime_type":"","comment_count":"0","filter":"raw"}],"autores-libros":[{"ID":5553,"post_author":"3","post_date":"2022-07-28 17:26:27","post_date_gmt":"2022-07-28 15:26:27","post_content":"","post_title":"IRENE VALLEJO","post_excerpt":"","post_status":"publish","comment_status":"closed","ping_status":"closed","post_password":"","post_name":"irene-vallejo","to_ping":"","pinged":"","post_modified":"2022-07-28 17:26:27","post_modified_gmt":"2022-07-28 15:26:27","post_content_filtered":"","post_parent":0,"guid":"http:\/\/dev.claret.cat\/autor\/irene-vallejo\/","menu_order":0,"post_type":"autor","post_mime_type":"","comment_count":"0","filter":"raw"}],"autor":"VALLEJO, IRENE","codart":"841786079","libros-coleccion":"Biblioteca de Ensayo \/ Serie mayor","ediciones":"1","encuadernacion":"R\u00fastica","fecha_de_publicacion":"01\/06\/2020","novedad":"1","paginas":"452","subtitulo":"LA INVENCI\u00d3N DE LOS LIBROS EN EL MUNDO ANTIGUO","orden":"0","portada":"0","idioma":"spa","booktrailer":"","resenas":""},"aioseo_notices":[],"_links":{"self":[{"href":"https:\/\/www.claret.cat\/es\/wp-json\/wp\/v2\/product\/107930","targetHints":{"allow":["GET"]}}],"collection":[{"href":"https:\/\/www.claret.cat\/es\/wp-json\/wp\/v2\/product"}],"about":[{"href":"https:\/\/www.claret.cat\/es\/wp-json\/wp\/v2\/types\/product"}],"wp:featuredmedia":[{"embeddable":true,"href":"https:\/\/www.claret.cat\/es\/wp-json\/wp\/v2\/media\/327648"}],"wp:attachment":[{"href":"https:\/\/www.claret.cat\/es\/wp-json\/wp\/v2\/media?parent=107930"}],"wp:term":[{"taxonomy":"product_brand","embeddable":true,"href":"https:\/\/www.claret.cat\/es\/wp-json\/wp\/v2\/product_brand?post=107930"},{"taxonomy":"product_cat","embeddable":true,"href":"https:\/\/www.claret.cat\/es\/wp-json\/wp\/v2\/product_cat?post=107930"},{"taxonomy":"product_tag","embeddable":true,"href":"https:\/\/www.claret.cat\/es\/wp-json\/wp\/v2\/product_tag?post=107930"}],"curies":[{"name":"wp","href":"https:\/\/api.w.org\/{rel}","templated":true}]}}