{"id":1079397,"date":"2026-01-28T14:20:51","date_gmt":"2026-01-28T13:20:51","guid":{"rendered":"https:\/\/www.claret.cat\/llibre\/a-dormir-busca-y-encuentra-para-los-mas-pequenos-9791039576284\/"},"modified":"2026-02-28T13:05:18","modified_gmt":"2026-02-28T12:05:18","slug":"a-dormir-busca-y-encuentra-para-los-mas-pequenos-9791039576284","status":"publish","type":"product","link":"https:\/\/www.claret.cat\/es\/libro\/a-dormir-busca-y-encuentra-para-los-mas-pequenos-9791039576284\/","title":{"rendered":"A DORMIR. BUSCA Y ENCUENTRA PARA LOS M\u00c1S PEQUE\u00d1OS"},"content":{"rendered":"<p>A trav\u00e9s de 9 l\u00e1minas repletas de detalles, los m\u00e1s peque\u00f1os se embarcan en la exploraci\u00f3n del mundo m\u00e1gico de los sue\u00f1os y el sue\u00f1o.<\/p>\n<p>Observad atentamente y encuentrad 7 elementos (m\u00e1s la mascota) bien escondidos en cada l\u00e1mina: animales dormidos, estrellas fugaces, Peter Pan o el hombre de arena aparecen a lo largo de las p\u00e1ginas.<\/p>\n<p>\u00a1Un barniz fosforescente permite descubrir elementos ocultos en la oscuridad!<\/p>\n<p> Un busca y encuentra que brilla en la oscuridad<\/p>\n<p>La siesta: una tem\u00e1tica clave para los m\u00e1s peque\u00f1os<\/p>\n<p>Una actividad que fomenta el sentido de la observaci\u00f3n y la memoria<\/p>\n<p>Ilustraciones coloridas y atractivas<\/p>\n","protected":false},"excerpt":{"rendered":"<p>OPREA, TEODORA<\/p>\n","protected":false},"featured_media":1079398,"template":"","meta":{"_acf_changed":false,"om_disable_all_campaigns":false,"rs_blank_template":"","rs_page_bg_color":"","slide_template_v7":"","inline_featured_image":false,"_monsterinsights_skip_tracking":false,"_monsterinsights_sitenote_active":false,"_monsterinsights_sitenote_note":"","_monsterinsights_sitenote_category":0},"product_brand":[],"product_cat":[131,361,135,365],"product_tag":[],"class_list":{"0":"post-1079397","1":"product","2":"type-product","3":"status-publish","4":"has-post-thumbnail","6":"product_cat-contes-per-infants-0-6-anys","7":"product_cat-cuentos-para-ninos-0-6-anos","8":"product_cat-entreteniment","9":"product_cat-entretenimientos","11":"first","12":"instock","13":"taxable","14":"shipping-taxable","15":"purchasable","16":"product-type-simple"},"acf":{"autor":"OPREA, TEODORA","codart":"103957628","libros-coleccion":"FORA DE COL.LECCI\u00d3","ediciones":"1","encuadernacion":"R\u00fastica","fecha_de_publicacion":"01\/11\/2025","novedad":"1","paginas":"18","subtitulo":"","orden":"0","portada":"0","idioma":"spa","booktrailer":"","resenas":"","editorial":[{"ID":147502,"post_author":"3","post_date":"2022-10-14 11:51:04","post_date_gmt":"2022-10-14 09:51:04","post_content":"","post_title":"Auzou","post_excerpt":"","post_status":"publish","comment_status":"closed","ping_status":"closed","post_password":"","post_name":"auzou","to_ping":"","pinged":"","post_modified":"2022-10-14 11:51:04","post_modified_gmt":"2022-10-14 09:51:04","post_content_filtered":"","post_parent":0,"guid":"http:\/\/dev.claret.cat\/editorial\/auzou\/","menu_order":0,"post_type":"editorial","post_mime_type":"","comment_count":"0","filter":"raw"}]},"aioseo_notices":[],"_links":{"self":[{"href":"https:\/\/www.claret.cat\/es\/wp-json\/wp\/v2\/product\/1079397","targetHints":{"allow":["GET"]}}],"collection":[{"href":"https:\/\/www.claret.cat\/es\/wp-json\/wp\/v2\/product"}],"about":[{"href":"https:\/\/www.claret.cat\/es\/wp-json\/wp\/v2\/types\/product"}],"wp:featuredmedia":[{"embeddable":true,"href":"https:\/\/www.claret.cat\/es\/wp-json\/wp\/v2\/media\/1079398"}],"wp:attachment":[{"href":"https:\/\/www.claret.cat\/es\/wp-json\/wp\/v2\/media?parent=1079397"}],"wp:term":[{"taxonomy":"product_brand","embeddable":true,"href":"https:\/\/www.claret.cat\/es\/wp-json\/wp\/v2\/product_brand?post=1079397"},{"taxonomy":"product_cat","embeddable":true,"href":"https:\/\/www.claret.cat\/es\/wp-json\/wp\/v2\/product_cat?post=1079397"},{"taxonomy":"product_tag","embeddable":true,"href":"https:\/\/www.claret.cat\/es\/wp-json\/wp\/v2\/product_tag?post=1079397"}],"curies":[{"name":"wp","href":"https:\/\/api.w.org\/{rel}","templated":true}]}}