{"id":1079438,"date":"2026-01-28T16:40:08","date_gmt":"2026-01-28T15:40:08","guid":{"rendered":"https:\/\/www.claret.cat\/llibre\/casa-fuster-9788410377721\/"},"modified":"2026-01-28T17:42:08","modified_gmt":"2026-01-28T16:42:08","slug":"casa-fuster-9788410377721","status":"publish","type":"product","link":"https:\/\/www.claret.cat\/es\/libro\/casa-fuster-9788410377721\/","title":{"rendered":"CASA FUSTER"},"content":{"rendered":"<p>Casa Fuster no es tan solo una joya arquitect\u00f3nica del modernismo, sino que constituye el eje alrededor del cual se construye la historia de un conjunto de familias mallorquinas, descendientes de conversos, que, desde finales del siglo XIX y comienzos del XX, se desplazan a Catalu\u00f1a, a la b\u00fasqueda de nuevos horizontes de convivencia, al tiempo que de familias catalanas que se integran en Mallorca a lo largo de la misma \u00e9poca. Tal historia nos invita a reflexionar sobre las diferencias sociales en la Mallorca de finales del XIX, y la lucha por tender puentes, desde la tan necesaria \u201ccultura del encuentro\u201d. Como ha se\u00f1alado Rosa Planas en su pr\u00f3logo, \u00abel lector recibe la impronta de lugares, momentos acciones, personas\u2026 es decir el material de la historia, a trav\u00e9s de los ojos de un hombre de experiencia, de vida, de conocimiento, que ha sabido vivir a caballo entre varios mundos. No se trata de un canto de cisne, sino de un baile pac\u00edfico en un escenario separado por el mar. Mallorca y Catalu\u00f1a, feliz encuentro en la identidad del recuerdo\u00bb.<\/p>\n","protected":false},"excerpt":{"rendered":"<p>ROM\u00c1N PI\u00d1A FUSTER<\/p>\n","protected":false},"featured_media":1079439,"template":"","meta":{"_acf_changed":false,"om_disable_all_campaigns":false,"rs_blank_template":"","rs_page_bg_color":"","slide_template_v7":"","inline_featured_image":false,"_monsterinsights_skip_tracking":false,"_monsterinsights_sitenote_active":false,"_monsterinsights_sitenote_note":"","_monsterinsights_sitenote_category":0},"product_brand":[],"product_cat":[110,560,430,153],"product_tag":[],"class_list":{"0":"post-1079438","1":"product","2":"type-product","3":"status-publish","4":"has-post-thumbnail","6":"product_cat-art","7":"product_cat-arte","8":"product_cat-cataluna","9":"product_cat-catalunya","11":"first","12":"instock","13":"taxable","14":"shipping-taxable","15":"purchasable","16":"product-type-simple"},"acf":{"autor":"ROM\u00c1N PI\u00d1A FUSTER","codart":"841037772","libros-coleccion":"","ediciones":"1","encuadernacion":"R\u00fastica","fecha_de_publicacion":"01\/01\/2026","novedad":"1","paginas":"152","subtitulo":"UNA MALLORCA SINGULAR EN LA CATALU\u00d1A SE\u00d1ORIAL (1860-1930)","orden":"0","portada":"0","idioma":"spa","booktrailer":"","resenas":"","editorial":[{"ID":993974,"post_author":"3","post_date":"2024-11-27 15:50:14","post_date_gmt":"2024-11-27 14:50:14","post_content":"","post_title":"LLEONARD MUNTANER ED","post_excerpt":"","post_status":"publish","comment_status":"closed","ping_status":"closed","post_password":"","post_name":"lleonard-muntaner-ed","to_ping":"","pinged":"","post_modified":"2024-11-27 15:50:14","post_modified_gmt":"2024-11-27 14:50:14","post_content_filtered":"","post_parent":0,"guid":"https:\/\/www.claret.cat\/editorial\/lleonard-muntaner-ed\/","menu_order":0,"post_type":"editorial","post_mime_type":"","comment_count":"0","filter":"raw"}]},"aioseo_notices":[],"_links":{"self":[{"href":"https:\/\/www.claret.cat\/es\/wp-json\/wp\/v2\/product\/1079438","targetHints":{"allow":["GET"]}}],"collection":[{"href":"https:\/\/www.claret.cat\/es\/wp-json\/wp\/v2\/product"}],"about":[{"href":"https:\/\/www.claret.cat\/es\/wp-json\/wp\/v2\/types\/product"}],"wp:featuredmedia":[{"embeddable":true,"href":"https:\/\/www.claret.cat\/es\/wp-json\/wp\/v2\/media\/1079439"}],"wp:attachment":[{"href":"https:\/\/www.claret.cat\/es\/wp-json\/wp\/v2\/media?parent=1079438"}],"wp:term":[{"taxonomy":"product_brand","embeddable":true,"href":"https:\/\/www.claret.cat\/es\/wp-json\/wp\/v2\/product_brand?post=1079438"},{"taxonomy":"product_cat","embeddable":true,"href":"https:\/\/www.claret.cat\/es\/wp-json\/wp\/v2\/product_cat?post=1079438"},{"taxonomy":"product_tag","embeddable":true,"href":"https:\/\/www.claret.cat\/es\/wp-json\/wp\/v2\/product_tag?post=1079438"}],"curies":[{"name":"wp","href":"https:\/\/api.w.org\/{rel}","templated":true}]}}