{"id":1079632,"date":"2026-01-29T12:45:25","date_gmt":"2026-01-29T11:45:25","guid":{"rendered":"https:\/\/www.claret.cat\/llibre\/hospital-sant-joan-de-deu-una-organizacion-jirafa-9788408316138\/"},"modified":"2026-01-29T12:50:24","modified_gmt":"2026-01-29T11:50:24","slug":"hospital-sant-joan-de-deu-una-organizacion-jirafa-9788408316138","status":"publish","type":"product","link":"https:\/\/www.claret.cat\/es\/libro\/hospital-sant-joan-de-deu-una-organizacion-jirafa-9788408316138\/","title":{"rendered":"HOSPITAL SANT JOAN DE D\u00c9U: UNA ORGANIZACI\u00d3N &#8216;JIRAFA&#8217;"},"content":{"rendered":"<p>Una inspiradora historia real de c\u00f3mo una organizaci\u00f3n unida por un prop\u00f3sito y un compromiso colectivo puede lograr lo que parec\u00eda imposible: transformar una crisis econ\u00f3mica en excelencia y humanidad hasta convertirse en un referente mundial.Esta es la historia de un hospital que innova por necesidad y por convicci\u00f3n, y que entiende que solo se puede avanzar cuando se hace desde el coraz\u00f3n, la cooperaci\u00f3n y el compromiso colectivo. Esta obra explica la profunda transformaci\u00f3n de un peque\u00f1o hospital religioso en uno de los centros pedi\u00e1tricos m\u00e1s admirados del mundo.<br \/> Una historia de valent\u00eda, de mirada amplia y de un prop\u00f3sito que perdura: poner siempre el bienestar de los ni\u00f1os en el centro.<\/p>\n","protected":false},"excerpt":{"rendered":"<p>MANEL DEL CASTILLO<\/p>\n","protected":false},"featured_media":1079633,"template":"","meta":{"_acf_changed":false,"om_disable_all_campaigns":false,"rs_blank_template":"","rs_page_bg_color":"","slide_template_v7":"","inline_featured_image":false,"_monsterinsights_skip_tracking":false,"_monsterinsights_sitenote_active":false,"_monsterinsights_sitenote_note":"","_monsterinsights_sitenote_category":0},"product_brand":[],"product_cat":[90,540],"product_tag":[],"class_list":{"0":"post-1079632","1":"product","2":"type-product","3":"status-publish","4":"has-post-thumbnail","6":"product_cat-altres","7":"product_cat-otros","9":"first","10":"instock","11":"taxable","12":"shipping-taxable","13":"purchasable","14":"product-type-simple"},"acf":{"autor":"MANEL DEL CASTILLO","codart":"840831613","libros-coleccion":"","ediciones":"1","encuadernacion":"Carton\u00e9","fecha_de_publicacion":"01\/01\/2026","novedad":"1","paginas":"144","subtitulo":"","orden":"0","portada":"0","idioma":"spa","booktrailer":"","resenas":"","editorial":[{"ID":6233,"post_author":"3","post_date":"2022-07-28 17:47:48","post_date_gmt":"2022-07-28 15:47:48","post_content":"","post_title":"EDITORIAL PLANETA","post_excerpt":"","post_status":"publish","comment_status":"closed","ping_status":"closed","post_password":"","post_name":"editorial-planeta","to_ping":"","pinged":"","post_modified":"2022-07-28 17:47:48","post_modified_gmt":"2022-07-28 15:47:48","post_content_filtered":"","post_parent":0,"guid":"http:\/\/dev.claret.cat\/editorial\/editorial-planeta\/","menu_order":0,"post_type":"editorial","post_mime_type":"","comment_count":"0","filter":"raw"}]},"aioseo_notices":[],"_links":{"self":[{"href":"https:\/\/www.claret.cat\/es\/wp-json\/wp\/v2\/product\/1079632","targetHints":{"allow":["GET"]}}],"collection":[{"href":"https:\/\/www.claret.cat\/es\/wp-json\/wp\/v2\/product"}],"about":[{"href":"https:\/\/www.claret.cat\/es\/wp-json\/wp\/v2\/types\/product"}],"wp:featuredmedia":[{"embeddable":true,"href":"https:\/\/www.claret.cat\/es\/wp-json\/wp\/v2\/media\/1079633"}],"wp:attachment":[{"href":"https:\/\/www.claret.cat\/es\/wp-json\/wp\/v2\/media?parent=1079632"}],"wp:term":[{"taxonomy":"product_brand","embeddable":true,"href":"https:\/\/www.claret.cat\/es\/wp-json\/wp\/v2\/product_brand?post=1079632"},{"taxonomy":"product_cat","embeddable":true,"href":"https:\/\/www.claret.cat\/es\/wp-json\/wp\/v2\/product_cat?post=1079632"},{"taxonomy":"product_tag","embeddable":true,"href":"https:\/\/www.claret.cat\/es\/wp-json\/wp\/v2\/product_tag?post=1079632"}],"curies":[{"name":"wp","href":"https:\/\/api.w.org\/{rel}","templated":true}]}}