{"id":1079636,"date":"2026-01-29T12:50:09","date_gmt":"2026-01-29T11:50:09","guid":{"rendered":"https:\/\/www.claret.cat\/llibre\/hospital-sant-joan-de-deu-una-organitzacio-girafa-9788408316145\/"},"modified":"2026-01-29T12:50:28","modified_gmt":"2026-01-29T11:50:28","slug":"hospital-sant-joan-de-deu-una-organitzacio-girafa-9788408316145","status":"publish","type":"product","link":"https:\/\/www.claret.cat\/es\/libro\/hospital-sant-joan-de-deu-una-organitzacio-girafa-9788408316145\/","title":{"rendered":"HOSPITAL SANT JOAN DE D\u00c9U: UNA ORGANITZACI\u00d3 &#8216;GIRAFA&#8217;"},"content":{"rendered":"<p>La inspiradora hist\u00f2ria real de com una organitzaci\u00f3 unida per un prop\u00f2sit i un comprom\u00eds col\u00b7lectiu pot aconseguir el que semblava impossible: transformar una crisi econ\u00f2mica en excel\u00b7l\u00e8ncia i humanitat fins a convertir-se en un referent mundial.Aquesta \u00e9s la hist\u00f2ria d\u2019un hospital que innova per necessitat i per convicci\u00f3, i que ent\u00e9n que nom\u00e9s es pot avan\u00e7ar quan es fa des del cor, la cooperaci\u00f3 i el comprom\u00eds col\u00b7lectiu. Aquesta obra explica la profunda transformaci\u00f3 d\u2019un petit hospital religi\u00f3s en un dels centres pedi\u00e0trics m\u00e9s admirats del m\u00f3n.<br \/> \u00a0<br \/> Una hist\u00f2ria de valentia, d\u2019amplitud de mirada i d\u2019un prop\u00f2sit que perdura: posar sempre el benestar dels infants al centre.<\/p>\n","protected":false},"excerpt":{"rendered":"<p>MANEL DEL CASTILLO<\/p>\n","protected":false},"featured_media":1079637,"template":"","meta":{"_acf_changed":false,"om_disable_all_campaigns":false,"rs_blank_template":"","rs_page_bg_color":"","slide_template_v7":"","inline_featured_image":false,"_monsterinsights_skip_tracking":false,"_monsterinsights_sitenote_active":false,"_monsterinsights_sitenote_note":"","_monsterinsights_sitenote_category":0},"product_brand":[],"product_cat":[90,540],"product_tag":[],"class_list":{"0":"post-1079636","1":"product","2":"type-product","3":"status-publish","4":"has-post-thumbnail","6":"product_cat-altres","7":"product_cat-otros","9":"first","10":"instock","11":"taxable","12":"shipping-taxable","13":"purchasable","14":"product-type-simple"},"acf":{"autor":"MANEL DEL CASTILLO","codart":"840831614","libros-coleccion":"","ediciones":"1","encuadernacion":"Carton\u00e9","fecha_de_publicacion":"01\/01\/2026","novedad":"1","paginas":"144","subtitulo":"","orden":"0","portada":"0","idioma":"cat","booktrailer":"","resenas":"","editorial":[{"ID":6233,"post_author":"3","post_date":"2022-07-28 17:47:48","post_date_gmt":"2022-07-28 15:47:48","post_content":"","post_title":"EDITORIAL PLANETA","post_excerpt":"","post_status":"publish","comment_status":"closed","ping_status":"closed","post_password":"","post_name":"editorial-planeta","to_ping":"","pinged":"","post_modified":"2022-07-28 17:47:48","post_modified_gmt":"2022-07-28 15:47:48","post_content_filtered":"","post_parent":0,"guid":"http:\/\/dev.claret.cat\/editorial\/editorial-planeta\/","menu_order":0,"post_type":"editorial","post_mime_type":"","comment_count":"0","filter":"raw"}]},"aioseo_notices":[],"_links":{"self":[{"href":"https:\/\/www.claret.cat\/es\/wp-json\/wp\/v2\/product\/1079636","targetHints":{"allow":["GET"]}}],"collection":[{"href":"https:\/\/www.claret.cat\/es\/wp-json\/wp\/v2\/product"}],"about":[{"href":"https:\/\/www.claret.cat\/es\/wp-json\/wp\/v2\/types\/product"}],"wp:featuredmedia":[{"embeddable":true,"href":"https:\/\/www.claret.cat\/es\/wp-json\/wp\/v2\/media\/1079637"}],"wp:attachment":[{"href":"https:\/\/www.claret.cat\/es\/wp-json\/wp\/v2\/media?parent=1079636"}],"wp:term":[{"taxonomy":"product_brand","embeddable":true,"href":"https:\/\/www.claret.cat\/es\/wp-json\/wp\/v2\/product_brand?post=1079636"},{"taxonomy":"product_cat","embeddable":true,"href":"https:\/\/www.claret.cat\/es\/wp-json\/wp\/v2\/product_cat?post=1079636"},{"taxonomy":"product_tag","embeddable":true,"href":"https:\/\/www.claret.cat\/es\/wp-json\/wp\/v2\/product_tag?post=1079636"}],"curies":[{"name":"wp","href":"https:\/\/api.w.org\/{rel}","templated":true}]}}