{"id":1079785,"date":"2026-01-30T11:10:10","date_gmt":"2026-01-30T10:10:10","guid":{"rendered":"https:\/\/www.claret.cat\/llibre\/universitarios-humanistas-y-cantamananas-9788432172984\/"},"modified":"2026-02-26T17:55:34","modified_gmt":"2026-02-26T16:55:34","slug":"universitarios-humanistas-y-cantamananas-9788432172984","status":"publish","type":"product","link":"https:\/\/www.claret.cat\/es\/libro\/universitarios-humanistas-y-cantamananas-9788432172984\/","title":{"rendered":"UNIVERSITARIOS, HUMANISTAS Y CANTAMA\u00d1ANAS"},"content":{"rendered":"<p>Una reflexi\u00f3n sobre el prop\u00f3sito de la educaci\u00f3n superior y la importancia de recuperar su esencia. El autor defiende el valor de los cl\u00e1sicos como puente entre pasado, presente y futuro. El autor se fija en el estado actual y el prop\u00f3sito de la educaci\u00f3n superior, compar\u00e1ndolo con las ideas presentes en los or\u00edgenes hist\u00f3ricos de la universidad. Considera que hoy se subraya la empleabilidad, las instalaciones y la atenci\u00f3n de los alumnos, pero que no deber\u00eda olvidarse lo m\u00e1s valioso: los maestros, las lecciones, el conocimiento y el estudio riguroso. Al hablar de las Humanidades destaca que no se trata de conservar lo antiguo como quien guarda cenizas, sino de avivar un fuego en el que pasado, presente y futuro se a\u00fanan gracias a la fuerza de los cl\u00e1sicos. Finalmente, analiza los llamados \u2018estudios culturales\u2019 y \u2018de g\u00e9nero\u2019, descubriendo su condici\u00f3n de constructos posmodernos en los que est\u00e1n ausentes la objetividad, la posibilidad de di\u00e1logo racional y la misma noci\u00f3n de verdad<\/p>\n","protected":false},"excerpt":{"rendered":"<p>ARANGUREN, JAVIER<\/p>\n","protected":false},"featured_media":1086811,"template":"","meta":{"_acf_changed":false,"om_disable_all_campaigns":false,"rs_blank_template":"","rs_page_bg_color":"","slide_template_v7":"","inline_featured_image":false,"_monsterinsights_skip_tracking":false,"_monsterinsights_sitenote_active":false,"_monsterinsights_sitenote_note":"","_monsterinsights_sitenote_category":0},"product_brand":[],"product_cat":[90,540],"product_tag":[],"class_list":{"0":"post-1079785","1":"product","2":"type-product","3":"status-publish","4":"has-post-thumbnail","6":"product_cat-altres","7":"product_cat-otros","9":"first","10":"instock","11":"taxable","12":"shipping-taxable","13":"purchasable","14":"product-type-simple"},"acf":{"autor":"ARANGUREN, JAVIER","codart":"843217298","libros-coleccion":"Bolsillo Rialp","ediciones":"1","encuadernacion":"R\u00fastica","fecha_de_publicacion":"22\/01\/2026","novedad":"1","paginas":"130","subtitulo":"LOS VERDADEROS Y LOS FALSOS HUMANISTAS ","orden":"0","portada":"0","idioma":"spa","booktrailer":"","resenas":"","editorial":[{"ID":6348,"post_author":"3","post_date":"2022-07-28 17:50:16","post_date_gmt":"2022-07-28 15:50:16","post_content":"","post_title":"Rialp","post_excerpt":"","post_status":"publish","comment_status":"closed","ping_status":"closed","post_password":"","post_name":"rialp","to_ping":"","pinged":"","post_modified":"2022-07-28 17:50:16","post_modified_gmt":"2022-07-28 15:50:16","post_content_filtered":"","post_parent":0,"guid":"http:\/\/dev.claret.cat\/editorial\/rialp\/","menu_order":0,"post_type":"editorial","post_mime_type":"","comment_count":"0","filter":"raw"}]},"aioseo_notices":[],"_links":{"self":[{"href":"https:\/\/www.claret.cat\/es\/wp-json\/wp\/v2\/product\/1079785","targetHints":{"allow":["GET"]}}],"collection":[{"href":"https:\/\/www.claret.cat\/es\/wp-json\/wp\/v2\/product"}],"about":[{"href":"https:\/\/www.claret.cat\/es\/wp-json\/wp\/v2\/types\/product"}],"wp:featuredmedia":[{"embeddable":true,"href":"https:\/\/www.claret.cat\/es\/wp-json\/wp\/v2\/media\/1086811"}],"wp:attachment":[{"href":"https:\/\/www.claret.cat\/es\/wp-json\/wp\/v2\/media?parent=1079785"}],"wp:term":[{"taxonomy":"product_brand","embeddable":true,"href":"https:\/\/www.claret.cat\/es\/wp-json\/wp\/v2\/product_brand?post=1079785"},{"taxonomy":"product_cat","embeddable":true,"href":"https:\/\/www.claret.cat\/es\/wp-json\/wp\/v2\/product_cat?post=1079785"},{"taxonomy":"product_tag","embeddable":true,"href":"https:\/\/www.claret.cat\/es\/wp-json\/wp\/v2\/product_tag?post=1079785"}],"curies":[{"name":"wp","href":"https:\/\/api.w.org\/{rel}","templated":true}]}}