{"id":1080574,"date":"2026-02-03T17:21:11","date_gmt":"2026-02-03T16:21:11","guid":{"rendered":"https:\/\/www.claret.cat\/llibre\/atlas-de-geografia-grandes-ciudades-del-mundo-9789873884146\/"},"modified":"2026-02-03T17:45:49","modified_gmt":"2026-02-03T16:45:49","slug":"atlas-de-geografia-grandes-ciudades-del-mundo-9789873884146","status":"publish","type":"product","link":"https:\/\/www.claret.cat\/es\/libro\/atlas-de-geografia-grandes-ciudades-del-mundo-9789873884146\/","title":{"rendered":"ATLAS DE GEOGRAF\u00cdA GRANDES CIUDADES DEL MUNDO"},"content":{"rendered":"<p>Enciclopedia tem\u00e1tica dise\u00f1ada para aprender jugando. Contiene \u00adfichas infogr\u00e1ficas doble faz, presentadas a modo de p\u00e1ginas sueltas en la obra, ideales para ser utilizadas de forma interactiva. Su informaci\u00f3n categorizada facilita la comprensi\u00f3n mediante la lectura, la comparaci\u00f3n y la deducci\u00f3n.<\/p>\n<p>Adem\u00e1s, podr\u00e1s jugar comparando sus curiosidades y divertirte con tres din\u00e1micas para compartir con familia y amigos.<\/p>\n<p>Razas incluidas:<\/p>\n<p>Akita inu, Basset hound, Beagle, Border collie, Boxer, Bull terrier, Bulldog, Caniche toy, Chihuahua, Chow chow, Cocker spaniel, Dachshund, D\u00e1lmata, D\u00f3berman, Dogo argentino, Fox terrier, Galgo, Golden retriever, Gran dan\u00e9s, Labrador retriever, Malt\u00e9s, Pastor alem\u00e1n, Pequin\u00e9s, Pitbull, Pointer, Rottweiler, Samoyedo, San Bernardo, Setter irland\u00e9s, Shar pei, Siberian husky y Weimaraner.<\/p>\n","protected":false},"excerpt":{"rendered":"<p>BEZARES, A.<\/p>\n","protected":false},"featured_media":1080575,"template":"","meta":{"_acf_changed":false,"om_disable_all_campaigns":false,"rs_blank_template":"","rs_page_bg_color":"","slide_template_v7":"","inline_featured_image":false,"_monsterinsights_skip_tracking":false,"_monsterinsights_sitenote_active":false,"_monsterinsights_sitenote_note":"","_monsterinsights_sitenote_category":0},"product_brand":[],"product_cat":[133,132,135,365,136,366,362,363],"product_tag":[],"class_list":{"0":"post-1080574","1":"product","2":"type-product","3":"status-publish","4":"has-post-thumbnail","6":"product_cat-lectures-per-adolescents-12-18-anys","7":"product_cat-lectures-per-preadolescents-6-12-anys","8":"product_cat-entreteniment","9":"product_cat-entretenimientos","10":"product_cat-jocs-destimulacio","11":"product_cat-juegos-de-estimulacion","12":"product_cat-libros-preadolescentes-6-12-anos","13":"product_cat-lecturas-por-adolescentes-12-18-anos","15":"first","16":"instock","17":"taxable","18":"shipping-taxable","19":"purchasable","20":"product-type-simple"},"acf":{"autor":"BEZARES, A.","codart":"987388414","libros-coleccion":"FORA DE COL.LECCI\u00d3","ediciones":"1","encuadernacion":"Carton\u00e9","fecha_de_publicacion":"01\/11\/2025","novedad":"1","paginas":"0","subtitulo":"(ESTUCHE CON 32 CARTAS)","orden":"0","portada":"0","idioma":"spa","booktrailer":"","resenas":"","editorial":[{"ID":1080489,"post_author":"3","post_date":"2026-02-03 16:40:01","post_date_gmt":"2026-02-03 15:40:01","post_content":"","post_title":"INTERLEO","post_excerpt":"","post_status":"publish","comment_status":"closed","ping_status":"closed","post_password":"","post_name":"interleo","to_ping":"","pinged":"","post_modified":"2026-02-03 16:40:01","post_modified_gmt":"2026-02-03 15:40:01","post_content_filtered":"","post_parent":0,"guid":"https:\/\/www.claret.cat\/editorial\/interleo\/","menu_order":0,"post_type":"editorial","post_mime_type":"","comment_count":"0","filter":"raw"}]},"aioseo_notices":[],"_links":{"self":[{"href":"https:\/\/www.claret.cat\/es\/wp-json\/wp\/v2\/product\/1080574","targetHints":{"allow":["GET"]}}],"collection":[{"href":"https:\/\/www.claret.cat\/es\/wp-json\/wp\/v2\/product"}],"about":[{"href":"https:\/\/www.claret.cat\/es\/wp-json\/wp\/v2\/types\/product"}],"wp:featuredmedia":[{"embeddable":true,"href":"https:\/\/www.claret.cat\/es\/wp-json\/wp\/v2\/media\/1080575"}],"wp:attachment":[{"href":"https:\/\/www.claret.cat\/es\/wp-json\/wp\/v2\/media?parent=1080574"}],"wp:term":[{"taxonomy":"product_brand","embeddable":true,"href":"https:\/\/www.claret.cat\/es\/wp-json\/wp\/v2\/product_brand?post=1080574"},{"taxonomy":"product_cat","embeddable":true,"href":"https:\/\/www.claret.cat\/es\/wp-json\/wp\/v2\/product_cat?post=1080574"},{"taxonomy":"product_tag","embeddable":true,"href":"https:\/\/www.claret.cat\/es\/wp-json\/wp\/v2\/product_tag?post=1080574"}],"curies":[{"name":"wp","href":"https:\/\/api.w.org\/{rel}","templated":true}]}}