{"id":1080978,"date":"2026-02-04T14:30:17","date_gmt":"2026-02-04T13:30:17","guid":{"rendered":"https:\/\/www.claret.cat\/llibre\/si-fueramos-eternos-9788427054622\/"},"modified":"2026-04-22T18:10:13","modified_gmt":"2026-04-22T16:10:13","slug":"si-fueramos-eternos-9788427054622","status":"publish","type":"product","link":"https:\/\/www.claret.cat\/es\/libro\/si-fueramos-eternos-9788427054622\/","title":{"rendered":"SI FU\u00c9RAMOS ETERNOS"},"content":{"rendered":"<p>Un clean romance sobre amistad, promesas y el valor de volver a empezar.\u00a0Edici\u00f3n especial con portada reversible.Maddie siempre se ha sentido invisible.<br \/> Atrapada entre los pasillos del instituto, las expectativas de su padre y el eco de sus propias inseguridades, solo encuentra refugio en su amigo Aaron.<br \/> Cuando \u00e9l se aleja sin dar explicaciones, lo \u00fanico que deja atr\u00e1s son unas cuantas cartas y una promesa rota que impide que su ausencia cicatrice. Meses despu\u00e9s, el destino volver\u00e1 a cruzarlos. Y, entre el dolor y los secretos, Maddie no solo tendr\u00e1 que aprender a escribir su propia historia, sino tambi\u00e9n decidir si puede perdonarle\u2026 y si a\u00fan queda algo de lo que fueron.<br \/> \u00abUna historia intensa y emotiva sobre el poder de los secretos y el valor de las promesas, que te har\u00e1 creer en el amor y en las segundas oportunidades\u00bb &#8211; Mar\u00eda Mart\u00ednez<\/p>\n","protected":false},"excerpt":{"rendered":"<p>EMMA GIL<\/p>\n","protected":false},"featured_media":1080979,"template":"","meta":{"_acf_changed":false,"om_disable_all_campaigns":false,"rs_blank_template":"","rs_page_bg_color":"","slide_template_v7":"","inline_featured_image":false,"_monsterinsights_skip_tracking":false,"_monsterinsights_sitenote_active":false,"_monsterinsights_sitenote_note":"","_monsterinsights_sitenote_category":0},"product_brand":[],"product_cat":[133,566,117,363],"product_tag":[],"class_list":{"0":"post-1080978","1":"product","2":"type-product","3":"status-publish","4":"has-post-thumbnail","6":"product_cat-lectures-per-adolescents-12-18-anys","7":"product_cat-juvenil-3_infantil-juvenil-spa-spa","8":"product_cat-juvenil","9":"product_cat-lecturas-por-adolescentes-12-18-anos","11":"first","12":"instock","13":"taxable","14":"shipping-taxable","15":"purchasable","16":"product-type-simple"},"acf":{"autor":"EMMA GIL","codart":"842705462","libros-coleccion":"","ediciones":"1","encuadernacion":"R\u00fastica","fecha_de_publicacion":"01\/02\/2026","novedad":"1","paginas":"349","subtitulo":"","orden":"0","portada":"0","idioma":"spa","booktrailer":"","resenas":"","editorial":[{"ID":6303,"post_author":"3","post_date":"2022-07-28 17:49:17","post_date_gmt":"2022-07-28 15:49:17","post_content":"","post_title":"MARTINEZ ROCA","post_excerpt":"","post_status":"publish","comment_status":"closed","ping_status":"closed","post_password":"","post_name":"martinez-roca","to_ping":"","pinged":"","post_modified":"2022-07-28 17:49:17","post_modified_gmt":"2022-07-28 15:49:17","post_content_filtered":"","post_parent":0,"guid":"http:\/\/dev.claret.cat\/editorial\/martinez-roca\/","menu_order":0,"post_type":"editorial","post_mime_type":"","comment_count":"0","filter":"raw"}]},"aioseo_notices":[],"_links":{"self":[{"href":"https:\/\/www.claret.cat\/es\/wp-json\/wp\/v2\/product\/1080978","targetHints":{"allow":["GET"]}}],"collection":[{"href":"https:\/\/www.claret.cat\/es\/wp-json\/wp\/v2\/product"}],"about":[{"href":"https:\/\/www.claret.cat\/es\/wp-json\/wp\/v2\/types\/product"}],"wp:featuredmedia":[{"embeddable":true,"href":"https:\/\/www.claret.cat\/es\/wp-json\/wp\/v2\/media\/1080979"}],"wp:attachment":[{"href":"https:\/\/www.claret.cat\/es\/wp-json\/wp\/v2\/media?parent=1080978"}],"wp:term":[{"taxonomy":"product_brand","embeddable":true,"href":"https:\/\/www.claret.cat\/es\/wp-json\/wp\/v2\/product_brand?post=1080978"},{"taxonomy":"product_cat","embeddable":true,"href":"https:\/\/www.claret.cat\/es\/wp-json\/wp\/v2\/product_cat?post=1080978"},{"taxonomy":"product_tag","embeddable":true,"href":"https:\/\/www.claret.cat\/es\/wp-json\/wp\/v2\/product_tag?post=1080978"}],"curies":[{"name":"wp","href":"https:\/\/api.w.org\/{rel}","templated":true}]}}