{"id":108125,"date":"2022-10-12T09:41:33","date_gmt":"2022-10-12T07:41:33","guid":{"rendered":"http:\/\/dev.claret.cat\/producte\/guerra-civil-espanola-sin-complejos\/"},"modified":"2023-01-28T18:58:29","modified_gmt":"2023-01-28T17:58:29","slug":"guerra-civil-espanola-sin-complejos-9788416921812","status":"publish","type":"product","link":"https:\/\/www.claret.cat\/es\/libro\/guerra-civil-espanola-sin-complejos-9788416921812\/","title":{"rendered":"GUERRA CIVIL ESPA\u00d1OLA SIN COMPLEJOS"},"content":{"rendered":"<p>El 18 de julio de 1936 estall\u00f3 la guerra civil espa\u00f1ola como consecuencia de un golpe  de Estado fallido que no pretend\u00eda acabar con la Rep\u00fablica, sino con un gobierno  ileg\u00edtimo.  Desde entonces no han dejado de plantearse algunas cuestiones pol\u00e9micas.<\/p>\n","protected":false},"excerpt":{"rendered":"<p>PAZ CRISTOBAL, FERNANDO<\/p>\n","protected":false},"featured_media":108126,"template":"","meta":{"_acf_changed":false,"om_disable_all_campaigns":false,"rs_blank_template":"","rs_page_bg_color":"","slide_template_v7":"","inline_featured_image":false,"_monsterinsights_skip_tracking":false,"_monsterinsights_sitenote_active":false,"_monsterinsights_sitenote_note":"","_monsterinsights_sitenote_category":0},"product_brand":[],"product_cat":[154],"product_tag":[],"class_list":{"0":"post-108125","1":"product","2":"type-product","3":"status-publish","4":"has-post-thumbnail","6":"product_cat-espanaya","8":"first","9":"instock","10":"taxable","11":"shipping-taxable","12":"purchasable","13":"product-type-simple"},"acf":{"editorial":[{"ID":148801,"post_author":"3","post_date":"2022-10-14 12:01:06","post_date_gmt":"2022-10-14 10:01:06","post_content":"","post_title":"SEKOTIA EDICIONES","post_excerpt":"","post_status":"publish","comment_status":"closed","ping_status":"closed","post_password":"","post_name":"sekotia-ediciones","to_ping":"","pinged":"","post_modified":"2022-10-14 12:01:06","post_modified_gmt":"2022-10-14 10:01:06","post_content_filtered":"","post_parent":0,"guid":"http:\/\/dev.claret.cat\/editorial\/sekotia-ediciones\/","menu_order":0,"post_type":"editorial","post_mime_type":"","comment_count":"0","filter":"raw"}],"autores-libros":[{"ID":155852,"post_author":"3","post_date":"2022-10-14 15:16:08","post_date_gmt":"2022-10-14 13:16:08","post_content":"","post_title":"FERNANDO PAZ CRISTOBAL","post_excerpt":"","post_status":"publish","comment_status":"closed","ping_status":"closed","post_password":"","post_name":"fernando-paz-cristobal","to_ping":"","pinged":"","post_modified":"2022-10-14 15:16:08","post_modified_gmt":"2022-10-14 13:16:08","post_content_filtered":"","post_parent":0,"guid":"http:\/\/dev.claret.cat\/autor\/fernando-paz-cristobal\/","menu_order":0,"post_type":"autor","post_mime_type":"","comment_count":"0","filter":"raw"}],"autor":"PAZ CRISTOBAL, FERNANDO","codart":"841692181","libros-coleccion":"FORA DE COL.LECCI\u00d3","ediciones":"1","encuadernacion":"R\u00fastica","fecha_de_publicacion":"01\/03\/2020","novedad":"1","paginas":"176","subtitulo":"","orden":"0","portada":"0","idioma":"spa"},"aioseo_notices":[],"_links":{"self":[{"href":"https:\/\/www.claret.cat\/es\/wp-json\/wp\/v2\/product\/108125","targetHints":{"allow":["GET"]}}],"collection":[{"href":"https:\/\/www.claret.cat\/es\/wp-json\/wp\/v2\/product"}],"about":[{"href":"https:\/\/www.claret.cat\/es\/wp-json\/wp\/v2\/types\/product"}],"wp:featuredmedia":[{"embeddable":true,"href":"https:\/\/www.claret.cat\/es\/wp-json\/wp\/v2\/media\/108126"}],"wp:attachment":[{"href":"https:\/\/www.claret.cat\/es\/wp-json\/wp\/v2\/media?parent=108125"}],"wp:term":[{"taxonomy":"product_brand","embeddable":true,"href":"https:\/\/www.claret.cat\/es\/wp-json\/wp\/v2\/product_brand?post=108125"},{"taxonomy":"product_cat","embeddable":true,"href":"https:\/\/www.claret.cat\/es\/wp-json\/wp\/v2\/product_cat?post=108125"},{"taxonomy":"product_tag","embeddable":true,"href":"https:\/\/www.claret.cat\/es\/wp-json\/wp\/v2\/product_tag?post=108125"}],"curies":[{"name":"wp","href":"https:\/\/api.w.org\/{rel}","templated":true}]}}