{"id":108143,"date":"2022-10-12T09:41:49","date_gmt":"2022-10-12T07:41:49","guid":{"rendered":"http:\/\/dev.claret.cat\/producte\/el-lenguaje-de-las-mareas\/"},"modified":"2023-01-28T13:27:12","modified_gmt":"2023-01-28T12:27:12","slug":"el-lenguaje-de-las-mareas-9788418205460","status":"publish","type":"product","link":"https:\/\/www.claret.cat\/es\/libro\/el-lenguaje-de-las-mareas-9788418205460\/","title":{"rendered":"EL LENGUAJE DE LAS MAREAS"},"content":{"rendered":"<p>La noche del 30 de agosto de 2018, dos chicas de 17 y 18 a\u00f1os, Sandra Peinado y Ana Casa\u00f1o, desaparecen sin dejar rastro en Punta del Moral, Ayamonte, junto a la frontera con Portugal. Sandra es hija de un personaje de m\u00e1xima actualidad, implicado en un caso de corrupci\u00f3n pol\u00edtica. Y Ana es una joven de fuerte temperamento que mantiene una relaci\u00f3n muy complicada con sus padres. Ambas son adoptadas y pasaron sus primeros meses de vida en orfanatos de su Rusia natal.<br \/> Carmen Puerto, inspectora apartada del Cuerpo Nacional de Polic\u00eda en los \u00faltimos tiempos, desde su confinamiento entre capuchinos, tabaco y poemas de Dylan Thomas recibe la llamada de sus compa\u00f1eros Jaime Cuesta y Julia N\u00fa\u00f1ez, que una vez m\u00e1s vuelven a convertirse en sus manos y ojos en el exterior, para enfrentarse a su caso m\u00e1s complicado. As\u00ed comienza este trepidante thriller en el que sucesos reales que han contado con una gran repercusi\u00f3n medi\u00e1tica se transforman en elementos de ficci\u00f3n al servicio de una historia de ritmo implacable, en un escenario tan bello como turbador.<\/p>\n<p> El regreso a la novela de Salvador Guti\u00e9rrez Sol\u00eds, de la mano de Carmen Puerto, la inspectora de polic\u00eda m\u00e1s singular y carism\u00e1tica que ha deparado la novela negra espa\u00f1ola en los \u00faltimos a\u00f1os.<\/p>\n<p> &#8216;Salvador Guti\u00e9rrez Sol\u00eds tiene la virtud de transformar en literatura todo lo que toca. Es el maestro de eso que podr\u00edamos llamar la extra\u00f1eza de lo cotidiano.&#8217; EVA D\u00cdAZ P\u00c9REZ<\/p>\n<p> &#8216;Un intenso thriller contempor\u00e1neo que rompe los l\u00edmites del g\u00e9nero&#8217;. PABLO GARC\u00cdA CASADO<\/p>\n<p> &#8216;Una brillante vuelta de tuerca al g\u00e9nero policial&#8217;. TODOLITERATURA<\/p>\n","protected":false},"excerpt":{"rendered":"<p>SALVADOR GUTI\u00c9RREZ SOL\u00cdS<\/p>\n","protected":false},"featured_media":108144,"template":"","meta":{"_acf_changed":false,"om_disable_all_campaigns":false,"rs_blank_template":"","rs_page_bg_color":"","slide_template_v7":"","inline_featured_image":false,"_monsterinsights_skip_tracking":false,"_monsterinsights_sitenote_active":false,"_monsterinsights_sitenote_note":"","_monsterinsights_sitenote_category":0},"product_brand":[],"product_cat":[127],"product_tag":[],"class_list":{"0":"post-108143","1":"product","2":"type-product","3":"status-publish","4":"has-post-thumbnail","6":"product_cat-novella-contemporania","8":"first","9":"instock","10":"taxable","11":"shipping-taxable","12":"purchasable","13":"product-type-simple"},"acf":{"autor":"SALVADOR GUTI\u00c9RREZ SOL\u00cdS","codart":"841820546","libros-coleccion":"FORA DE COL.LECCI\u00d3","ediciones":"1","encuadernacion":"R\u00fastica","fecha_de_publicacion":"01\/06\/2020","novedad":"1","paginas":"446","subtitulo":"","orden":"0","portada":"0","idioma":"spa","editorial":[{"ID":147919,"post_author":"3","post_date":"2022-10-14 11:54:15","post_date_gmt":"2022-10-14 09:54:15","post_content":"","post_title":"EDITORIAL ALMUZARA","post_excerpt":"","post_status":"publish","comment_status":"closed","ping_status":"closed","post_password":"","post_name":"editorial-almuzara","to_ping":"","pinged":"","post_modified":"2022-10-14 11:54:15","post_modified_gmt":"2022-10-14 09:54:15","post_content_filtered":"","post_parent":0,"guid":"http:\/\/dev.claret.cat\/editorial\/editorial-almuzara\/","menu_order":0,"post_type":"editorial","post_mime_type":"","comment_count":"0","filter":"raw"}],"autores-libros":[{"ID":168856,"post_author":"3","post_date":"2022-10-14 22:22:30","post_date_gmt":"2022-10-14 20:22:30","post_content":"","post_title":"SALVADOR GUTI\u00c9RREZ SOL\u00cdS","post_excerpt":"","post_status":"publish","comment_status":"closed","ping_status":"closed","post_password":"","post_name":"salvador-gutierrez-solis","to_ping":"","pinged":"","post_modified":"2022-10-14 22:22:30","post_modified_gmt":"2022-10-14 20:22:30","post_content_filtered":"","post_parent":0,"guid":"http:\/\/dev.claret.cat\/autor\/salvador-gutierrez-solis\/","menu_order":0,"post_type":"autor","post_mime_type":"","comment_count":"0","filter":"raw"}]},"aioseo_notices":[],"_links":{"self":[{"href":"https:\/\/www.claret.cat\/es\/wp-json\/wp\/v2\/product\/108143","targetHints":{"allow":["GET"]}}],"collection":[{"href":"https:\/\/www.claret.cat\/es\/wp-json\/wp\/v2\/product"}],"about":[{"href":"https:\/\/www.claret.cat\/es\/wp-json\/wp\/v2\/types\/product"}],"wp:featuredmedia":[{"embeddable":true,"href":"https:\/\/www.claret.cat\/es\/wp-json\/wp\/v2\/media\/108144"}],"wp:attachment":[{"href":"https:\/\/www.claret.cat\/es\/wp-json\/wp\/v2\/media?parent=108143"}],"wp:term":[{"taxonomy":"product_brand","embeddable":true,"href":"https:\/\/www.claret.cat\/es\/wp-json\/wp\/v2\/product_brand?post=108143"},{"taxonomy":"product_cat","embeddable":true,"href":"https:\/\/www.claret.cat\/es\/wp-json\/wp\/v2\/product_cat?post=108143"},{"taxonomy":"product_tag","embeddable":true,"href":"https:\/\/www.claret.cat\/es\/wp-json\/wp\/v2\/product_tag?post=108143"}],"curies":[{"name":"wp","href":"https:\/\/api.w.org\/{rel}","templated":true}]}}