{"id":108158,"date":"2022-10-12T09:42:01","date_gmt":"2022-10-12T07:42:01","guid":{"rendered":"http:\/\/dev.claret.cat\/producte\/escape-book-la-isla-de-los-misterios\/"},"modified":"2023-01-28T18:40:20","modified_gmt":"2023-01-28T17:40:20","slug":"escape-book-la-isla-de-los-misterios-9788408227236","status":"publish","type":"product","link":"https:\/\/www.claret.cat\/es\/libro\/escape-book-la-isla-de-los-misterios-9788408227236\/","title":{"rendered":"ESCAPE BOOK. LA ISLA DE LOS MISTERIOS"},"content":{"rendered":"<p>El volca\u00b4n que hay en medio de la isla esta\u00b4 a punto de entrar en erupcio\u00b4n, y cuando eso pase, arrasara\u00b4 con todo&#8230; \u00bfSera\u00b4s capaz de resolver los enigmas, hacer alianzas y escapar a tiempo? Y, quie\u00b4n sabe, quiza\u00b4 \u00a1hasta encuentres un tesoro por el camino!<\/p>\n","protected":false},"excerpt":{"rendered":"<p>ANQUETIL, ST\u00c9PHANE<\/p>\n","protected":false},"featured_media":108159,"template":"","meta":{"_acf_changed":false,"om_disable_all_campaigns":false,"rs_blank_template":"","rs_page_bg_color":"","slide_template_v7":"","inline_featured_image":false,"_monsterinsights_skip_tracking":false,"_monsterinsights_sitenote_active":false,"_monsterinsights_sitenote_note":"","_monsterinsights_sitenote_category":0},"product_brand":[],"product_cat":[132],"product_tag":[],"class_list":{"0":"post-108158","1":"product","2":"type-product","3":"status-publish","4":"has-post-thumbnail","6":"product_cat-lectures-per-preadolescents-6-12-anys","8":"first","9":"instock","10":"taxable","11":"shipping-taxable","12":"purchasable","13":"product-type-simple"},"acf":{"editorial":[{"ID":6233,"post_author":"3","post_date":"2022-07-28 17:47:48","post_date_gmt":"2022-07-28 15:47:48","post_content":"","post_title":"EDITORIAL PLANETA","post_excerpt":"","post_status":"publish","comment_status":"closed","ping_status":"closed","post_password":"","post_name":"editorial-planeta","to_ping":"","pinged":"","post_modified":"2022-07-28 17:47:48","post_modified_gmt":"2022-07-28 15:47:48","post_content_filtered":"","post_parent":0,"guid":"http:\/\/dev.claret.cat\/editorial\/editorial-planeta\/","menu_order":0,"post_type":"editorial","post_mime_type":"","comment_count":"0","filter":"raw"}],"autores-libros":[{"ID":169800,"post_author":"3","post_date":"2022-10-14 22:30:07","post_date_gmt":"2022-10-14 20:30:07","post_content":"","post_title":"ST\u00c9PHANE ANQUETIL","post_excerpt":"","post_status":"publish","comment_status":"closed","ping_status":"closed","post_password":"","post_name":"stephane-anquetil","to_ping":"","pinged":"","post_modified":"2022-10-14 22:30:07","post_modified_gmt":"2022-10-14 20:30:07","post_content_filtered":"","post_parent":0,"guid":"http:\/\/dev.claret.cat\/autor\/stephane-anquetil\/","menu_order":0,"post_type":"autor","post_mime_type":"","comment_count":"0","filter":"raw"}],"autor":"ANQUETIL, ST\u00c9PHANE","codart":"840822723","libros-coleccion":"Destino. Fuera de colecci\u00f3n","ediciones":"1","encuadernacion":"R\u00fastica","fecha_de_publicacion":"01\/07\/2020","novedad":"1","paginas":"96","subtitulo":"","orden":"0","portada":"0","idioma":"spa"},"aioseo_notices":[],"_links":{"self":[{"href":"https:\/\/www.claret.cat\/es\/wp-json\/wp\/v2\/product\/108158","targetHints":{"allow":["GET"]}}],"collection":[{"href":"https:\/\/www.claret.cat\/es\/wp-json\/wp\/v2\/product"}],"about":[{"href":"https:\/\/www.claret.cat\/es\/wp-json\/wp\/v2\/types\/product"}],"wp:featuredmedia":[{"embeddable":true,"href":"https:\/\/www.claret.cat\/es\/wp-json\/wp\/v2\/media\/108159"}],"wp:attachment":[{"href":"https:\/\/www.claret.cat\/es\/wp-json\/wp\/v2\/media?parent=108158"}],"wp:term":[{"taxonomy":"product_brand","embeddable":true,"href":"https:\/\/www.claret.cat\/es\/wp-json\/wp\/v2\/product_brand?post=108158"},{"taxonomy":"product_cat","embeddable":true,"href":"https:\/\/www.claret.cat\/es\/wp-json\/wp\/v2\/product_cat?post=108158"},{"taxonomy":"product_tag","embeddable":true,"href":"https:\/\/www.claret.cat\/es\/wp-json\/wp\/v2\/product_tag?post=108158"}],"curies":[{"name":"wp","href":"https:\/\/api.w.org\/{rel}","templated":true}]}}