{"id":1082102,"date":"2026-02-09T13:21:47","date_gmt":"2026-02-09T12:21:47","guid":{"rendered":"https:\/\/www.claret.cat\/llibre\/escapa-la-maldicion-del-faraon-9788491458630\/"},"modified":"2026-02-12T11:50:12","modified_gmt":"2026-02-12T10:50:12","slug":"escapa-la-maldicion-del-faraon-9788491458630","status":"publish","type":"product","link":"https:\/\/www.claret.cat\/es\/libro\/escapa-la-maldicion-del-faraon-9788491458630\/","title":{"rendered":"\u00a1ESCAPA! LA MALDICI\u00d3N DEL FARA\u00d3N"},"content":{"rendered":"<p>La antigua pir\u00e1mide del fara\u00f3n Tutankamel est\u00e1 esperando a que alguien descubra su aterrador secreto.<\/p>\n<p> Mark y F\u00e1tima han descubierto c\u00f3mo entrar, pero \u00bfser\u00e1n tambi\u00e9n capaces de salir y escapar de la maldici\u00f3n del fara\u00f3n?<\/p>\n<p>  Ay\u00fadales a encontrar las claves y las combinaciones adecuadas para atravesar una sala tras otra, abriendo las puertas selladas justo a tiempo.<\/p>\n<p> Por el camino, resolver\u00e1s divertidos acertijos, rompecabezas y problemas de l\u00f3gica y matem\u00e1ticas \u00a1para escapar de ese lugar encantado!<\/p>\n<p> Actividades dise\u00f1adas para mejorar las habilidades de observaci\u00f3n <\/p>\n<p>  Acertijos, retos y rompecabezas para mejorar la resoluci\u00f3n de problemas y el pensamiento lateral<\/p>\n","protected":false},"excerpt":{"rendered":"<p>TECNOSCIENZA<\/p>\n","protected":false},"featured_media":1082103,"template":"","meta":{"_acf_changed":false,"om_disable_all_campaigns":false,"rs_blank_template":"","rs_page_bg_color":"","slide_template_v7":"","inline_featured_image":false,"_monsterinsights_skip_tracking":false,"_monsterinsights_sitenote_active":false,"_monsterinsights_sitenote_note":"","_monsterinsights_sitenote_category":0},"product_brand":[],"product_cat":[132,135,365,136,366,362],"product_tag":[],"class_list":{"0":"post-1082102","1":"product","2":"type-product","3":"status-publish","4":"has-post-thumbnail","6":"product_cat-lectures-per-preadolescents-6-12-anys","7":"product_cat-entreteniment","8":"product_cat-entretenimientos","9":"product_cat-jocs-destimulacio","10":"product_cat-juegos-de-estimulacion","11":"product_cat-libros-preadolescentes-6-12-anos","13":"first","14":"instock","15":"taxable","16":"shipping-taxable","17":"purchasable","18":"product-type-simple"},"acf":{"autor":"TECNOSCIENZA","codart":"849145863","libros-coleccion":"","ediciones":"1","encuadernacion":"R\u00fastica","fecha_de_publicacion":"01\/02\/2026","novedad":"1","paginas":"55","subtitulo":"UN LIBRO DE ACTIVIDADES DE AVENTURAS","orden":"0","portada":"0","idioma":"spa","booktrailer":"","resenas":"","editorial":[{"ID":6329,"post_author":"3","post_date":"2022-07-28 17:49:51","post_date_gmt":"2022-07-28 15:49:51","post_content":"","post_title":"PICARONA","post_excerpt":"","post_status":"publish","comment_status":"closed","ping_status":"closed","post_password":"","post_name":"picarona","to_ping":"","pinged":"","post_modified":"2022-07-28 17:49:51","post_modified_gmt":"2022-07-28 15:49:51","post_content_filtered":"","post_parent":0,"guid":"http:\/\/dev.claret.cat\/editorial\/picarona\/","menu_order":0,"post_type":"editorial","post_mime_type":"","comment_count":"0","filter":"raw"}]},"aioseo_notices":[],"_links":{"self":[{"href":"https:\/\/www.claret.cat\/es\/wp-json\/wp\/v2\/product\/1082102","targetHints":{"allow":["GET"]}}],"collection":[{"href":"https:\/\/www.claret.cat\/es\/wp-json\/wp\/v2\/product"}],"about":[{"href":"https:\/\/www.claret.cat\/es\/wp-json\/wp\/v2\/types\/product"}],"wp:featuredmedia":[{"embeddable":true,"href":"https:\/\/www.claret.cat\/es\/wp-json\/wp\/v2\/media\/1082103"}],"wp:attachment":[{"href":"https:\/\/www.claret.cat\/es\/wp-json\/wp\/v2\/media?parent=1082102"}],"wp:term":[{"taxonomy":"product_brand","embeddable":true,"href":"https:\/\/www.claret.cat\/es\/wp-json\/wp\/v2\/product_brand?post=1082102"},{"taxonomy":"product_cat","embeddable":true,"href":"https:\/\/www.claret.cat\/es\/wp-json\/wp\/v2\/product_cat?post=1082102"},{"taxonomy":"product_tag","embeddable":true,"href":"https:\/\/www.claret.cat\/es\/wp-json\/wp\/v2\/product_tag?post=1082102"}],"curies":[{"name":"wp","href":"https:\/\/api.w.org\/{rel}","templated":true}]}}