{"id":1082163,"date":"2026-02-09T13:50:18","date_gmt":"2026-02-09T12:50:18","guid":{"rendered":"https:\/\/www.claret.cat\/llibre\/bajo-bandera-amarilla-9788410489936\/"},"modified":"2026-02-25T12:50:44","modified_gmt":"2026-02-25T11:50:44","slug":"bajo-bandera-amarilla-9788410489936","status":"publish","type":"product","link":"https:\/\/www.claret.cat\/es\/libro\/bajo-bandera-amarilla-9788410489936\/","title":{"rendered":"BAJO BANDERA AMARILLA"},"content":{"rendered":"<p>Peligro en la pista: llega un sport romance de F1 totalmente adictivo Ella cuenta historias. \u00c9l las protagoniza. Y ambos est\u00e1n a punto de estrellarse. Eric Brown es el piloto estrella de Velocity Racing, y lo tiene todo bajo control: cada vuelta, cada curva, cada decisi\u00f3n puede marcar su destino. La presi\u00f3n y sus propios demonios internos hacen que mantenga una distancia fr\u00eda con el mundo, pero sobre todo con la prensa. Sasha Harper es periodista en Motorsport Insider, y llega al paddock con un claro objetivo: conseguir una entrevista exclusiva del piloto destacado de la temporada. Sabe que no ser\u00e1 f\u00e1cil, pero no piensa rendirse. S\u00f3lo necesita captar su atenci\u00f3n. Entre el rugido de los motores, las luces del pit lane y la adrenalina de cada carrera, descubrir\u00e1n que algunas batallas no se libran solo en la pista\u2026 y que la conexi\u00f3n m\u00e1s intensa puede aparecer cuando menos te lo esperas.<\/p>\n","protected":false},"excerpt":{"rendered":"<p>SARA HERN\u00c1NDEZ<\/p>\n","protected":false},"featured_media":1086188,"template":"","meta":{"_acf_changed":false,"om_disable_all_campaigns":false,"rs_blank_template":"","rs_page_bg_color":"","slide_template_v7":"","inline_featured_image":false,"_monsterinsights_skip_tracking":false,"_monsterinsights_sitenote_active":false,"_monsterinsights_sitenote_note":"","_monsterinsights_sitenote_category":0},"product_brand":[],"product_cat":[133,117,566,363],"product_tag":[],"class_list":{"0":"post-1082163","1":"product","2":"type-product","3":"status-publish","4":"has-post-thumbnail","6":"product_cat-lectures-per-adolescents-12-18-anys","7":"product_cat-juvenil","8":"product_cat-juvenil-3_infantil-juvenil-spa-spa","9":"product_cat-lecturas-por-adolescentes-12-18-anos","11":"first","12":"outofstock","13":"taxable","14":"shipping-taxable","15":"purchasable","16":"product-type-simple"},"acf":{"autor":"SARA HERN\u00c1NDEZ","codart":"841048993","libros-coleccion":"SIN LIMITES","ediciones":"1","encuadernacion":"R\u00fastica","fecha_de_publicacion":"01\/02\/2026","novedad":"0","paginas":"383","subtitulo":"","orden":"0","portada":"0","idioma":"spa","booktrailer":"","resenas":"","editorial":[{"ID":6118,"post_author":"3","post_date":"2022-07-28 17:45:17","post_date_gmt":"2022-07-28 15:45:17","post_content":"","post_title":"ALFAGUARA","post_excerpt":"","post_status":"publish","comment_status":"closed","ping_status":"closed","post_password":"","post_name":"alfaguara","to_ping":"","pinged":"","post_modified":"2022-07-28 17:45:17","post_modified_gmt":"2022-07-28 15:45:17","post_content_filtered":"","post_parent":0,"guid":"http:\/\/dev.claret.cat\/editorial\/alfaguara\/","menu_order":0,"post_type":"editorial","post_mime_type":"","comment_count":"0","filter":"raw"}]},"aioseo_notices":[],"_links":{"self":[{"href":"https:\/\/www.claret.cat\/es\/wp-json\/wp\/v2\/product\/1082163","targetHints":{"allow":["GET"]}}],"collection":[{"href":"https:\/\/www.claret.cat\/es\/wp-json\/wp\/v2\/product"}],"about":[{"href":"https:\/\/www.claret.cat\/es\/wp-json\/wp\/v2\/types\/product"}],"wp:featuredmedia":[{"embeddable":true,"href":"https:\/\/www.claret.cat\/es\/wp-json\/wp\/v2\/media\/1086188"}],"wp:attachment":[{"href":"https:\/\/www.claret.cat\/es\/wp-json\/wp\/v2\/media?parent=1082163"}],"wp:term":[{"taxonomy":"product_brand","embeddable":true,"href":"https:\/\/www.claret.cat\/es\/wp-json\/wp\/v2\/product_brand?post=1082163"},{"taxonomy":"product_cat","embeddable":true,"href":"https:\/\/www.claret.cat\/es\/wp-json\/wp\/v2\/product_cat?post=1082163"},{"taxonomy":"product_tag","embeddable":true,"href":"https:\/\/www.claret.cat\/es\/wp-json\/wp\/v2\/product_tag?post=1082163"}],"curies":[{"name":"wp","href":"https:\/\/api.w.org\/{rel}","templated":true}]}}