{"id":1082181,"date":"2026-02-09T13:55:56","date_gmt":"2026-02-09T12:55:56","guid":{"rendered":"https:\/\/www.claret.cat\/llibre\/el-juicio-9788466682947\/"},"modified":"2026-03-30T14:34:18","modified_gmt":"2026-03-30T12:34:18","slug":"el-juicio-9788466682947","status":"publish","type":"product","link":"https:\/\/www.claret.cat\/es\/libro\/el-juicio-9788466682947\/","title":{"rendered":"EL JUICIO"},"content":{"rendered":"<p>LA GRAN NOVELA DE LA INQUISICI\u00d3N CONTRA GOYA.  Luis Zueco nos embarca en uno de los episodios m\u00e1s desconocidos y fascinantes de la vida del pintor universal para descubrirnos que el arte puede ser el arma m\u00e1s peligrosa.  \u00bfPUEDE UN PINTOR JUZGAR AL MUNDO? \u00bfPUEDE EL MUNDO JUZGAR A UN GENIO? 1799, Madrid. Francisco de Goya y Lucientes, pintor de c\u00e1mara del rey, anuncia la puesta en venta de un lujoso libro de estampas titulado los Caprichos. Aunque las ventas son un \u00e9xito, dos semanas despu\u00e9s de publicarlo, Goya lo retira del mercado. Durante los meses siguientes su escandaloso contenido comienza a correr como la p\u00f3lvora. \u00bfPor qu\u00e9 Goya esconde su obra m\u00e1s personal? \u00bfDe qu\u00e9 tiene miedo? Es entonces cuando la joven Ang\u00e9lica D\u00edez llega junto a su padre a Madrid para empezar una nueva vida. La capital se ha convertido en un lugar de contrastes, donde convergen las ideas ilustradas que se propagan por Europa e instituciones como la Santa Inquisici\u00f3n, que se resiste a morir. Para darse a conocer en la sociedad madrile\u00f1a, Ang\u00e9lica acude a Goya y le pide un retrato. Sin embargo, la joven ignora que este los unir\u00e1 en una peligrosa trama relacionada con la Inquisici\u00f3n, los Caprichos y un rumor que podr\u00eda acabar con el maestro: se dice que Goya ha pintado a una mujer al desnudo. Mientras la Inquisici\u00f3n intenta juzgar al pintor como un \u00faltimo golpe de efecto para mostrar su poder, Ang\u00e9lica descubrir\u00e1 algo que Goya siempre supo\u2026 No hay arma m\u00e1s afilada que el arte para cambiar la Historia.<\/p>\n","protected":false},"excerpt":{"rendered":"<p>LUIS ZUECO<\/p>\n","protected":false},"featured_media":1082311,"template":"","meta":{"_acf_changed":false,"om_disable_all_campaigns":false,"rs_blank_template":"","rs_page_bg_color":"","slide_template_v7":"","inline_featured_image":false,"_monsterinsights_skip_tracking":false,"_monsterinsights_sitenote_active":false,"_monsterinsights_sitenote_note":"","_monsterinsights_sitenote_category":0},"product_brand":[],"product_cat":[130,360],"product_tag":[],"class_list":{"0":"post-1082181","1":"product","2":"type-product","3":"status-publish","4":"has-post-thumbnail","6":"product_cat-novella-historica-i-ficcio","7":"product_cat-novela-historica-y-ficcion","9":"first","10":"instock","11":"taxable","12":"shipping-taxable","13":"purchasable","14":"product-type-simple"},"acf":{"autor":"LUIS ZUECO","codart":"846668294","libros-coleccion":"HIST\u00d3RICA","ediciones":"1","encuadernacion":"Carton\u00e9","fecha_de_publicacion":"01\/02\/2026","novedad":"1","paginas":"624","subtitulo":"LA INQUISICI\u00d3N CONTRA GOYA","orden":"0","portada":"0","idioma":"spa","booktrailer":"","resenas":"","editorial":[{"ID":6200,"post_author":"3","post_date":"2022-07-28 17:47:00","post_date_gmt":"2022-07-28 15:47:00","post_content":"","post_title":"EDICIONES B","post_excerpt":"","post_status":"publish","comment_status":"closed","ping_status":"closed","post_password":"","post_name":"ediciones-b","to_ping":"","pinged":"","post_modified":"2022-07-28 17:47:00","post_modified_gmt":"2022-07-28 15:47:00","post_content_filtered":"","post_parent":0,"guid":"http:\/\/dev.claret.cat\/editorial\/ediciones-b\/","menu_order":0,"post_type":"editorial","post_mime_type":"","comment_count":"0","filter":"raw"}]},"aioseo_notices":[],"_links":{"self":[{"href":"https:\/\/www.claret.cat\/es\/wp-json\/wp\/v2\/product\/1082181","targetHints":{"allow":["GET"]}}],"collection":[{"href":"https:\/\/www.claret.cat\/es\/wp-json\/wp\/v2\/product"}],"about":[{"href":"https:\/\/www.claret.cat\/es\/wp-json\/wp\/v2\/types\/product"}],"wp:featuredmedia":[{"embeddable":true,"href":"https:\/\/www.claret.cat\/es\/wp-json\/wp\/v2\/media\/1082311"}],"wp:attachment":[{"href":"https:\/\/www.claret.cat\/es\/wp-json\/wp\/v2\/media?parent=1082181"}],"wp:term":[{"taxonomy":"product_brand","embeddable":true,"href":"https:\/\/www.claret.cat\/es\/wp-json\/wp\/v2\/product_brand?post=1082181"},{"taxonomy":"product_cat","embeddable":true,"href":"https:\/\/www.claret.cat\/es\/wp-json\/wp\/v2\/product_cat?post=1082181"},{"taxonomy":"product_tag","embeddable":true,"href":"https:\/\/www.claret.cat\/es\/wp-json\/wp\/v2\/product_tag?post=1082181"}],"curies":[{"name":"wp","href":"https:\/\/api.w.org\/{rel}","templated":true}]}}