{"id":1082184,"date":"2026-02-09T13:56:10","date_gmt":"2026-02-09T12:56:10","guid":{"rendered":"https:\/\/www.claret.cat\/llibre\/juvencolia-9791387600518\/"},"modified":"2026-02-09T16:30:36","modified_gmt":"2026-02-09T15:30:36","slug":"juvencolia-9791387600518","status":"publish","type":"product","link":"https:\/\/www.claret.cat\/es\/libro\/juvencolia-9791387600518\/","title":{"rendered":"JUVENCOL\u00cdA"},"content":{"rendered":"<p>\u00bfCu\u00e1nto dura la juventud en el siglo XXI? \u00bfHasta cu\u00e1ndo podemos prolongarla? \u00bfC\u00f3mo pas\u00f3 de ser una etapa a convertirse en mandato? Juvencol\u00eda explora el deseo de ser joven para siempre: de los mitos que nos formaron al v\u00e9rtigo de la edad adulta, cuando la enfermedad irrumpe como grieta que ya no puede ignorarse y, a la vez, como revelaci\u00f3n. Desde ah\u00ed, la narradora teje un abecedario \u00edntimo, erudito y pop, que va de Nunca Jam\u00e1s a la contracultura, de la beca Erasmus a Instagram, de la crisis de la mediana edad a la quimioterapia, pasando por la doctora Luella Day, que jur\u00f3 haber encontrado la fuente de la eterna juventud en su jard\u00edn. Un libro brillante y audaz sobre la p\u00e9rdida, el anhelo y la juvencol\u00eda que nos sostiene.La cr\u00edtica ha dicho: \u00abPocas veces se escribe sobre la juventud con tanta claridad y tanta herida. [\u2026] En un mundo que se niega a envejecer, la enfermedad aparece como un fracaso, como una mancha, como un estigma. Con esta carga de profundidad que da la perspectiva de la muerte, [Silvia Herreros de Tejada] ha compuesto un ensayo en forma de abecedario, que une la erudici\u00f3n culta con la cultura pop, la autobiograf\u00eda con la autoficci\u00f3n, la lucidez con el humor\u00bb.<br \/>Javier Gallego Crudo<\/p>\n","protected":false},"excerpt":{"rendered":"<p>SILVIA HERREROS DE TEJADA<\/p>\n","protected":false},"featured_media":1082243,"template":"","meta":{"_acf_changed":false,"om_disable_all_campaigns":false,"rs_blank_template":"","rs_page_bg_color":"","slide_template_v7":"","inline_featured_image":false,"_monsterinsights_skip_tracking":false,"_monsterinsights_sitenote_active":false,"_monsterinsights_sitenote_note":"","_monsterinsights_sitenote_category":0},"product_brand":[],"product_cat":[434,159],"product_tag":[],"class_list":{"0":"post-1082184","1":"product","2":"type-product","3":"status-publish","4":"has-post-thumbnail","6":"product_cat-autores-sociologia-2_humanidades","7":"product_cat-autors","9":"first","10":"instock","11":"taxable","12":"shipping-taxable","13":"purchasable","14":"product-type-simple"},"acf":{"autor":"SILVIA HERREROS DE TEJADA","codart":"138760051","libros-coleccion":"Ensayo y Pensamiento","ediciones":"1","encuadernacion":"R\u00fastica","fecha_de_publicacion":"01\/02\/2026","novedad":"1","paginas":"350","subtitulo":"SOBREVIVIR AL HECHIZO DE LA JUVENTUD ETERNA","orden":"0","portada":"0","idioma":"spa","booktrailer":"","resenas":"","editorial":[{"ID":6177,"post_author":"3","post_date":"2022-07-28 17:46:33","post_date_gmt":"2022-07-28 15:46:33","post_content":"","post_title":"DEBATE","post_excerpt":"","post_status":"publish","comment_status":"closed","ping_status":"closed","post_password":"","post_name":"debate","to_ping":"","pinged":"","post_modified":"2022-07-28 17:46:33","post_modified_gmt":"2022-07-28 15:46:33","post_content_filtered":"","post_parent":0,"guid":"http:\/\/dev.claret.cat\/editorial\/debate\/","menu_order":0,"post_type":"editorial","post_mime_type":"","comment_count":"0","filter":"raw"}]},"aioseo_notices":[],"_links":{"self":[{"href":"https:\/\/www.claret.cat\/es\/wp-json\/wp\/v2\/product\/1082184","targetHints":{"allow":["GET"]}}],"collection":[{"href":"https:\/\/www.claret.cat\/es\/wp-json\/wp\/v2\/product"}],"about":[{"href":"https:\/\/www.claret.cat\/es\/wp-json\/wp\/v2\/types\/product"}],"wp:featuredmedia":[{"embeddable":true,"href":"https:\/\/www.claret.cat\/es\/wp-json\/wp\/v2\/media\/1082243"}],"wp:attachment":[{"href":"https:\/\/www.claret.cat\/es\/wp-json\/wp\/v2\/media?parent=1082184"}],"wp:term":[{"taxonomy":"product_brand","embeddable":true,"href":"https:\/\/www.claret.cat\/es\/wp-json\/wp\/v2\/product_brand?post=1082184"},{"taxonomy":"product_cat","embeddable":true,"href":"https:\/\/www.claret.cat\/es\/wp-json\/wp\/v2\/product_cat?post=1082184"},{"taxonomy":"product_tag","embeddable":true,"href":"https:\/\/www.claret.cat\/es\/wp-json\/wp\/v2\/product_tag?post=1082184"}],"curies":[{"name":"wp","href":"https:\/\/api.w.org\/{rel}","templated":true}]}}