{"id":1082197,"date":"2026-02-09T14:00:46","date_gmt":"2026-02-09T13:00:46","guid":{"rendered":"https:\/\/www.claret.cat\/llibre\/temps-per-a-lescola-9791387653910\/"},"modified":"2026-02-09T16:26:39","modified_gmt":"2026-02-09T15:26:39","slug":"temps-per-a-lescola-9791387653910","status":"publish","type":"product","link":"https:\/\/www.claret.cat\/es\/libro\/temps-per-a-lescola-9791387653910\/","title":{"rendered":"TEMPS PER A L&#8221;ESCOLA"},"content":{"rendered":"<p>Una aportaci\u00f3 urgent al debat educatiu que ens apropa a la realitat de les aules Qu\u00e8 est\u00e0 succeint a les aules de les nostres escoles? Quines noves necessitats hi ha? Qu\u00e8 vol dir educar avui en dia? Montserrat Jim\u00e9nez Vila, Carme Ortoll Gr\u00edfols i Coral Reg\u00ed Rodr\u00edguez, tres veus amb una llarga traject\u00f2ria dins d&#8221;aquest \u00e0mbit, ens ofereixen una reflexi\u00f3 l\u00facida, valenta i col\u00b7lectiva sobre l&#8221;educaci\u00f3 a Catalunya. Amb esperit cr\u00edtic, aborden els temes que m\u00e9s ens preocupen avui: la inclusi\u00f3, la pobresa infantil, la immigraci\u00f3, el paper de les fam\u00edlies, la burocratitzaci\u00f3, l&#8221;\u00fas de la tecnologia, la crisi de vocaci\u00f3 de molts docents, la formaci\u00f3 del professorat o el valor de la llengua i la identitat. Amb una mirada esperan\u00e7adora, aquest llibre ens acosta a la realitat de les aules i, recollint les veus de diferents mestres, alumnes i fam\u00edlies, ens convida a reflexionar conjuntament per fer avan\u00e7ar els canvis estructurals i profunds que necessita el sistema educatiu. Perqu\u00e8 l&#8221;educaci\u00f3 \u00e9s una responsabilitat compartida que va m\u00e9s enll\u00e0 de les quatre parets d&#8221;una aula i dels centres. Temps per a l&#8221;escola vol ser una aportaci\u00f3 urgent a un debat que mereix m\u00e9s veus i m\u00e9s profunditat, escrita amb el rigor de qui coneix l&#8221;ofici i l&#8221;amor de qui encara creu en la for\u00e7a transformadora de l&#8221;educaci\u00f3.<\/p>\n","protected":false},"excerpt":{"rendered":"<p>CORAL REG\u00cd RODR\u00cdGUEZ<\/p>\n","protected":false},"featured_media":1082229,"template":"","meta":{"_acf_changed":false,"om_disable_all_campaigns":false,"rs_blank_template":"","rs_page_bg_color":"","slide_template_v7":"","inline_featured_image":false,"_monsterinsights_skip_tracking":false,"_monsterinsights_sitenote_active":false,"_monsterinsights_sitenote_note":"","_monsterinsights_sitenote_category":0},"product_brand":[],"product_cat":[451,186,185,380],"product_tag":[],"class_list":{"0":"post-1082197","1":"product","2":"type-product","3":"status-publish","4":"has-post-thumbnail","6":"product_cat-estudios-e-investigacion-pedagogia-2_humanidades","7":"product_cat-estudis-i-investigacio-pedagogia-2_humanitats","8":"product_cat-historia-i-corrents-pedagogia-2_humanitats","9":"product_cat-historia-y-corrientes","11":"first","12":"instock","13":"taxable","14":"shipping-taxable","15":"purchasable","16":"product-type-simple"},"acf":{"autor":"CORAL REG\u00cd RODR\u00cdGUEZ","codart":"138765391","libros-coleccion":"FORA DE COL.LECCI\u00d3","ediciones":"1","encuadernacion":"R\u00fastica","fecha_de_publicacion":"01\/02\/2026","novedad":"1","paginas":"224","subtitulo":"UNA MIRADA COL\u00b7LECTIVA, VALENTA I PROPOSITIVA SOBRE EL DEBAT EDUCATIU","orden":"0","portada":"0","idioma":"cat","booktrailer":"","resenas":"","editorial":[{"ID":6350,"post_author":"3","post_date":"2022-07-28 17:50:18","post_date_gmt":"2022-07-28 15:50:18","post_content":"","post_title":"ROSA DELS VENTS","post_excerpt":"","post_status":"publish","comment_status":"closed","ping_status":"closed","post_password":"","post_name":"rosa-dels-vents","to_ping":"","pinged":"","post_modified":"2022-07-28 17:50:18","post_modified_gmt":"2022-07-28 15:50:18","post_content_filtered":"","post_parent":0,"guid":"http:\/\/dev.claret.cat\/editorial\/rosa-dels-vents\/","menu_order":0,"post_type":"editorial","post_mime_type":"","comment_count":"0","filter":"raw"}]},"aioseo_notices":[],"_links":{"self":[{"href":"https:\/\/www.claret.cat\/es\/wp-json\/wp\/v2\/product\/1082197","targetHints":{"allow":["GET"]}}],"collection":[{"href":"https:\/\/www.claret.cat\/es\/wp-json\/wp\/v2\/product"}],"about":[{"href":"https:\/\/www.claret.cat\/es\/wp-json\/wp\/v2\/types\/product"}],"wp:featuredmedia":[{"embeddable":true,"href":"https:\/\/www.claret.cat\/es\/wp-json\/wp\/v2\/media\/1082229"}],"wp:attachment":[{"href":"https:\/\/www.claret.cat\/es\/wp-json\/wp\/v2\/media?parent=1082197"}],"wp:term":[{"taxonomy":"product_brand","embeddable":true,"href":"https:\/\/www.claret.cat\/es\/wp-json\/wp\/v2\/product_brand?post=1082197"},{"taxonomy":"product_cat","embeddable":true,"href":"https:\/\/www.claret.cat\/es\/wp-json\/wp\/v2\/product_cat?post=1082197"},{"taxonomy":"product_tag","embeddable":true,"href":"https:\/\/www.claret.cat\/es\/wp-json\/wp\/v2\/product_tag?post=1082197"}],"curies":[{"name":"wp","href":"https:\/\/api.w.org\/{rel}","templated":true}]}}