{"id":1082752,"date":"2026-02-10T13:15:55","date_gmt":"2026-02-10T12:15:55","guid":{"rendered":"https:\/\/www.claret.cat\/llibre\/san-pablo-9788421870990\/"},"modified":"2026-03-30T14:15:20","modified_gmt":"2026-03-30T12:15:20","slug":"san-pablo-9788421870990","status":"publish","type":"product","link":"https:\/\/www.claret.cat\/es\/libro\/san-pablo-9788421870990\/","title":{"rendered":"SAN PABLO"},"content":{"rendered":"<p>Las narraciones de esta colecci\u00f3n abren una ventana a la vida de los santos y las santas m\u00e1s queridos, para mostrar a los peque\u00f1os el amor, la valent\u00eda y la fe que los guiaron. <\/p>\n<p>A trav\u00e9s de estas sencillas historias, descubrir\u00e9is en familia la belleza y la alegr\u00eda de dar la vida por amor a Jes\u00fas.Cada una de ellas es como un granito de sal , peque\u00f1o pero esencial para dar sabor a vuestra vida cristiana.<\/p>\n","protected":false},"excerpt":{"rendered":"<p>MARGARITA GARC\u00cdA DE POLAVIEJA<\/p>\n","protected":false},"featured_media":1085135,"template":"","meta":{"_acf_changed":false,"om_disable_all_campaigns":false,"rs_blank_template":"","rs_page_bg_color":"","slide_template_v7":"","inline_featured_image":false,"_monsterinsights_skip_tracking":false,"_monsterinsights_sitenote_active":false,"_monsterinsights_sitenote_note":"","_monsterinsights_sitenote_category":0},"product_brand":[],"product_cat":[219,478,545,95,542,92],"product_tag":[],"class_list":{"0":"post-1082752","1":"product","2":"type-product","3":"status-publish","4":"has-post-thumbnail","6":"product_cat-infantil-catequesi","7":"product_cat-infantil-catequesis-1_espiritualidad","8":"product_cat-santoral-1_espiritualidad-spa","9":"product_cat-santoral","10":"product_cat-vida-religiosa-1_espiritualidad-spa","11":"product_cat-vida-religiosa","13":"first","14":"instock","15":"taxable","16":"shipping-taxable","17":"purchasable","18":"product-type-simple"},"acf":{"autor":"MARGARITA GARC\u00cdA DE POLAVIEJA","codart":"842187099","libros-coleccion":"","ediciones":"1","encuadernacion":"R\u00fastica","fecha_de_publicacion":"10\/02\/2026","novedad":"1","paginas":"26","subtitulo":"","orden":"0","portada":"0","idioma":"spa","booktrailer":"","resenas":"","editorial":[{"ID":147602,"post_author":"3","post_date":"2022-10-14 11:51:50","post_date_gmt":"2022-10-14 09:51:50","post_content":"","post_title":"CASALS","post_excerpt":"","post_status":"publish","comment_status":"closed","ping_status":"closed","post_password":"","post_name":"casals","to_ping":"","pinged":"","post_modified":"2022-10-14 11:51:50","post_modified_gmt":"2022-10-14 09:51:50","post_content_filtered":"","post_parent":0,"guid":"http:\/\/dev.claret.cat\/editorial\/casals\/","menu_order":0,"post_type":"editorial","post_mime_type":"","comment_count":"0","filter":"raw"}]},"aioseo_notices":[],"_links":{"self":[{"href":"https:\/\/www.claret.cat\/es\/wp-json\/wp\/v2\/product\/1082752","targetHints":{"allow":["GET"]}}],"collection":[{"href":"https:\/\/www.claret.cat\/es\/wp-json\/wp\/v2\/product"}],"about":[{"href":"https:\/\/www.claret.cat\/es\/wp-json\/wp\/v2\/types\/product"}],"wp:featuredmedia":[{"embeddable":true,"href":"https:\/\/www.claret.cat\/es\/wp-json\/wp\/v2\/media\/1085135"}],"wp:attachment":[{"href":"https:\/\/www.claret.cat\/es\/wp-json\/wp\/v2\/media?parent=1082752"}],"wp:term":[{"taxonomy":"product_brand","embeddable":true,"href":"https:\/\/www.claret.cat\/es\/wp-json\/wp\/v2\/product_brand?post=1082752"},{"taxonomy":"product_cat","embeddable":true,"href":"https:\/\/www.claret.cat\/es\/wp-json\/wp\/v2\/product_cat?post=1082752"},{"taxonomy":"product_tag","embeddable":true,"href":"https:\/\/www.claret.cat\/es\/wp-json\/wp\/v2\/product_tag?post=1082752"}],"curies":[{"name":"wp","href":"https:\/\/api.w.org\/{rel}","templated":true}]}}