{"id":1082875,"date":"2026-02-10T14:25:02","date_gmt":"2026-02-10T13:25:02","guid":{"rendered":"https:\/\/www.claret.cat\/llibre\/las-aventuras-de-dani-y-evan-14-invasion-dinozombi-9788408314578\/"},"modified":"2026-02-25T17:25:55","modified_gmt":"2026-02-25T16:25:55","slug":"las-aventuras-de-dani-y-evan-14-invasion-dinozombi-9788408314578","status":"publish","type":"product","link":"https:\/\/www.claret.cat\/es\/libro\/las-aventuras-de-dani-y-evan-14-invasion-dinozombi-9788408314578\/","title":{"rendered":"LAS AVENTURAS DE DANI Y EVAN 14. INVASI\u00d3N DINOZOMBI"},"content":{"rendered":"<p>Una misteriosa plaga convierte a los dinosaurios del Santuario en zombis tambaleantes.<br \/> Todo parece apuntar a un experimento del profesor Bizcoch\u00e9 que sali\u00f3 muy, muy mal. \u00bfLograr\u00e1n Dani y Evan detener el caos?<br \/> \u00a1Desc\u00fabrelo en esta nueva y espeluznante aventura de Dani y Evan!<br \/> \u00a0***<br \/> \u00bfPor qu\u00e9 leer Las aventuras de Dani y Evan? <\/p>\n<p> Porque los libros est\u00e1n protagonizados por Dani y Evan, los youtubers que lo saben todo sobre dinosaurios, y lo explican de manera amena y apto para los peque\u00f1os de la casa.<br \/> Porque sus historias enganchan desde la primera p\u00e1gina.<br \/> Resulta una lectura id\u00f3nea para los peques que empiezan a leer: tienen tipograf\u00eda amable, palabras destacadas, maqueta \u00e1gil y una trama llena de emoci\u00f3n\u2026<\/p>\n","protected":false},"excerpt":{"rendered":"<p>LAS AVENTURAS DE DANI Y EVAN<\/p>\n","protected":false},"featured_media":1082908,"template":"","meta":{"_acf_changed":false,"om_disable_all_campaigns":false,"rs_blank_template":"","rs_page_bg_color":"","slide_template_v7":"","inline_featured_image":false,"_monsterinsights_skip_tracking":false,"_monsterinsights_sitenote_active":false,"_monsterinsights_sitenote_note":"","_monsterinsights_sitenote_category":0},"product_brand":[],"product_cat":[132,362],"product_tag":[],"class_list":{"0":"post-1082875","1":"product","2":"type-product","3":"status-publish","4":"has-post-thumbnail","6":"product_cat-lectures-per-preadolescents-6-12-anys","7":"product_cat-libros-preadolescentes-6-12-anos","9":"first","10":"instock","11":"taxable","12":"shipping-taxable","13":"purchasable","14":"product-type-simple"},"acf":{"autor":"LAS AVENTURAS DE DANI Y EVAN","codart":"840831457","libros-coleccion":"","ediciones":"1","encuadernacion":"Carton\u00e9","fecha_de_publicacion":"01\/02\/2026","novedad":"1","paginas":"144","subtitulo":"INVASION DINOZOMBI","orden":"0","portada":"0","idioma":"spa","booktrailer":"","resenas":"","editorial":[{"ID":6233,"post_author":"3","post_date":"2022-07-28 17:47:48","post_date_gmt":"2022-07-28 15:47:48","post_content":"","post_title":"EDITORIAL PLANETA","post_excerpt":"","post_status":"publish","comment_status":"closed","ping_status":"closed","post_password":"","post_name":"editorial-planeta","to_ping":"","pinged":"","post_modified":"2022-07-28 17:47:48","post_modified_gmt":"2022-07-28 15:47:48","post_content_filtered":"","post_parent":0,"guid":"http:\/\/dev.claret.cat\/editorial\/editorial-planeta\/","menu_order":0,"post_type":"editorial","post_mime_type":"","comment_count":"0","filter":"raw"}]},"aioseo_notices":[],"_links":{"self":[{"href":"https:\/\/www.claret.cat\/es\/wp-json\/wp\/v2\/product\/1082875","targetHints":{"allow":["GET"]}}],"collection":[{"href":"https:\/\/www.claret.cat\/es\/wp-json\/wp\/v2\/product"}],"about":[{"href":"https:\/\/www.claret.cat\/es\/wp-json\/wp\/v2\/types\/product"}],"wp:featuredmedia":[{"embeddable":true,"href":"https:\/\/www.claret.cat\/es\/wp-json\/wp\/v2\/media\/1082908"}],"wp:attachment":[{"href":"https:\/\/www.claret.cat\/es\/wp-json\/wp\/v2\/media?parent=1082875"}],"wp:term":[{"taxonomy":"product_brand","embeddable":true,"href":"https:\/\/www.claret.cat\/es\/wp-json\/wp\/v2\/product_brand?post=1082875"},{"taxonomy":"product_cat","embeddable":true,"href":"https:\/\/www.claret.cat\/es\/wp-json\/wp\/v2\/product_cat?post=1082875"},{"taxonomy":"product_tag","embeddable":true,"href":"https:\/\/www.claret.cat\/es\/wp-json\/wp\/v2\/product_tag?post=1082875"}],"curies":[{"name":"wp","href":"https:\/\/api.w.org\/{rel}","templated":true}]}}