{"id":1082881,"date":"2026-02-10T14:25:29","date_gmt":"2026-02-10T13:25:29","guid":{"rendered":"https:\/\/www.claret.cat\/llibre\/el-sacrificio-serie-memento-1-9788408315841\/"},"modified":"2026-02-25T17:25:33","modified_gmt":"2026-02-25T16:25:33","slug":"el-sacrificio-serie-memento-1-9788408315841","status":"publish","type":"product","link":"https:\/\/www.claret.cat\/es\/libro\/el-sacrificio-serie-memento-1-9788408315841\/","title":{"rendered":"EL SACRIFICIO (SERIE MEMENTO 1)"},"content":{"rendered":"<p>DESCUBRE LA PRIMERA NOVELA EN SOLITARIO DEL RECONOCIDO MENTALISTA HENRIK FEXEUS.<br \/> Tras su aclamada El mentalista, escrita junto a la reina de la novela negra, Camilla L\u00e4ckberg, atr\u00e9vete a descubrir el inicio de una serie de novela negra sorprendente.<br \/> \u00a0<br \/> NADIE CONOCE MEJOR LOS SECRETOS DE LA MENTE HUMANA.<br \/> \u00a0<br \/> 3.000.000 de ejemplares vendidosALGUNOS RECUERDOS ES MEJOR DEJARLOS SEPULTADOS.<br \/> David Lund es un solitario programador de 36 a\u00f1os incapaz de recordar nada de sus primeros doce a\u00f1os de vida. Acaba de conocer a Florence Tapper, una brillante abogada defensora reci\u00e9n divorciada, y una ma\u00f1ana recibe un misterioso email de una desconocida que afirma tener informaci\u00f3n muy importante sobre su infancia. Sin embargo, cuando intenta ponerse en contacto con ella, Paulina, que es como se llama la joven, hija de un importante hombre de negocios, \u00e9sta desaparece sin dejar rastro, por lo que David se convierte en el sospechoso principal de la polic\u00eda: alguien est\u00e1 apuntando contra \u00e9l y todos los que le importan. Con la ayuda de Florence deber\u00e1n descubrir qui\u00e9n est\u00e1 detr\u00e1s de todo y c\u00f3mo est\u00e1 conectado con sus propios recuerdos perdidos.<br \/> En las sombras yace un secreto que se remonta a d\u00e9cadas atr\u00e1s, un juego perverso en el que los implicados tienen mucho que perder si sale a la luz la verdad.<\/p>\n","protected":false},"excerpt":{"rendered":"<p>HENRIK FEXEUS<\/p>\n","protected":false},"featured_media":1082882,"template":"","meta":{"_acf_changed":false,"om_disable_all_campaigns":false,"rs_blank_template":"","rs_page_bg_color":"","slide_template_v7":"","inline_featured_image":false,"_monsterinsights_skip_tracking":false,"_monsterinsights_sitenote_active":false,"_monsterinsights_sitenote_note":"","_monsterinsights_sitenote_category":0},"product_brand":[],"product_cat":[127,357],"product_tag":[],"class_list":{"0":"post-1082881","1":"product","2":"type-product","3":"status-publish","4":"has-post-thumbnail","6":"product_cat-novella-contemporania","7":"product_cat-novela-contemporanea","9":"first","10":"instock","11":"taxable","12":"shipping-taxable","13":"purchasable","14":"product-type-simple"},"acf":{"autor":"HENRIK FEXEUS","codart":"840831584","libros-coleccion":"","ediciones":"1","encuadernacion":"Carton\u00e9","fecha_de_publicacion":"01\/02\/2026","novedad":"1","paginas":"520","subtitulo":"","orden":"0","portada":"0","idioma":"spa","booktrailer":"","resenas":"","editorial":[{"ID":6233,"post_author":"3","post_date":"2022-07-28 17:47:48","post_date_gmt":"2022-07-28 15:47:48","post_content":"","post_title":"EDITORIAL PLANETA","post_excerpt":"","post_status":"publish","comment_status":"closed","ping_status":"closed","post_password":"","post_name":"editorial-planeta","to_ping":"","pinged":"","post_modified":"2022-07-28 17:47:48","post_modified_gmt":"2022-07-28 15:47:48","post_content_filtered":"","post_parent":0,"guid":"http:\/\/dev.claret.cat\/editorial\/editorial-planeta\/","menu_order":0,"post_type":"editorial","post_mime_type":"","comment_count":"0","filter":"raw"}]},"aioseo_notices":[],"_links":{"self":[{"href":"https:\/\/www.claret.cat\/es\/wp-json\/wp\/v2\/product\/1082881","targetHints":{"allow":["GET"]}}],"collection":[{"href":"https:\/\/www.claret.cat\/es\/wp-json\/wp\/v2\/product"}],"about":[{"href":"https:\/\/www.claret.cat\/es\/wp-json\/wp\/v2\/types\/product"}],"wp:featuredmedia":[{"embeddable":true,"href":"https:\/\/www.claret.cat\/es\/wp-json\/wp\/v2\/media\/1082882"}],"wp:attachment":[{"href":"https:\/\/www.claret.cat\/es\/wp-json\/wp\/v2\/media?parent=1082881"}],"wp:term":[{"taxonomy":"product_brand","embeddable":true,"href":"https:\/\/www.claret.cat\/es\/wp-json\/wp\/v2\/product_brand?post=1082881"},{"taxonomy":"product_cat","embeddable":true,"href":"https:\/\/www.claret.cat\/es\/wp-json\/wp\/v2\/product_cat?post=1082881"},{"taxonomy":"product_tag","embeddable":true,"href":"https:\/\/www.claret.cat\/es\/wp-json\/wp\/v2\/product_tag?post=1082881"}],"curies":[{"name":"wp","href":"https:\/\/api.w.org\/{rel}","templated":true}]}}