{"id":108290,"date":"2022-10-12T09:43:50","date_gmt":"2022-10-12T07:43:50","guid":{"rendered":"http:\/\/dev.claret.cat\/producte\/creo-en-el-senor-crucificado-y-resucitado-el-credo-comentado-por-los-padres\/"},"modified":"2024-05-22T23:00:54","modified_gmt":"2024-05-22T21:00:54","slug":"creo-en-el-senor-crucificado-y-resucitado-el-credo-comentado-por-los-padres-9788497154659","status":"publish","type":"product","link":"https:\/\/www.claret.cat\/es\/libro\/creo-en-el-senor-crucificado-y-resucitado-el-credo-comentado-por-los-padres-9788497154659\/","title":{"rendered":"CREO EN EL SE\u00d1OR CRUCIFICADO Y RESUCITADO. EL CREDO COMENTADO POR LOS PADRES"},"content":{"rendered":"<p>Especialmente apropiado para esta \u00e9poca que anhela una vuelta a las fuentes y a un conocimiento profundo para entender por qu\u00e9 el CREDO tom\u00f3 la forma que hoy tiene.<br \/> Del mismo editor-coordinador que La Biblia comentada por los Padres de la Iglesia. Y un equipo internacional, multidisciplinar y ecum\u00e9nico de patr\u00f3logos, fil\u00f3logos y te\u00f3logos.<\/p>\n<p> A partir de los textos originales de los Padres de la Iglesia en lat\u00edn, griego, copto y sir\u00edaco, desde el a\u00f1o 95 d. C. al 750 d. C. del Credo niceno-constantinopolitano.<\/p>\n","protected":false},"excerpt":{"rendered":"<p>EDWARDS, MARK J.; ODEN, THOMAS C.; MERINO RODR\u00cdGUEZ, MARCELO<\/p>\n","protected":false},"featured_media":387883,"template":"","meta":{"_acf_changed":false,"om_disable_all_campaigns":false,"rs_blank_template":"","rs_page_bg_color":"","slide_template_v7":"","inline_featured_image":false,"_monsterinsights_skip_tracking":false,"_monsterinsights_sitenote_active":false,"_monsterinsights_sitenote_note":"","_monsterinsights_sitenote_category":0},"product_brand":[],"product_cat":[90,540],"product_tag":[],"class_list":{"0":"post-108290","1":"product","2":"type-product","3":"status-publish","4":"has-post-thumbnail","6":"product_cat-altres","7":"product_cat-otros","9":"first","10":"instock","11":"taxable","12":"shipping-taxable","13":"purchasable","14":"product-type-simple"},"acf":{"editorial":[{"ID":6157,"post_author":"3","post_date":"2022-07-28 17:46:07","post_date_gmt":"2022-07-28 15:46:07","post_content":"","post_title":"Ciudad Nueva","post_excerpt":"","post_status":"publish","comment_status":"closed","ping_status":"closed","post_password":"","post_name":"ciudad-nueva","to_ping":"","pinged":"","post_modified":"2022-07-28 17:46:07","post_modified_gmt":"2022-07-28 15:46:07","post_content_filtered":"","post_parent":0,"guid":"http:\/\/dev.claret.cat\/editorial\/ciudad-nueva\/","menu_order":0,"post_type":"editorial","post_mime_type":"","comment_count":"0","filter":"raw"}],"autor":"EDWARDS, MARK J.; ODEN, THOMAS C.; MERINO RODR\u00cdGUEZ, MARCELO","codart":"849715465","libros-coleccion":"El Credo comentado por los Padres de la","ediciones":"1","encuadernacion":"Carton\u00e9","fecha_de_publicacion":"14\/07\/2020","novedad":"1","paginas":"368","subtitulo":"EL CREDO COMENTADO POR LOS PADRES DE LA IGLESIA - 3","orden":"0","portada":"0","idioma":"spa","autores-libros":[{"ID":163387,"post_author":"3","post_date":"2022-10-14 17:38:37","post_date_gmt":"2022-10-14 15:38:37","post_content":"","post_title":"MARCELO MERINO RODR\u00cdGUEZ","post_excerpt":"","post_status":"publish","comment_status":"closed","ping_status":"closed","post_password":"","post_name":"marcelo-merino-rodriguez","to_ping":"","pinged":"","post_modified":"2022-10-14 17:38:37","post_modified_gmt":"2022-10-14 15:38:37","post_content_filtered":"","post_parent":0,"guid":"http:\/\/dev.claret.cat\/autor\/marcelo-merino-rodriguez\/","menu_order":0,"post_type":"autor","post_mime_type":"","comment_count":"0","filter":"raw"},{"ID":170329,"post_author":"3","post_date":"2022-10-14 22:34:26","post_date_gmt":"2022-10-14 20:34:26","post_content":"","post_title":"THOMAS C. ODEN","post_excerpt":"","post_status":"publish","comment_status":"closed","ping_status":"closed","post_password":"","post_name":"thomas-c-oden","to_ping":"","pinged":"","post_modified":"2022-10-14 22:34:26","post_modified_gmt":"2022-10-14 20:34:26","post_content_filtered":"","post_parent":0,"guid":"http:\/\/dev.claret.cat\/autor\/thomas-c-oden\/","menu_order":0,"post_type":"autor","post_mime_type":"","comment_count":"0","filter":"raw"},{"ID":164072,"post_author":"3","post_date":"2022-10-14 17:44:08","post_date_gmt":"2022-10-14 15:44:08","post_content":"","post_title":"MARK J. EDWARDS","post_excerpt":"","post_status":"publish","comment_status":"closed","ping_status":"closed","post_password":"","post_name":"mark-j-edwards","to_ping":"","pinged":"","post_modified":"2022-10-14 17:44:08","post_modified_gmt":"2022-10-14 15:44:08","post_content_filtered":"","post_parent":0,"guid":"http:\/\/dev.claret.cat\/autor\/mark-j-edwards\/","menu_order":0,"post_type":"autor","post_mime_type":"","comment_count":"0","filter":"raw"}]},"aioseo_notices":[],"_links":{"self":[{"href":"https:\/\/www.claret.cat\/es\/wp-json\/wp\/v2\/product\/108290","targetHints":{"allow":["GET"]}}],"collection":[{"href":"https:\/\/www.claret.cat\/es\/wp-json\/wp\/v2\/product"}],"about":[{"href":"https:\/\/www.claret.cat\/es\/wp-json\/wp\/v2\/types\/product"}],"wp:featuredmedia":[{"embeddable":true,"href":"https:\/\/www.claret.cat\/es\/wp-json\/wp\/v2\/media\/387883"}],"wp:attachment":[{"href":"https:\/\/www.claret.cat\/es\/wp-json\/wp\/v2\/media?parent=108290"}],"wp:term":[{"taxonomy":"product_brand","embeddable":true,"href":"https:\/\/www.claret.cat\/es\/wp-json\/wp\/v2\/product_brand?post=108290"},{"taxonomy":"product_cat","embeddable":true,"href":"https:\/\/www.claret.cat\/es\/wp-json\/wp\/v2\/product_cat?post=108290"},{"taxonomy":"product_tag","embeddable":true,"href":"https:\/\/www.claret.cat\/es\/wp-json\/wp\/v2\/product_tag?post=108290"}],"curies":[{"name":"wp","href":"https:\/\/api.w.org\/{rel}","templated":true}]}}