{"id":1083009,"date":"2026-02-11T12:00:17","date_gmt":"2026-02-11T11:00:17","guid":{"rendered":"https:\/\/www.claret.cat\/llibre\/una-mujer-como-dios-manda-9788413685649\/"},"modified":"2026-04-01T17:30:31","modified_gmt":"2026-04-01T15:30:31","slug":"una-mujer-como-dios-manda-9788413685649","status":"publish","type":"product","link":"https:\/\/www.claret.cat\/es\/libro\/una-mujer-como-dios-manda-9788413685649\/","title":{"rendered":"UNA MUJER COMO DIOS MANDA"},"content":{"rendered":"<p>Estamos acostumbrados a escuchar frases como<strong> \u00absoy una mujer fuerte e independiente\u00bb<\/strong>, \u00abmi cuerpo, mi decisi\u00f3n\u00bb, \u00abno necesito un hombre en mi vida\u00bb&#8230;<\/p>\n<p><\/p>\n<p>La educaci\u00f3n, cultura, pol\u00edtica, psicolog\u00eda, legislaci\u00f3n y tantas otras \u00e1reas se han visto secuestradas po<strong>r ideolog\u00edas e intereses<\/strong> que han provocado, entre otras cosas, una profunda herida en la identidad personal. <\/p>\n<p><\/p>\n<p>Por eso, este libro nace en una sociedad que teme responder a la pregunta: <strong>\u00ab\u00bfQu\u00e9 es una mujer?\u00bb.<\/strong> <\/p>\n<p><\/p>\n<p>En estas p\u00e1ginas encontrar\u00e1s una<strong> conversaci\u00f3n de mujer a mujer <\/strong>repleta de honestidad. A trav\u00e9s de cuestiones te\u00f3ricas y pr\u00e1cticas, la autora pretende ayudarte a ser m\u00e1s t\u00fa misma, asumir tu prop\u00f3sito y vivir una vida plena; en definitiva, a ser la mujer \u00fanica que est\u00e1s llamada a ser. La <strong>feminidad <\/strong>existe, ha existido y existir\u00e1 siempre, y puede que esto sea lo que muchos m\u00e1s temen, porque una mujer femenina es imparable.<\/p>\n<p><\/p>\n<p><a href='https:\/\/www.claret.cat\/es\/catalogo\/?b=mujer' rel='noopener noreferrer' target='_blank'><strong>Descubre aqu\u00ed m\u00e1s libros sobre feminidad y mujeres<\/strong><\/a><\/p>\n","protected":false},"excerpt":{"rendered":"<p>CRISTINA CONS<\/p>\n","protected":false},"featured_media":1094124,"template":"","meta":{"_acf_changed":false,"om_disable_all_campaigns":false,"rs_blank_template":"","rs_page_bg_color":"","slide_template_v7":"","inline_featured_image":false,"_monsterinsights_skip_tracking":false,"_monsterinsights_sitenote_active":false,"_monsterinsights_sitenote_note":"","_monsterinsights_sitenote_category":0},"product_brand":[],"product_cat":[279,509],"product_tag":[],"class_list":{"0":"post-1083009","1":"product","2":"type-product","3":"status-publish","4":"has-post-thumbnail","6":"product_cat-antropologia-teologica","7":"product_cat-antropologia-teologica-teologia-1_espiritualidad","9":"first","10":"instock","11":"taxable","12":"shipping-taxable","13":"purchasable","14":"product-type-simple"},"acf":{"autor":"CRISTINA CONS","codart":"841368564","libros-coleccion":"","ediciones":"1","encuadernacion":"R\u00fastica","fecha_de_publicacion":"01\/02\/2026","novedad":"1","paginas":"197","subtitulo":"","orden":"0","portada":"1","idioma":"spa","booktrailer":"","resenas":"","editorial":[{"ID":148624,"post_author":"3","post_date":"2022-10-14 11:59:42","post_date_gmt":"2022-10-14 09:59:42","post_content":"","post_title":"PALABRA S.A., EDICIONES","post_excerpt":"","post_status":"publish","comment_status":"closed","ping_status":"closed","post_password":"","post_name":"palabra-s-a-ediciones","to_ping":"","pinged":"","post_modified":"2022-10-14 11:59:42","post_modified_gmt":"2022-10-14 09:59:42","post_content_filtered":"","post_parent":0,"guid":"http:\/\/dev.claret.cat\/editorial\/palabra-s-a-ediciones\/","menu_order":0,"post_type":"editorial","post_mime_type":"","comment_count":"0","filter":"raw"}],"linkebook":"","ficha":"","muestra":"","precioebook":"0","presentacion":""},"aioseo_notices":[],"_links":{"self":[{"href":"https:\/\/www.claret.cat\/es\/wp-json\/wp\/v2\/product\/1083009","targetHints":{"allow":["GET"]}}],"collection":[{"href":"https:\/\/www.claret.cat\/es\/wp-json\/wp\/v2\/product"}],"about":[{"href":"https:\/\/www.claret.cat\/es\/wp-json\/wp\/v2\/types\/product"}],"wp:featuredmedia":[{"embeddable":true,"href":"https:\/\/www.claret.cat\/es\/wp-json\/wp\/v2\/media\/1094124"}],"wp:attachment":[{"href":"https:\/\/www.claret.cat\/es\/wp-json\/wp\/v2\/media?parent=1083009"}],"wp:term":[{"taxonomy":"product_brand","embeddable":true,"href":"https:\/\/www.claret.cat\/es\/wp-json\/wp\/v2\/product_brand?post=1083009"},{"taxonomy":"product_cat","embeddable":true,"href":"https:\/\/www.claret.cat\/es\/wp-json\/wp\/v2\/product_cat?post=1083009"},{"taxonomy":"product_tag","embeddable":true,"href":"https:\/\/www.claret.cat\/es\/wp-json\/wp\/v2\/product_tag?post=1083009"}],"curies":[{"name":"wp","href":"https:\/\/api.w.org\/{rel}","templated":true}]}}