{"id":1083018,"date":"2026-02-11T12:05:14","date_gmt":"2026-02-11T11:05:14","guid":{"rendered":"https:\/\/www.claret.cat\/llibre\/la-divinidad-de-cristo-9788413685601\/"},"modified":"2026-02-26T16:46:07","modified_gmt":"2026-02-26T15:46:07","slug":"la-divinidad-de-cristo-9788413685601","status":"publish","type":"product","link":"https:\/\/www.claret.cat\/es\/libro\/la-divinidad-de-cristo-9788413685601\/","title":{"rendered":"LA DIVINIDAD DE CRISTO"},"content":{"rendered":"<p>\u00bfSe consideraba Jes\u00fas a s\u00ed mismo divino? Desde el comienzo de la b\u00fasqueda del Cristo hist\u00f3rico, los estudiosos han descartado la idea de que pudiera haberse identificado a s\u00ed mismo como Dios. Brant Pitre cuestiona esta suposici\u00f3n generalizada y presenta argumentos s\u00f3lidos para demostrar que s\u00ed se evidenciaba divino. Explicando los Evangelios en su contexto, muestra c\u00f3mo Jes\u00fas utilizaba preguntas y alusiones b\u00edblicas para revelar el secreto apocal\u00edptico de su divinidad.<br \/> Pitre, tras estudiar cuidadosamente las pruebas hist\u00f3ricas, sostiene que los or\u00edgenes de la alta cristolog\u00eda primitiva se remontan a las palabras y acciones del Jes\u00fas hist\u00f3rico, dejando claro que no solo fue visto como divino por otros, sino que \u00c9l mismo mostr\u00f3 una identidad que desafiaba todas las categor\u00edas humanas.<\/p>\n","protected":false},"excerpt":{"rendered":"<p>BRANT PITRE<\/p>\n","protected":false},"featured_media":1086742,"template":"","meta":{"_acf_changed":false,"om_disable_all_campaigns":false,"rs_blank_template":"","rs_page_bg_color":"","slide_template_v7":"","inline_featured_image":false,"_monsterinsights_skip_tracking":false,"_monsterinsights_sitenote_active":false,"_monsterinsights_sitenote_note":"","_monsterinsights_sitenote_category":0},"product_brand":[],"product_cat":[276,414],"product_tag":[],"class_list":{"0":"post-1083018","1":"product","2":"type-product","3":"status-publish","4":"has-post-thumbnail","6":"product_cat-cristologia-teologia","7":"product_cat-cristologia-teologia-1_espiritualidad","9":"first","10":"instock","11":"taxable","12":"shipping-taxable","13":"purchasable","14":"product-type-simple"},"acf":{"autor":"BRANT PITRE","codart":"841368560","libros-coleccion":"","ediciones":"1","encuadernacion":"R\u00fastica","fecha_de_publicacion":"01\/02\/2026","novedad":"1","paginas":"524","subtitulo":"","orden":"0","portada":"0","idioma":"spa","booktrailer":"","resenas":"","editorial":[{"ID":148624,"post_author":"3","post_date":"2022-10-14 11:59:42","post_date_gmt":"2022-10-14 09:59:42","post_content":"","post_title":"PALABRA S.A., EDICIONES","post_excerpt":"","post_status":"publish","comment_status":"closed","ping_status":"closed","post_password":"","post_name":"palabra-s-a-ediciones","to_ping":"","pinged":"","post_modified":"2022-10-14 11:59:42","post_modified_gmt":"2022-10-14 09:59:42","post_content_filtered":"","post_parent":0,"guid":"http:\/\/dev.claret.cat\/editorial\/palabra-s-a-ediciones\/","menu_order":0,"post_type":"editorial","post_mime_type":"","comment_count":"0","filter":"raw"}]},"aioseo_notices":[],"_links":{"self":[{"href":"https:\/\/www.claret.cat\/es\/wp-json\/wp\/v2\/product\/1083018","targetHints":{"allow":["GET"]}}],"collection":[{"href":"https:\/\/www.claret.cat\/es\/wp-json\/wp\/v2\/product"}],"about":[{"href":"https:\/\/www.claret.cat\/es\/wp-json\/wp\/v2\/types\/product"}],"wp:featuredmedia":[{"embeddable":true,"href":"https:\/\/www.claret.cat\/es\/wp-json\/wp\/v2\/media\/1086742"}],"wp:attachment":[{"href":"https:\/\/www.claret.cat\/es\/wp-json\/wp\/v2\/media?parent=1083018"}],"wp:term":[{"taxonomy":"product_brand","embeddable":true,"href":"https:\/\/www.claret.cat\/es\/wp-json\/wp\/v2\/product_brand?post=1083018"},{"taxonomy":"product_cat","embeddable":true,"href":"https:\/\/www.claret.cat\/es\/wp-json\/wp\/v2\/product_cat?post=1083018"},{"taxonomy":"product_tag","embeddable":true,"href":"https:\/\/www.claret.cat\/es\/wp-json\/wp\/v2\/product_tag?post=1083018"}],"curies":[{"name":"wp","href":"https:\/\/api.w.org\/{rel}","templated":true}]}}