{"id":108305,"date":"2022-10-12T09:44:02","date_gmt":"2022-10-12T07:44:02","guid":{"rendered":"http:\/\/dev.claret.cat\/producte\/evangelio-papa-francisco-2021-ciclo-b\/"},"modified":"2024-05-02T08:08:51","modified_gmt":"2024-05-02T06:08:51","slug":"evangelio-papa-francisco-2021-ciclo-b-9788428559027","status":"publish","type":"product","link":"https:\/\/www.claret.cat\/es\/libro\/evangelio-papa-francisco-2021-ciclo-b-9788428559027\/","title":{"rendered":"EVANGELIO PAPA FRANCISCO &#8211; 2021 &#8211; CICLO B"},"content":{"rendered":"<p>Edici\u00f3n especial del Evangelio 2021 La Palabra de cada d\u00eda Ciclo B, en su formato y letra grande, con portada especial del Papa Francisco y una selecci\u00f3n de meditaciones y oraciones escritas por \u00e9l dedicadas a los tiempos y fiestas lit\u00fargicas. Incluye los textos de los evangelios de la misa diaria y todas las lecturas de las misas dominicales, acompa\u00f1ados de comentarios y oraciones de Isabel G\u00f3mez-Acebo. Los textos y oraciones del Papa que lo complementan est\u00e1n tomados de homil\u00edas, discursos y alocuciones, y son una propuesta de meditaci\u00f3n y oraci\u00f3n durante todo el a\u00f1o lit\u00fargico.<\/p>\n","protected":false},"excerpt":{"rendered":"<p>PAPA FRANCISCO<\/p>\n","protected":false},"featured_media":336363,"template":"","meta":{"_acf_changed":false,"om_disable_all_campaigns":false,"rs_blank_template":"","rs_page_bg_color":"","slide_template_v7":"","inline_featured_image":false,"_monsterinsights_skip_tracking":false,"_monsterinsights_sitenote_active":false,"_monsterinsights_sitenote_note":"","_monsterinsights_sitenote_category":0},"product_brand":[],"product_cat":[90,540],"product_tag":[],"class_list":{"0":"post-108305","1":"product","2":"type-product","3":"status-publish","4":"has-post-thumbnail","6":"product_cat-altres","7":"product_cat-otros","9":"first","10":"instock","11":"taxable","12":"shipping-taxable","13":"purchasable","14":"product-type-simple"},"acf":{"editorial":[{"ID":6356,"post_author":"3","post_date":"2022-07-28 17:50:26","post_date_gmt":"2022-07-28 15:50:26","post_content":"","post_title":"SAN PABLO COMUNICACI\u00d3N","post_excerpt":"","post_status":"publish","comment_status":"closed","ping_status":"closed","post_password":"","post_name":"san-pablo-comunicacion","to_ping":"","pinged":"","post_modified":"2022-07-28 17:50:26","post_modified_gmt":"2022-07-28 15:50:26","post_content_filtered":"","post_parent":0,"guid":"http:\/\/dev.claret.cat\/editorial\/san-pablo-comunicacion\/","menu_order":0,"post_type":"editorial","post_mime_type":"","comment_count":"0","filter":"raw"}],"autores-libros":[{"ID":5919,"post_author":"3","post_date":"2022-07-28 17:34:18","post_date_gmt":"2022-07-28 15:34:18","post_content":"","post_title":"PAPA FRANCISCO","post_excerpt":"","post_status":"publish","comment_status":"closed","ping_status":"closed","post_password":"","post_name":"papa-francisco","to_ping":"","pinged":"","post_modified":"2022-07-28 17:34:18","post_modified_gmt":"2022-07-28 15:34:18","post_content_filtered":"","post_parent":0,"guid":"http:\/\/dev.claret.cat\/autor\/papa-francisco\/","menu_order":0,"post_type":"autor","post_mime_type":"","comment_count":"0","filter":"raw"}],"autor":"PAPA FRANCISCO","codart":"842855902","libros-coleccion":"Evangelios y Misales","ediciones":"1","encuadernacion":"R\u00fastica","fecha_de_publicacion":"13\/07\/2020","novedad":"1","paginas":"528","subtitulo":"LA PALABRA DE CADA D\u00cdA, EVANGELIO 2021 - CICLO B - COMENTARIOS PAPA FRANCISCO A LOS TIEMPOS LIT\u00daRGICOS","orden":"0","portada":"0","idioma":"spa"},"aioseo_notices":[],"_links":{"self":[{"href":"https:\/\/www.claret.cat\/es\/wp-json\/wp\/v2\/product\/108305","targetHints":{"allow":["GET"]}}],"collection":[{"href":"https:\/\/www.claret.cat\/es\/wp-json\/wp\/v2\/product"}],"about":[{"href":"https:\/\/www.claret.cat\/es\/wp-json\/wp\/v2\/types\/product"}],"wp:featuredmedia":[{"embeddable":true,"href":"https:\/\/www.claret.cat\/es\/wp-json\/wp\/v2\/media\/336363"}],"wp:attachment":[{"href":"https:\/\/www.claret.cat\/es\/wp-json\/wp\/v2\/media?parent=108305"}],"wp:term":[{"taxonomy":"product_brand","embeddable":true,"href":"https:\/\/www.claret.cat\/es\/wp-json\/wp\/v2\/product_brand?post=108305"},{"taxonomy":"product_cat","embeddable":true,"href":"https:\/\/www.claret.cat\/es\/wp-json\/wp\/v2\/product_cat?post=108305"},{"taxonomy":"product_tag","embeddable":true,"href":"https:\/\/www.claret.cat\/es\/wp-json\/wp\/v2\/product_tag?post=108305"}],"curies":[{"name":"wp","href":"https:\/\/api.w.org\/{rel}","templated":true}]}}