{"id":1083120,"date":"2026-02-11T16:10:47","date_gmt":"2026-02-11T15:10:47","guid":{"rendered":"https:\/\/www.claret.cat\/llibre\/pocket-box-platinum-adrenalyn-xl-20252026-8424248926748\/"},"modified":"2026-02-11T16:10:55","modified_gmt":"2026-02-11T15:10:55","slug":"pocket-box-platinum-adrenalyn-xl-20252026-8424248926748","status":"publish","type":"product","link":"https:\/\/www.claret.cat\/es\/libro\/pocket-box-platinum-adrenalyn-xl-20252026-8424248926748\/","title":{"rendered":"POCKET BOX PLATINUM ADRENALYN XL 2025-2026"},"content":{"rendered":"<p>La Pocket Box Platinum 2026 de la magn\u00edfica colecci\u00f3n de Trading Cards Adrenalyn XL LaLiga Santander 2025-26 te permite obtener 30 cards espectaculares de la colecci\u00f3n. \u00a1TODAS EN EXCLUSIVA!<\/p>\n<p>En ellas encontrar\u00e1s:<\/p>\n<p>26 cards de BIS AMPLIACI\u00d3N.<br \/>3 cards exclusivas de Edici\u00f3n Limitada: <br \/>                                &#8211; FERM\u00cdN (FC BARCELONA)<br \/>                                &#8211; IAGO ASPAS (RC CELTA) <br \/>                                &#8211; MURIQI (RCD MALLORCA)<\/p>\n<p>1 CARD PLATINUM 2026 Edici\u00f3n Limitada: SANTI CAZORLA (REAL OVIEDO).<br \/>Colecciona los grandes cracks de LaLiga, los DIAMANTES, los INFLUENCERS, los SUPER CRACKS, los BALONES DE ORO\u2026 \u00a1Todos! Mbapp\u00e9, Lamine Yamal, Juli\u00e1n \u00c1lvarez, Vinicius, Nico Williams, Joan Garc\u00eda, Antony&#8230; \u00a1Todos! \u00a1Y descubre las nuevas series PROTAS, KRYPTONITA y las nuevas STADIUM CARDS!<\/p>\n","protected":false},"excerpt":{"rendered":"<p>PANINI<\/p>\n","protected":false},"featured_media":1083121,"template":"","meta":{"_acf_changed":false,"om_disable_all_campaigns":false,"rs_blank_template":"","rs_page_bg_color":"","slide_template_v7":"","inline_featured_image":false,"_monsterinsights_skip_tracking":false,"_monsterinsights_sitenote_active":false,"_monsterinsights_sitenote_note":"","_monsterinsights_sitenote_category":0},"product_brand":[],"product_cat":[133,132,136,366,362,363],"product_tag":[],"class_list":{"0":"post-1083120","1":"product","2":"type-product","3":"status-publish","4":"has-post-thumbnail","6":"product_cat-lectures-per-adolescents-12-18-anys","7":"product_cat-lectures-per-preadolescents-6-12-anys","8":"product_cat-jocs-destimulacio","9":"product_cat-juegos-de-estimulacion","10":"product_cat-libros-preadolescentes-6-12-anos","11":"product_cat-lecturas-por-adolescentes-12-18-anos","13":"first","14":"instock","15":"taxable","16":"shipping-taxable","17":"purchasable","18":"product-type-simple"},"acf":{"autor":"PANINI","codart":"424892674","libros-coleccion":"","ediciones":"1","encuadernacion":"R\u00fastica","fecha_de_publicacion":"11\/02\/2026","novedad":"1","paginas":"1","subtitulo":"","orden":"0","portada":"0","idioma":"spa","booktrailer":"","resenas":"","editorial":[{"ID":148633,"post_author":"3","post_date":"2022-10-14 11:59:46","post_date_gmt":"2022-10-14 09:59:46","post_content":"","post_title":"PANINI","post_excerpt":"","post_status":"publish","comment_status":"closed","ping_status":"closed","post_password":"","post_name":"panini","to_ping":"","pinged":"","post_modified":"2022-10-14 11:59:46","post_modified_gmt":"2022-10-14 09:59:46","post_content_filtered":"","post_parent":0,"guid":"http:\/\/dev.claret.cat\/editorial\/panini\/","menu_order":0,"post_type":"editorial","post_mime_type":"","comment_count":"0","filter":"raw"}]},"aioseo_notices":[],"_links":{"self":[{"href":"https:\/\/www.claret.cat\/es\/wp-json\/wp\/v2\/product\/1083120","targetHints":{"allow":["GET"]}}],"collection":[{"href":"https:\/\/www.claret.cat\/es\/wp-json\/wp\/v2\/product"}],"about":[{"href":"https:\/\/www.claret.cat\/es\/wp-json\/wp\/v2\/types\/product"}],"wp:featuredmedia":[{"embeddable":true,"href":"https:\/\/www.claret.cat\/es\/wp-json\/wp\/v2\/media\/1083121"}],"wp:attachment":[{"href":"https:\/\/www.claret.cat\/es\/wp-json\/wp\/v2\/media?parent=1083120"}],"wp:term":[{"taxonomy":"product_brand","embeddable":true,"href":"https:\/\/www.claret.cat\/es\/wp-json\/wp\/v2\/product_brand?post=1083120"},{"taxonomy":"product_cat","embeddable":true,"href":"https:\/\/www.claret.cat\/es\/wp-json\/wp\/v2\/product_cat?post=1083120"},{"taxonomy":"product_tag","embeddable":true,"href":"https:\/\/www.claret.cat\/es\/wp-json\/wp\/v2\/product_tag?post=1083120"}],"curies":[{"name":"wp","href":"https:\/\/api.w.org\/{rel}","templated":true}]}}