{"id":1083123,"date":"2026-02-11T16:15:02","date_gmt":"2026-02-11T15:15:02","guid":{"rendered":"https:\/\/www.claret.cat\/llibre\/clara-nox-2-el-secreto-del-profesor-9788408314455\/"},"modified":"2026-02-25T16:05:53","modified_gmt":"2026-02-25T15:05:53","slug":"clara-nox-2-el-secreto-del-profesor-9788408314455","status":"publish","type":"product","link":"https:\/\/www.claret.cat\/es\/libro\/clara-nox-2-el-secreto-del-profesor-9788408314455\/","title":{"rendered":"CLARA NOX 2. EL SECRETO DEL PROFESOR"},"content":{"rendered":"<p>La primera vez que vi un monstruo pens\u00e9 que era lo peor que pod\u00eda pasarme. Me equivocaba. Lo peor fue dejar escapar al ladr\u00f3n de lo \u00fanico que nos proteg\u00eda de ellos.<br \/> Me llamo Clara Nox, tengo trece a\u00f1os y Nueva York sigue siendo mi hogar\u2026 aunque nada es como antes. Entre clases aburridas, compa\u00f1eros que piensan que el instituto les pertenece y monstruos escondidos en las sombras, he aprendido que hay errores que no se pueden reparar. Ahora, la muestra del aire est\u00e1 en las manos equivocadas y depende de m\u00ed recuperarla antes de que sea demasiado tarde.<br \/> Si quiero proteger a los que quiero, tendr\u00e9 que enfrentarme a la oscuridad\u2026 y descubrir hasta d\u00f3nde llega mi propia luz.<br \/> *****<br \/> Llega la segunda entrega de la colecci\u00f3n middle grade de Isabel \u00c1lvarez: Clara Nox. Una trepidante saga ambientada en Nueva York, donde una ni\u00f1a con un legado oscuro debe elegir entre la luz y la oscuridad, mientras se enfrenta a monstruos y resuelve misterios. Uno de ellos, el de su propia identidad.<br \/> Por qu\u00e9 tienes que leer Clara Nox: <\/p>\n<p> Porque la protagonista es una hero\u00edna con mucho car\u00e1cter: Clara Nox es mordaz, inteligente, divertida\u2026 y tiene tambi\u00e9n un lado oscuro que la hace \u00fanica.<br \/> Porque la trama te atrapa desde la primera l\u00ednea y combina buenas dosis de misterio con acci\u00f3n, aventura y fantas\u00eda urbana.<br \/> Porque la acci\u00f3n transcurre en Nueva York: del hotel de lujo donde se hospeda la protagonista o la escuela elitista en la que estudia hasta escenarios ic\u00f3nicos de la ciudad.<br \/> Por las fabulosas ilustraciones de Sara Lozoya, una de las artistas m\u00e1s de moda del momento.<br \/> Porque te dejar\u00e1 con ganas de m\u00e1s.<\/p>\n<p> \u00a0G\u00e9neros<\/p>\n<p> Aventura y Misterio middle grade<br \/> Fantas\u00eda Urbana<\/p>\n","protected":false},"excerpt":{"rendered":"<p>ISABEL \u00c1LVAREZ<\/p>\n","protected":false},"featured_media":1086247,"template":"","meta":{"_acf_changed":false,"om_disable_all_campaigns":false,"rs_blank_template":"","rs_page_bg_color":"","slide_template_v7":"","inline_featured_image":false,"_monsterinsights_skip_tracking":false,"_monsterinsights_sitenote_active":false,"_monsterinsights_sitenote_note":"","_monsterinsights_sitenote_category":0},"product_brand":[],"product_cat":[132,362],"product_tag":[],"class_list":{"0":"post-1083123","1":"product","2":"type-product","3":"status-publish","4":"has-post-thumbnail","6":"product_cat-lectures-per-preadolescents-6-12-anys","7":"product_cat-libros-preadolescentes-6-12-anos","9":"first","10":"instock","11":"taxable","12":"shipping-taxable","13":"purchasable","14":"product-type-simple"},"acf":{"autor":"ISABEL \u00c1LVAREZ","codart":"840831445","libros-coleccion":"","ediciones":"1","encuadernacion":"Carton\u00e9","fecha_de_publicacion":"01\/02\/2026","novedad":"1","paginas":"221","subtitulo":"","orden":"0","portada":"0","idioma":"spa","booktrailer":"","resenas":"","editorial":[{"ID":6233,"post_author":"3","post_date":"2022-07-28 17:47:48","post_date_gmt":"2022-07-28 15:47:48","post_content":"","post_title":"EDITORIAL PLANETA","post_excerpt":"","post_status":"publish","comment_status":"closed","ping_status":"closed","post_password":"","post_name":"editorial-planeta","to_ping":"","pinged":"","post_modified":"2022-07-28 17:47:48","post_modified_gmt":"2022-07-28 15:47:48","post_content_filtered":"","post_parent":0,"guid":"http:\/\/dev.claret.cat\/editorial\/editorial-planeta\/","menu_order":0,"post_type":"editorial","post_mime_type":"","comment_count":"0","filter":"raw"}]},"aioseo_notices":[],"_links":{"self":[{"href":"https:\/\/www.claret.cat\/es\/wp-json\/wp\/v2\/product\/1083123","targetHints":{"allow":["GET"]}}],"collection":[{"href":"https:\/\/www.claret.cat\/es\/wp-json\/wp\/v2\/product"}],"about":[{"href":"https:\/\/www.claret.cat\/es\/wp-json\/wp\/v2\/types\/product"}],"wp:featuredmedia":[{"embeddable":true,"href":"https:\/\/www.claret.cat\/es\/wp-json\/wp\/v2\/media\/1086247"}],"wp:attachment":[{"href":"https:\/\/www.claret.cat\/es\/wp-json\/wp\/v2\/media?parent=1083123"}],"wp:term":[{"taxonomy":"product_brand","embeddable":true,"href":"https:\/\/www.claret.cat\/es\/wp-json\/wp\/v2\/product_brand?post=1083123"},{"taxonomy":"product_cat","embeddable":true,"href":"https:\/\/www.claret.cat\/es\/wp-json\/wp\/v2\/product_cat?post=1083123"},{"taxonomy":"product_tag","embeddable":true,"href":"https:\/\/www.claret.cat\/es\/wp-json\/wp\/v2\/product_tag?post=1083123"}],"curies":[{"name":"wp","href":"https:\/\/api.w.org\/{rel}","templated":true}]}}