{"id":1083174,"date":"2026-02-11T17:05:23","date_gmt":"2026-02-11T16:05:23","guid":{"rendered":"https:\/\/www.claret.cat\/llibre\/com-canviar-el-mon-9791387645199\/"},"modified":"2026-04-08T19:00:59","modified_gmt":"2026-04-08T17:00:59","slug":"com-canviar-el-mon-9791387645199","status":"publish","type":"product","link":"https:\/\/www.claret.cat\/es\/libro\/com-canviar-el-mon-9791387645199\/","title":{"rendered":"COM CANVIAR EL M\u00d3N"},"content":{"rendered":"<p>\u00abFins ara, els fil\u00f2sofs shan limitat a interpretar el m\u00f3n, el que cal \u00e9s transformar-lo.\u00bb Aquesta proclama \u00e9s una de les m\u00e9s recordades de Marx i encara avui amaga una veritat sovint inc\u00f2moda per a molts intel\u00b7lectuals: la validesa de les idees filos\u00f2fiques radica en la seva capacitat per impactar en la realitat i transformar-la. La capacitat per canviar el m\u00f3n. Ha plogut molt des de que Marx va formular aquest pol\u00e8mic enunciat, i els cent cinquanta anys de la rica i diversa tradici\u00f3 marxista ho avalen. Per\u00f2 qu\u00e8 en queda, avui, de totes les seves aspiracions i esperances? Vivim un moment hist\u00f2ric en qu\u00e8 se?ns diu que no hi ha alternativa i el lliure mercat est\u00e0 a punt de conquerir-ho tot, amb conseq\u00fc\u00e8ncies econ\u00f2miques i mediambientals devastadores. Quin millor moment, per tant, per fer una reavaluaci\u00f3 de lenemic m\u00e9s vigor\u00f3s i prol\u00edfic del capitalisme?  Com canviar el m\u00f3n \u00e9s un assaig imprescindible que revisita el pensament de Marx i en reivindica la vig\u00e8ncia per entendre el m\u00f3n davui. Cap altra escola de pensament ha tingut tanta capacitat per mobilitzar forces socials ni tenir gran pres\u00e8ncia ?en molts moments decisiva? en la hist\u00f2ria del segle XX. Hobsbawm demostra una vegada m\u00e9s per qu\u00e8 \u00e9s un dels historiadors m\u00e9s importants del segle XX. Com canviar el m\u00f3n va ser el seu darrer llibre, on veiem culminada tota una vida al servei de lestudi de la hist\u00f2ria i de comprom\u00eds amb els anhels revolucionaris.  \u00abA Com canviar el m\u00f3n veiem a la perfecci\u00f3 la combinaci\u00f3 caracter\u00edstica de Hobsbawm dan\u00e0lisi l\u00facida i abast impressionant. Gaireb\u00e9 tots els historiadors semblen principiants al seu costat.\u00bb ?The Guardian<\/p>\n","protected":false},"excerpt":{"rendered":"<p>ERIC HOBSBAWM<\/p>\n","protected":false},"featured_media":1095781,"template":"","meta":{"_acf_changed":false,"om_disable_all_campaigns":false,"rs_blank_template":"","rs_page_bg_color":"","slide_template_v7":"","inline_featured_image":false,"_monsterinsights_skip_tracking":false,"_monsterinsights_sitenote_active":false,"_monsterinsights_sitenote_note":"","_monsterinsights_sitenote_category":0},"product_brand":[],"product_cat":[162,436,158,433,157,370],"product_tag":[],"class_list":{"0":"post-1083174","1":"product","2":"type-product","3":"status-publish","4":"has-post-thumbnail","6":"product_cat-economica-i-politica","7":"product_cat-economica-y-politica","8":"product_cat-historia-i-corrents","9":"product_cat-historia-y-corrientes-sociologia-2_humanidades","10":"product_cat-investigacio-i-corrents","11":"product_cat-investigacion-y-corrientes","13":"first","14":"instock","15":"taxable","16":"shipping-taxable","17":"purchasable","18":"product-type-simple"},"acf":{"autor":"ERIC HOBSBAWM","codart":"138764519","libros-coleccion":"","ediciones":"1","encuadernacion":"R\u00fastica","fecha_de_publicacion":"01\/01\/2026","novedad":"1","paginas":"444","subtitulo":"","orden":"0","portada":"0","idioma":"cat","booktrailer":"","resenas":"","editorial":[{"ID":148876,"post_author":"3","post_date":"2022-10-14 12:01:41","post_date_gmt":"2022-10-14 10:01:41","post_content":"","post_title":"TIGRE DE PAPER","post_excerpt":"","post_status":"publish","comment_status":"closed","ping_status":"closed","post_password":"","post_name":"tigre-de-paper","to_ping":"","pinged":"","post_modified":"2022-10-14 12:01:41","post_modified_gmt":"2022-10-14 10:01:41","post_content_filtered":"","post_parent":0,"guid":"http:\/\/dev.claret.cat\/editorial\/tigre-de-paper\/","menu_order":0,"post_type":"editorial","post_mime_type":"","comment_count":"0","filter":"raw"}]},"aioseo_notices":[],"_links":{"self":[{"href":"https:\/\/www.claret.cat\/es\/wp-json\/wp\/v2\/product\/1083174","targetHints":{"allow":["GET"]}}],"collection":[{"href":"https:\/\/www.claret.cat\/es\/wp-json\/wp\/v2\/product"}],"about":[{"href":"https:\/\/www.claret.cat\/es\/wp-json\/wp\/v2\/types\/product"}],"wp:featuredmedia":[{"embeddable":true,"href":"https:\/\/www.claret.cat\/es\/wp-json\/wp\/v2\/media\/1095781"}],"wp:attachment":[{"href":"https:\/\/www.claret.cat\/es\/wp-json\/wp\/v2\/media?parent=1083174"}],"wp:term":[{"taxonomy":"product_brand","embeddable":true,"href":"https:\/\/www.claret.cat\/es\/wp-json\/wp\/v2\/product_brand?post=1083174"},{"taxonomy":"product_cat","embeddable":true,"href":"https:\/\/www.claret.cat\/es\/wp-json\/wp\/v2\/product_cat?post=1083174"},{"taxonomy":"product_tag","embeddable":true,"href":"https:\/\/www.claret.cat\/es\/wp-json\/wp\/v2\/product_tag?post=1083174"}],"curies":[{"name":"wp","href":"https:\/\/api.w.org\/{rel}","templated":true}]}}