{"id":1083323,"date":"2026-02-11T19:55:02","date_gmt":"2026-02-11T18:55:02","guid":{"rendered":"https:\/\/www.claret.cat\/llibre\/catalanes-medievals-vintisis-histories-femenines-9788472461963\/"},"modified":"2026-03-24T17:13:53","modified_gmt":"2026-03-24T16:13:53","slug":"catalanes-medievals-vintisis-histories-femenines-9788472461963","status":"publish","type":"product","link":"https:\/\/www.claret.cat\/es\/libro\/catalanes-medievals-vintisis-histories-femenines-9788472461963\/","title":{"rendered":"CATALANES MEDIEVALS. VINT-I-SIS HIST\u00d2RIES FEMENINES"},"content":{"rendered":"<p><strong>Saps com era la vida als castells medievals?<\/strong> De quina manera participaven les dones a les guerres? Sabies que Garsenda fou coneguda per les seves composicions amoroses o que Blanquina fou jutjada per heretge? <\/p>\n<p><\/p>\n<p>El llibre \u00e9s un recull d&#8217;hist\u00f2ries de<strong> dones que van viure al llarg de l&#8217;Edat Mitjana<\/strong> i que van tenir una participaci\u00f3 activa en els \u00e0mbits cultural, pol\u00edtic, cient\u00edfic i comercial, tot i que la societat els reservava un paper irrellevant.<\/p>\n","protected":false},"excerpt":{"rendered":"<p>ELISENDA ALBERT\u00cd<\/p>\n","protected":false},"featured_media":1084838,"template":"","meta":{"_acf_changed":false,"om_disable_all_campaigns":false,"rs_blank_template":"","rs_page_bg_color":"","slide_template_v7":"","inline_featured_image":false,"_monsterinsights_skip_tracking":false,"_monsterinsights_sitenote_active":false,"_monsterinsights_sitenote_note":"","_monsterinsights_sitenote_category":0},"product_brand":[],"product_cat":[430,153],"product_tag":[],"class_list":{"0":"post-1083323","1":"product","2":"type-product","3":"status-publish","4":"has-post-thumbnail","6":"product_cat-cataluna","7":"product_cat-catalunya","9":"first","10":"instock","11":"taxable","12":"shipping-taxable","13":"purchasable","14":"product-type-simple"},"acf":{"autor":"ELISENDA ALBERT\u00cd","codart":"847246196","libros-coleccion":"","ediciones":"1","encuadernacion":"R\u00fastica","fecha_de_publicacion":"01\/11\/2025","novedad":"1","paginas":"202","subtitulo":"","orden":"0","portada":"1","idioma":"cat","booktrailer":"","resenas":"","editorial":[{"ID":147386,"post_author":"3","post_date":"2022-10-14 11:50:10","post_date_gmt":"2022-10-14 09:50:10","post_content":"","post_title":"Albert\u00ed Editor","post_excerpt":"","post_status":"publish","comment_status":"closed","ping_status":"closed","post_password":"","post_name":"alberti-editor","to_ping":"","pinged":"","post_modified":"2022-10-14 11:50:10","post_modified_gmt":"2022-10-14 09:50:10","post_content_filtered":"","post_parent":0,"guid":"http:\/\/dev.claret.cat\/editorial\/alberti-editor\/","menu_order":0,"post_type":"editorial","post_mime_type":"","comment_count":"0","filter":"raw"}],"linkebook":"","ficha":"","muestra":"","precioebook":"0","presentacion":""},"aioseo_notices":[],"_links":{"self":[{"href":"https:\/\/www.claret.cat\/es\/wp-json\/wp\/v2\/product\/1083323","targetHints":{"allow":["GET"]}}],"collection":[{"href":"https:\/\/www.claret.cat\/es\/wp-json\/wp\/v2\/product"}],"about":[{"href":"https:\/\/www.claret.cat\/es\/wp-json\/wp\/v2\/types\/product"}],"wp:featuredmedia":[{"embeddable":true,"href":"https:\/\/www.claret.cat\/es\/wp-json\/wp\/v2\/media\/1084838"}],"wp:attachment":[{"href":"https:\/\/www.claret.cat\/es\/wp-json\/wp\/v2\/media?parent=1083323"}],"wp:term":[{"taxonomy":"product_brand","embeddable":true,"href":"https:\/\/www.claret.cat\/es\/wp-json\/wp\/v2\/product_brand?post=1083323"},{"taxonomy":"product_cat","embeddable":true,"href":"https:\/\/www.claret.cat\/es\/wp-json\/wp\/v2\/product_cat?post=1083323"},{"taxonomy":"product_tag","embeddable":true,"href":"https:\/\/www.claret.cat\/es\/wp-json\/wp\/v2\/product_tag?post=1083323"}],"curies":[{"name":"wp","href":"https:\/\/api.w.org\/{rel}","templated":true}]}}