{"id":1083434,"date":"2026-02-12T10:10:28","date_gmt":"2026-02-12T09:10:28","guid":{"rendered":"https:\/\/www.claret.cat\/llibre\/la-voz-de-la-palabra-9788428843379\/"},"modified":"2026-02-19T09:35:05","modified_gmt":"2026-02-19T08:35:05","slug":"la-voz-de-la-palabra-9788428843379","status":"publish","type":"product","link":"https:\/\/www.claret.cat\/es\/libro\/la-voz-de-la-palabra-9788428843379\/","title":{"rendered":"LA VOZ DE LA PALABRA"},"content":{"rendered":"<p><span>En esta publicaci\u00f3n se presentan aspectos fundamentales de la experiencia religiosa y, por supuesto, cristiana de Dios. El vasto conocimiento que posee Juan de Dios Mart\u00edn Velasco de los textos b\u00edblicos, de los fil\u00f3sofos griegos y contempor\u00e1neos, de te\u00f3logos cristianos y de otras religiones, as\u00ed como dem\u00edsticos jud\u00edos y cristianos, le permite realizar una exposici\u00f3n enriquecedora de los temas que, a su vez, ayuda al lector a profundizar en preguntas fundamentales de la existencia humana y a encontrar respuestas, aunque estas no sean siempre como uno est\u00e1 costumbrado o desear\u00eda.<\/span><\/p>\n<p><span>Las reflexiones de Juan de Dios no dejanindiferente.<\/span><\/p>\n","protected":false},"excerpt":{"rendered":"<p>MART\u00cdN VELASCO, JUAN<\/p>\n","protected":false},"featured_media":1083447,"template":"","meta":{"_acf_changed":false,"om_disable_all_campaigns":false,"rs_blank_template":"","rs_page_bg_color":"","slide_template_v7":"","inline_featured_image":false,"_monsterinsights_skip_tracking":false,"_monsterinsights_sitenote_active":false,"_monsterinsights_sitenote_note":"","_monsterinsights_sitenote_category":0},"product_brand":[],"product_cat":[285,419],"product_tag":[],"class_list":{"0":"post-1083434","1":"product","2":"type-product","3":"status-publish","4":"has-post-thumbnail","6":"product_cat-pastoral-teologia","7":"product_cat-pastoral-teologia-1_espiritualidad","9":"first","10":"instock","11":"taxable","12":"shipping-taxable","13":"purchasable","14":"product-type-simple"},"acf":{"autor":"MART\u00cdN VELASCO, JUAN","codart":"842884337","libros-coleccion":"PASTORAL","ediciones":"1","encuadernacion":"R\u00fastica","fecha_de_publicacion":"12\/02\/2026","novedad":"1","paginas":"368","subtitulo":"","orden":"0","portada":"1","idioma":"spa","booktrailer":"","resenas":"","editorial":[{"ID":6335,"post_author":"3","post_date":"2022-07-28 17:49:59","post_date_gmt":"2022-07-28 15:49:59","post_content":"","post_title":"PPC altres","post_excerpt":"","post_status":"publish","comment_status":"closed","ping_status":"closed","post_password":"","post_name":"ppc-altres","to_ping":"","pinged":"","post_modified":"2022-07-28 17:49:59","post_modified_gmt":"2022-07-28 15:49:59","post_content_filtered":"","post_parent":0,"guid":"http:\/\/dev.claret.cat\/editorial\/ppc-altres\/","menu_order":0,"post_type":"editorial","post_mime_type":"","comment_count":"0","filter":"raw"}]},"aioseo_notices":[],"_links":{"self":[{"href":"https:\/\/www.claret.cat\/es\/wp-json\/wp\/v2\/product\/1083434","targetHints":{"allow":["GET"]}}],"collection":[{"href":"https:\/\/www.claret.cat\/es\/wp-json\/wp\/v2\/product"}],"about":[{"href":"https:\/\/www.claret.cat\/es\/wp-json\/wp\/v2\/types\/product"}],"wp:featuredmedia":[{"embeddable":true,"href":"https:\/\/www.claret.cat\/es\/wp-json\/wp\/v2\/media\/1083447"}],"wp:attachment":[{"href":"https:\/\/www.claret.cat\/es\/wp-json\/wp\/v2\/media?parent=1083434"}],"wp:term":[{"taxonomy":"product_brand","embeddable":true,"href":"https:\/\/www.claret.cat\/es\/wp-json\/wp\/v2\/product_brand?post=1083434"},{"taxonomy":"product_cat","embeddable":true,"href":"https:\/\/www.claret.cat\/es\/wp-json\/wp\/v2\/product_cat?post=1083434"},{"taxonomy":"product_tag","embeddable":true,"href":"https:\/\/www.claret.cat\/es\/wp-json\/wp\/v2\/product_tag?post=1083434"}],"curies":[{"name":"wp","href":"https:\/\/api.w.org\/{rel}","templated":true}]}}