{"id":1083458,"date":"2026-02-12T10:20:02","date_gmt":"2026-02-12T09:20:02","guid":{"rendered":"https:\/\/www.claret.cat\/llibre\/lultima-vegada-que-et-dic-adeu-9791387853228\/"},"modified":"2026-04-09T13:36:42","modified_gmt":"2026-04-09T11:36:42","slug":"lultima-vegada-que-et-dic-adeu-9791387853228","status":"publish","type":"product","link":"https:\/\/www.claret.cat\/es\/libro\/lultima-vegada-que-et-dic-adeu-9791387853228\/","title":{"rendered":"L&#8217;\u00daLTIMA VEGADA QUE ET DIC ADEU"},"content":{"rendered":"<p>Amb lucidesa, per\u00f2 tamb\u00e9 amb ironia, eleg\u00e0ncia i tendresa, <strong>Natza Farr\u00e9 dissecciona les seves experi\u00e8ncies com a germana petita d\u2019un drogo\u00adaddicte<\/strong>. Ho fa en primera persona, en <strong>un relat valent i sincer<\/strong> que no esquiva ni ensucra la in\u00adcomoditat. Com tantes altres fam\u00edlies que ho van patir, la seva era <strong>una fam\u00edlia de classe mit\u00adjana als vuitanta que es va trobar per primera vegada amb l\u2019hero\u00efna<\/strong> i totes les seves conseq\u00fc\u00e8ncies. A partir dels records i de la correspon\u00add\u00e8ncia familiar dibuixa un temps i fa, alhora, un retrat molt \u00edntim d\u2019<strong>una vida plena d\u2019esperances petites, vict\u00f2ries ef\u00edmeres i recaigudes<\/strong>. Amb una precisi\u00f3 brutal narra el silenci com a pacte col\u00b7lectiu i <strong>el pes de la culpa com a pres\u00f3 emocional<\/strong>. \u00abQuan he tornat a posar els dits al piano de casa els pares, hi he vist els seus dits pas\u00adsejant\u00ad-s\u2019hi. <strong>Crec que quan m\u00e9s l\u2019estimava era quan toc\u00e0vem junts<\/strong>.\u00bb \u00abHan hagut de passar molts anys fins que <strong>he sigut capa\u00e7 d\u2019escriure aquest llibre<\/strong>. Tenir un germ\u00e0 enganxat a l\u2019hero\u00efna m\u2019ha marcat tota la vida. Fins i tot molt temps despr\u00e9s de la seva mort. <strong>Per aix\u00f2 aquest llibre parla de mi.<\/strong> Al mateix temps, \u00e9s el testimoni d\u2019una \u00e8poca, amb records bons i dolents, en la qual <strong>no sab\u00edem res de les drogues ni dels germans<\/strong>.\u00bb \u2013 <strong>Natza Farr\u00e9<\/strong><\/p>\n","protected":false},"excerpt":{"rendered":"<p>NATZA FARR\u00c9<\/p>\n","protected":false},"featured_media":1095874,"template":"","meta":{"_acf_changed":false,"om_disable_all_campaigns":false,"rs_blank_template":"","rs_page_bg_color":"","slide_template_v7":"","inline_featured_image":false,"_monsterinsights_skip_tracking":false,"_monsterinsights_sitenote_active":false,"_monsterinsights_sitenote_note":"","_monsterinsights_sitenote_category":0},"product_brand":[],"product_cat":[127,357,312],"product_tag":[],"class_list":{"0":"post-1083458","1":"product","2":"type-product","3":"status-publish","4":"has-post-thumbnail","6":"product_cat-novella-contemporania","7":"product_cat-novela-contemporanea","8":"product_cat-portada","10":"first","11":"instock","12":"taxable","13":"shipping-taxable","14":"purchasable","15":"product-type-simple"},"acf":{"autor":"NATZA FARR\u00c9","codart":"138785322","libros-coleccion":"","ediciones":"1","encuadernacion":"R\u00fastica","fecha_de_publicacion":"01\/02\/2026","novedad":"1","paginas":"172","subtitulo":"","orden":"0","portada":"1","idioma":"cat","booktrailer":"","resenas":"","editorial":[{"ID":6122,"post_author":"3","post_date":"2022-07-28 17:45:22","post_date_gmt":"2022-07-28 15:45:22","post_content":"","post_title":"ANGLE EDITORIAL","post_excerpt":"","post_status":"publish","comment_status":"closed","ping_status":"closed","post_password":"","post_name":"angle-editorial","to_ping":"","pinged":"","post_modified":"2022-07-28 17:45:22","post_modified_gmt":"2022-07-28 15:45:22","post_content_filtered":"","post_parent":0,"guid":"http:\/\/dev.claret.cat\/editorial\/angle-editorial\/","menu_order":0,"post_type":"editorial","post_mime_type":"","comment_count":"0","filter":"raw"}]},"aioseo_notices":[],"_links":{"self":[{"href":"https:\/\/www.claret.cat\/es\/wp-json\/wp\/v2\/product\/1083458","targetHints":{"allow":["GET"]}}],"collection":[{"href":"https:\/\/www.claret.cat\/es\/wp-json\/wp\/v2\/product"}],"about":[{"href":"https:\/\/www.claret.cat\/es\/wp-json\/wp\/v2\/types\/product"}],"wp:featuredmedia":[{"embeddable":true,"href":"https:\/\/www.claret.cat\/es\/wp-json\/wp\/v2\/media\/1095874"}],"wp:attachment":[{"href":"https:\/\/www.claret.cat\/es\/wp-json\/wp\/v2\/media?parent=1083458"}],"wp:term":[{"taxonomy":"product_brand","embeddable":true,"href":"https:\/\/www.claret.cat\/es\/wp-json\/wp\/v2\/product_brand?post=1083458"},{"taxonomy":"product_cat","embeddable":true,"href":"https:\/\/www.claret.cat\/es\/wp-json\/wp\/v2\/product_cat?post=1083458"},{"taxonomy":"product_tag","embeddable":true,"href":"https:\/\/www.claret.cat\/es\/wp-json\/wp\/v2\/product_tag?post=1083458"}],"curies":[{"name":"wp","href":"https:\/\/api.w.org\/{rel}","templated":true}]}}