{"id":1083559,"date":"2026-02-12T12:35:02","date_gmt":"2026-02-12T11:35:02","guid":{"rendered":"https:\/\/www.claret.cat\/llibre\/instruccion-de-novicias-9791387748586\/"},"modified":"2026-04-16T19:06:15","modified_gmt":"2026-04-16T17:06:15","slug":"instruccion-de-novicias-9791387748586","status":"publish","type":"product","link":"https:\/\/www.claret.cat\/es\/libro\/instruccion-de-novicias-9791387748586\/","title":{"rendered":"INSTRUCCI\u00d3N DE NOVICIAS"},"content":{"rendered":"<p>Un recorrido fascinante por las vidas de las monjas del barroco y lo que ocurr\u00eda tras las puertas de los conventos. Doctoras por la universidad de Brown (EE.UU.), este es el resultado de m\u00e1s de 15 a\u00f1os de investigaci\u00f3n y entusiasmo hist\u00f3rico por el barroco.<\/p>\n<p>Por las creadoras del fen\u00f3meno Las Hijas de Felipe, el podcast que est\u00e1 reescribiendo el Barroco espa\u00f1ol desde las mujeres.<\/p>\n<p>Detr\u00e1s de los muros de un convento, reina el silencio, solo salpicado por el murmullo de las oraciones o los melismas de los cantos lit\u00fargicos. O as\u00ed es como solemos imaginarlo, pero la realidad es otra.<\/p>\n<p>En ese espacio gobernado por mujeres, las monjas de los siglos XVI y XVII desarrollaron un complejo entramado social, en el que ten\u00edan cabida el trabajo y la creatividad, la moda y la fama, la amistad y el amor, la pol\u00edtica y la econom\u00eda, y propusieron innovadoras soluciones a los agobios de la vida mundana. Todo ello habr\u00eda permanecido en secreto para el gran p\u00fablico de no ser por el exhaustivo trabajo de investigaci\u00f3n y divulgaci\u00f3n que han llevado a cabo, durante m\u00e1s de diez a\u00f1os, Carmen Urbita y Ana Garriga, las creadoras del podcast Las hijas de Felipe.<\/p>\n<p>Gracias a ellas \u2014y a los miles de cartas y tratados que han le\u00eddo\u2014, tenemos acceso a los consejos de Teresa de \u00c1vila para el buen gobierno econ\u00f3mico, a los trucos de Mar\u00eda de Jes\u00fas de \u00c1greda para estar en varios lugares al mismo tiempo, a la audacia de Ana de Jes\u00fas y Beatriz de la Concepci\u00f3n para sostener un amor contra todo, o a la rabia de sor Juana In\u00e9s de la Cruz para librarse, siglos antes del Me Too, del acoso de un confesor.<\/p>\n<p>Podemos asomarnos a ese mundo oculto: un espacio creado por mujeres y para mujeres, con otras formas de amar, cuidar, organizarse, crear y convivir. Y, sobre todo, podemos constatar que TODO LO QUE NOS PASA, YA LE PAS\u00d3 A UNA MONJA DEL BARROCO.<\/p>\n","protected":false},"excerpt":{"rendered":"<p>ANA GARRIGA<\/p>\n","protected":false},"featured_media":1083560,"template":"","meta":{"_acf_changed":false,"om_disable_all_campaigns":false,"rs_blank_template":"","rs_page_bg_color":"","slide_template_v7":"","inline_featured_image":false,"_monsterinsights_skip_tracking":false,"_monsterinsights_sitenote_active":false,"_monsterinsights_sitenote_note":"","_monsterinsights_sitenote_category":0},"product_brand":[],"product_cat":[92,542],"product_tag":[],"class_list":{"0":"post-1083559","1":"product","2":"type-product","3":"status-publish","4":"has-post-thumbnail","6":"product_cat-vida-religiosa","7":"product_cat-vida-religiosa-1_espiritualidad-spa","9":"first","10":"instock","11":"taxable","12":"shipping-taxable","13":"purchasable","14":"product-type-simple"},"acf":{"autor":"ANA GARRIGA","codart":"138774858","libros-coleccion":"","ediciones":"1","encuadernacion":"Carton\u00e9","fecha_de_publicacion":"01\/02\/2026","novedad":"1","paginas":"280","subtitulo":"VIDAS DEL CONVENTO BARROCO PARA GUIAR TU PRESENTE","orden":"0","portada":"1","idioma":"spa","booktrailer":"","resenas":"","editorial":[{"ID":6146,"post_author":"3","post_date":"2022-07-28 17:45:52","post_date_gmt":"2022-07-28 15:45:52","post_content":"","post_title":"Blackie Books","post_excerpt":"","post_status":"publish","comment_status":"closed","ping_status":"closed","post_password":"","post_name":"blackie-books","to_ping":"","pinged":"","post_modified":"2022-07-28 17:45:52","post_modified_gmt":"2022-07-28 15:45:52","post_content_filtered":"","post_parent":0,"guid":"http:\/\/dev.claret.cat\/editorial\/blackie-books\/","menu_order":0,"post_type":"editorial","post_mime_type":"","comment_count":"0","filter":"raw"}]},"aioseo_notices":[],"_links":{"self":[{"href":"https:\/\/www.claret.cat\/es\/wp-json\/wp\/v2\/product\/1083559","targetHints":{"allow":["GET"]}}],"collection":[{"href":"https:\/\/www.claret.cat\/es\/wp-json\/wp\/v2\/product"}],"about":[{"href":"https:\/\/www.claret.cat\/es\/wp-json\/wp\/v2\/types\/product"}],"wp:featuredmedia":[{"embeddable":true,"href":"https:\/\/www.claret.cat\/es\/wp-json\/wp\/v2\/media\/1083560"}],"wp:attachment":[{"href":"https:\/\/www.claret.cat\/es\/wp-json\/wp\/v2\/media?parent=1083559"}],"wp:term":[{"taxonomy":"product_brand","embeddable":true,"href":"https:\/\/www.claret.cat\/es\/wp-json\/wp\/v2\/product_brand?post=1083559"},{"taxonomy":"product_cat","embeddable":true,"href":"https:\/\/www.claret.cat\/es\/wp-json\/wp\/v2\/product_cat?post=1083559"},{"taxonomy":"product_tag","embeddable":true,"href":"https:\/\/www.claret.cat\/es\/wp-json\/wp\/v2\/product_tag?post=1083559"}],"curies":[{"name":"wp","href":"https:\/\/api.w.org\/{rel}","templated":true}]}}