{"id":1083737,"date":"2026-02-13T12:00:33","date_gmt":"2026-02-13T11:00:33","guid":{"rendered":"https:\/\/www.claret.cat\/llibre\/donde-esta-el-bebe-unicornio-9788467980271\/"},"modified":"2026-02-27T17:11:06","modified_gmt":"2026-02-27T16:11:06","slug":"donde-esta-el-bebe-unicornio-9788467980271","status":"publish","type":"product","link":"https:\/\/www.claret.cat\/es\/libro\/donde-esta-el-bebe-unicornio-9788467980271\/","title":{"rendered":"\u00bfDONDE ESTA EL BEBE UNICORNIO?"},"content":{"rendered":"<p>Sal en en busca de los Unicornios Arco\u00edris, unas poderosas criaturas que pueden conceder deseos a los unicornios, junto a estos beb\u00e9s dispuestos a todo con tal de vivir algo m\u00e1gico. \u00a1Y estate atengo! A lo largo del camino encontrar\u00e1n amigos y enemigos, y aportar\u00e1n su magia all\u00e1 donde vayan: a unestival de luces, a una casa bot\u00e1nica, a mil ciudades dinstintas&#8230; \u00bfPodr\u00e1s encontrar a los beb\u00e9s unicornio en cada escena?<\/p>\n","protected":false},"excerpt":{"rendered":"<p>PAUL MORAN<\/p>\n","protected":false},"featured_media":1083756,"template":"","meta":{"_acf_changed":false,"om_disable_all_campaigns":false,"rs_blank_template":"","rs_page_bg_color":"","slide_template_v7":"","inline_featured_image":false,"_monsterinsights_skip_tracking":false,"_monsterinsights_sitenote_active":false,"_monsterinsights_sitenote_note":"","_monsterinsights_sitenote_category":0},"product_brand":[],"product_cat":[131,361],"product_tag":[],"class_list":{"0":"post-1083737","1":"product","2":"type-product","3":"status-publish","4":"has-post-thumbnail","6":"product_cat-contes-per-infants-0-6-anys","7":"product_cat-cuentos-para-ninos-0-6-anos","9":"first","10":"instock","11":"taxable","12":"shipping-taxable","13":"purchasable","14":"product-type-simple"},"acf":{"autor":"PAUL MORAN","codart":"846798027","libros-coleccion":"","ediciones":"1","encuadernacion":"Carton\u00e9","fecha_de_publicacion":"01\/01\/2026","novedad":"1","paginas":"32","subtitulo":"","orden":"0","portada":"0","idioma":"spa","booktrailer":"","resenas":"","editorial":[{"ID":6315,"post_author":"3","post_date":"2022-07-28 17:49:33","post_date_gmt":"2022-07-28 15:49:33","post_content":"","post_title":"NORMA EDITORIAL S.A","post_excerpt":"","post_status":"publish","comment_status":"closed","ping_status":"closed","post_password":"","post_name":"norma-editorial-s-a","to_ping":"","pinged":"","post_modified":"2022-07-28 17:49:33","post_modified_gmt":"2022-07-28 15:49:33","post_content_filtered":"","post_parent":0,"guid":"http:\/\/dev.claret.cat\/editorial\/norma-editorial-s-a\/","menu_order":0,"post_type":"editorial","post_mime_type":"","comment_count":"0","filter":"raw"}]},"aioseo_notices":[],"_links":{"self":[{"href":"https:\/\/www.claret.cat\/es\/wp-json\/wp\/v2\/product\/1083737","targetHints":{"allow":["GET"]}}],"collection":[{"href":"https:\/\/www.claret.cat\/es\/wp-json\/wp\/v2\/product"}],"about":[{"href":"https:\/\/www.claret.cat\/es\/wp-json\/wp\/v2\/types\/product"}],"wp:featuredmedia":[{"embeddable":true,"href":"https:\/\/www.claret.cat\/es\/wp-json\/wp\/v2\/media\/1083756"}],"wp:attachment":[{"href":"https:\/\/www.claret.cat\/es\/wp-json\/wp\/v2\/media?parent=1083737"}],"wp:term":[{"taxonomy":"product_brand","embeddable":true,"href":"https:\/\/www.claret.cat\/es\/wp-json\/wp\/v2\/product_brand?post=1083737"},{"taxonomy":"product_cat","embeddable":true,"href":"https:\/\/www.claret.cat\/es\/wp-json\/wp\/v2\/product_cat?post=1083737"},{"taxonomy":"product_tag","embeddable":true,"href":"https:\/\/www.claret.cat\/es\/wp-json\/wp\/v2\/product_tag?post=1083737"}],"curies":[{"name":"wp","href":"https:\/\/api.w.org\/{rel}","templated":true}]}}