{"id":1083753,"date":"2026-02-13T12:30:02","date_gmt":"2026-02-13T11:30:02","guid":{"rendered":"https:\/\/www.claret.cat\/llibre\/un-himno-a-la-vida-9788426433213\/"},"modified":"2026-04-08T11:20:18","modified_gmt":"2026-04-08T09:20:18","slug":"un-himno-a-la-vida-9788426433213","status":"publish","type":"product","link":"https:\/\/www.claret.cat\/es\/libro\/un-himno-a-la-vida-9788426433213\/","title":{"rendered":"UN HIMNO A LA VIDA"},"content":{"rendered":"<p><span class='ql-size-large'>EL ILUMINADOR LIBRO DE MEMORIAS DE UNA HERO\u00cdNA DE NUESTRO TIEMPO. UN ACONTECIMIENTO EDITORIAL SIMULT\u00c1NEO EN 20 PA\u00cdSES.<\/span> <\/p>\n<p><\/p>\n<p>Una ma\u00f1ana de noviembre, <strong>Gis\u00e8le Pelicot <\/strong>fue llamada a una comisar\u00eda y la vida tal como la conoc\u00eda lleg\u00f3 a su fin. <\/p>\n<p><\/p>\n<p>Su marido hab\u00eda sido sorprendido por un guardia de seguridad de un supermercado grabando por debajo de la falda a varias mujeres. En su ordenador aparecieron otras <strong>pruebas devastadoras:<\/strong> durante casi una d\u00e9cada, hab\u00eda estado drog\u00e1ndola y viol\u00e1ndola en secreto, e invitando a desconocidos a su casa para que abusaran de ella. <\/p>\n<p><\/p>\n<p>Cuatro a\u00f1os despu\u00e9s, \u00e9l y otros cincuenta hombres fueron llevados a juicio, y el coraje de Gis\u00e8le al renunciar a su derecho al anonimato ocup\u00f3 los titulares en todo el mundo. <\/p>\n<p><\/p>\n<p><strong><em>\u00abLa verg\u00fcenza debe cambiar de bando\u00bb,<\/em><\/strong> declar\u00f3, dando voz y esperanza a millones de personas. Por primera vez, y con una franqueza y elegancia inquebrantables, Gis\u00e8le cuenta toda su historia, partiendo de esa fat\u00eddica ma\u00f1ana y reviviendo una infancia dif\u00edcil, su primer amor, su carrera, la maternidad, la intimidad de su matrimonio antes y despu\u00e9s del demoledor descubrimiento y el continuo af\u00e1n de buscar la felicidad, incluso cuando esta pueda parecer imposible, para reconstruirse. Escritas junto a la premiada periodista y novelista <strong>Judith Perrignon<\/strong>, estas luminosas memorias suponen un acontecimiento editorial mundial de enorme profundidad y trascendencia.<\/p>\n<p><\/p>\n<blockquote><p><em>\u00abNo pude dejar de leer. El alma, la profundidad: el impacto es c\u00f3smico; este libro va a tener una enorme trascendencia\u00bb.<\/em> <strong>Scott Moyers (editor de Penguin Press) <\/strong><\/p><\/blockquote>\n<blockquote><p><em>\u00abPelicot brinda un relato desafiante de la historia de su vida, no como v\u00edctima, sino como luchadora\u00bb<\/em>. T<strong>he New York Times (\u00abLibros de los que todo el mundo hablar\u00e1 en 2026\u00bb)<\/strong><\/p><\/blockquote>\n<blockquote><p><em>\u00abUn libro impresionantemente bueno [&#8230;], de profunda inteligencia, dignidad, belleza, poder, honestidad y humildad\u00bb. <\/em><strong>Martha Kanya-Forstner (editora de Knopf Canada)<\/strong> <\/p><\/blockquote>\n<blockquote><p><em>\u00abUn relato \u00edntimo de resistencia frente a la violencia patriarcal que se perfila comos\u00edmbolo confesional para debatir sobre justicia, trauma y escritura del yo\u00bb<\/em><strong>. Lucas M\u00e9ndez Chico-\u00c1lvarez, Art\u00edculo14 <\/strong><\/p><\/blockquote>\n<blockquote><p><em>\u00abUn s\u00edmbolo de fuerza y supervivencia, una fuente de inspiraci\u00f3n para mujeres y hombres. Gis\u00e8le nos ha mostrado el camino\u00bb. <\/em><strong>Gloria Steinem, Time Magazine <\/strong><\/p><\/blockquote>\n<blockquote><p><em>\u00abEncarna el hero\u00edsmo: una persona com\u00fan que realiza actos extraordinarios. [&#8230;] Su valiente lucha ha abierto una puerta infranqueable que ahora otras supervivientes sesienten con la libertad de cruzar\u00bb. <\/em><strong>Vivienne Walt, Time Magazine<\/strong> <\/p><\/blockquote>\n<blockquote><p><em>\u00abNadie olvidar\u00e1 este juicio: cambi\u00f3 muchas cosas [&#8230;]. Hoy, oigo hablar de mujeres v\u00edctimas de violaci\u00f3n que comparecen ante los tribunales e insisten en que las vistas sean p\u00fablicas \u201cporque Gis\u00e8le lo hizo\u201d\u00bb.<\/em> <strong>B\u00e9atrice Zavarro, The Guardian<\/strong><\/p><\/blockquote>\n<blockquote><p><em>\u00abEntre la entrada en\u00e9rgica pero preocupada [al juzgado] y la salida aliviada y globalizada, nos gustar\u00eda creer que un viejo mundo mis\u00f3gino y violento ha quedado enterrado. O al menos desenmascarado\u00bb. <\/em><strong>H\u00e9l\u00e8ne Devynck, El Pa\u00eds<\/strong> <\/p><\/blockquote>\n<blockquote><p><em>\u00abCada ma\u00f1ana, cuando Gis\u00e8le Pelicot llega al juzgado, decenas de simpatizantes, en su mayor\u00eda mujeres, ya est\u00e1n ah\u00ed esper\u00e1ndola. Cuando se marcha cada noche, se alinean [&#8230;] para aclamarla. [&#8230;] Elogian su valent\u00eda, su fortaleza y su dignidad\u00bb. <\/em><strong>The New York Times<\/strong><\/p><\/blockquote>\n","protected":false},"excerpt":{"rendered":"<p>GIS\u00c8LE PELICOT<\/p>\n","protected":false},"featured_media":1085917,"template":"","meta":{"_acf_changed":false,"om_disable_all_campaigns":false,"rs_blank_template":"","rs_page_bg_color":"","slide_template_v7":"","inline_featured_image":false,"_monsterinsights_skip_tracking":false,"_monsterinsights_sitenote_active":false,"_monsterinsights_sitenote_note":"","_monsterinsights_sitenote_category":0},"product_brand":[],"product_cat":[549,99],"product_tag":[],"class_list":{"0":"post-1083753","1":"product","2":"type-product","3":"status-publish","4":"has-post-thumbnail","6":"product_cat-biografias","7":"product_cat-biografies","9":"first","10":"instock","11":"taxable","12":"shipping-taxable","13":"purchasable","14":"product-type-simple"},"acf":{"autor":"GIS\u00c8LE PELICOT","codart":"842643321","libros-coleccion":"Narrativa","ediciones":"1","encuadernacion":"R\u00fastica","fecha_de_publicacion":"17\/02\/2026","novedad":"1","paginas":"251","subtitulo":"MI HISTORIA","orden":"0","portada":"0","idioma":"spa","booktrailer":"","resenas":"","editorial":[{"ID":6296,"post_author":"3","post_date":"2022-07-28 17:49:09","post_date_gmt":"2022-07-28 15:49:09","post_content":"","post_title":"LUMEN","post_excerpt":"","post_status":"publish","comment_status":"closed","ping_status":"closed","post_password":"","post_name":"lumen","to_ping":"","pinged":"","post_modified":"2022-07-28 17:49:09","post_modified_gmt":"2022-07-28 15:49:09","post_content_filtered":"","post_parent":0,"guid":"http:\/\/dev.claret.cat\/editorial\/lumen\/","menu_order":0,"post_type":"editorial","post_mime_type":"","comment_count":"0","filter":"raw"}],"linkebook":"","ficha":"","muestra":"","precioebook":"0","presentacion":""},"aioseo_notices":[],"_links":{"self":[{"href":"https:\/\/www.claret.cat\/es\/wp-json\/wp\/v2\/product\/1083753","targetHints":{"allow":["GET"]}}],"collection":[{"href":"https:\/\/www.claret.cat\/es\/wp-json\/wp\/v2\/product"}],"about":[{"href":"https:\/\/www.claret.cat\/es\/wp-json\/wp\/v2\/types\/product"}],"wp:featuredmedia":[{"embeddable":true,"href":"https:\/\/www.claret.cat\/es\/wp-json\/wp\/v2\/media\/1085917"}],"wp:attachment":[{"href":"https:\/\/www.claret.cat\/es\/wp-json\/wp\/v2\/media?parent=1083753"}],"wp:term":[{"taxonomy":"product_brand","embeddable":true,"href":"https:\/\/www.claret.cat\/es\/wp-json\/wp\/v2\/product_brand?post=1083753"},{"taxonomy":"product_cat","embeddable":true,"href":"https:\/\/www.claret.cat\/es\/wp-json\/wp\/v2\/product_cat?post=1083753"},{"taxonomy":"product_tag","embeddable":true,"href":"https:\/\/www.claret.cat\/es\/wp-json\/wp\/v2\/product_tag?post=1083753"}],"curies":[{"name":"wp","href":"https:\/\/api.w.org\/{rel}","templated":true}]}}